{"id":77,"date":"2025-06-28T13:24:32","date_gmt":"2025-06-28T13:24:32","guid":{"rendered":"https:\/\/kiri.iwn.co\/?page_id=77"},"modified":"2026-04-18T11:14:52","modified_gmt":"2026-04-18T09:14:52","slug":"hae-jaseneksi","status":"publish","type":"page","link":"https:\/\/kempeleenkiri.fi\/seura\/jasenyys\/hae-jaseneksi\/","title":{"rendered":"Hae j\u00e4seneksi"},"content":{"rendered":"\n<section id=\"g-pspngqn\" class=\"wp-block-gutentor-m3 alignfull section-g-pspngqn gutentor-module gutentor-container-cover\"><div class=\"grid-container\">\n<section id=\"g-sxfqihb\" class=\"wp-block-gutentor-m3 section-g-sxfqihb gutentor-module gutentor-container-cover\"><div class=\"grid-container\">\n<p><strong>Kempeleen Kiriss\u00e4 on voimassa perhej\u00e4senyys<\/strong> &#8211; perhetaloudesta yksi henkil\u00f6 hakee Kirin maksullista j\u00e4senyytt\u00e4 ja muut perhetalouden j\u00e4senet voivat hakea maksutonta j\u00e4senyytt\u00e4.&nbsp;<\/p>\n\n\n\n<p>(J\u00e4senyys haetaan vain kertaalleen kutakin henkil\u00f6\u00e4 kohden. Se on voimassa siihen asti, kun perhetalous maksaa vuotuisen j\u00e4senmaksun tai henkil\u00f6 ilmoittaa haluavansa lopettaa j\u00e4senyytens\u00e4 l\u00e4hett\u00e4m\u00e4ll\u00e4 s\u00e4hk\u00f6postia osoitteeseen <a href=\"mailto:jasenasiat@kempeleenkiri.fi\" target=\"_blank\" rel=\"noreferrer noopener\">jasenasiat@kempeleenkiri.fi<\/a> otsikolla &#8220;j\u00e4senyyden poisto&#8221;)<\/p>\n\n\n\n<p>Kun perhetaloudesta joku harrastaa aktiivisesti urheilua Kiriss\u00e4, niin seura toivoo muidenkin perheenj\u00e4senten tulevan seuran j\u00e4seniksi ja <strong>edellytt\u00e4\u00e4 v\u00e4hint\u00e4inkin urheilijan olevan seuran j\u00e4sen<\/strong> &#8211; alaik\u00e4isten harrastajien kohdalla t\u00e4m\u00e4 tarkoittaa, ett\u00e4 vanhemmista toinen on maksullinen j\u00e4sen ja itse harrastaja maksuton j\u00e4sen.<\/p>\n\n\n\n<p><strong>J\u00e4senyyden hakeminen<\/strong><\/p>\n\n\n\n<p>&#8211; maksullinen j\u00e4sen&nbsp;<a href=\"https:\/\/www.suomisport.fi\/events\/f3632223-eddc-4b98-8861-3722e9f53da1\" target=\"_blank\" rel=\"noreferrer noopener\">https:\/\/www.suomisport.fi\/events\/f3632223-eddc-4b98-8861-3722e9f53da1<\/a>&nbsp;<\/p>\n\n\n\n<p>&#8211; maksuton j\u00e4sen&nbsp;&nbsp;<a href=\"https:\/\/www.suomisport.fi\/events\/4114611f-7cdf-421d-a9f3-3130bb7f054d\" target=\"_blank\" rel=\"noreferrer noopener\">https:\/\/www.suomisport.fi\/events\/4114611f-7cdf-421d-a9f3-3130bb7f054d<\/a><\/p>\n\n\n\n<p>&#8211; kannattajaj\u00e4sen&nbsp;<strong>&nbsp;<\/strong><a href=\"https:\/\/www.suomisport.fi\/events\/0a2dcf40-ff59-4909-8ad5-17015af1acf8\" target=\"_blank\" rel=\"noreferrer noopener\">https:\/\/www.suomisport.fi\/events\/0a2dcf40-ff59-4909-8ad5-17015af1acf8<\/a>&nbsp;<\/p>\n\n\n\n<p>Kempeleen Kirin j\u00e4senrekisteri\u00e4 hoidetaan nykyisin Suomisport.fi -palvelun kautta (kuten tekev\u00e4t useimmat muutkin urheiluseurat Suomessa).&nbsp; Suomisportin kautta saamme vaatimusten mukaisen henkil\u00f6tietoturvan j\u00e4senrekisterillemme. Kun j\u00e4senyys hoidetaan&nbsp;Suomisportin kautta,niin j\u00e4senyys todistetaan omaa \u00e4lypuhelinta k\u00e4ytt\u00e4en Suomisporttiin ensin kirjautuen. Suomisporttia on helppo k\u00e4ytt\u00e4\u00e4&nbsp;\u00e4lypuhelimella&nbsp;suomisport-sovelluksella.<\/p>\n\n\n\n<p>Vuotuisten j\u00e4senmaksujen suuruudet t\u00e4ll\u00e4 hetkell\u00e4:<\/p>\n\n\n\n<p>&#8211; kannattajaj\u00e4sen 100\u20ac<\/p>\n\n\n\n<p>&#8211; perhej\u00e4senyys 40\u20ac<\/p>\n\n\n\n<p>Suomisportti vaatii rekister\u00f6itymisen, josta l\u00f6ytyy palvelun omilta sivuilta hyv\u00e4t ohjeet. <strong>Mutta jos et kuitenkaan jostain syyst\u00e4 voi Suomisporttia k\u00e4ytt\u00e4\u00e4,&nbsp; niin maksa Kirin vuotuinen j\u00e4senmaksu tilille FI<\/strong><strong>31 2331 1800 0179 27<\/strong><strong>&nbsp; &nbsp;ja laita maksun viestiin nimesi, osoitteesi ja puhelinnumerosi, niin toimitamme sinulle j\u00e4senkortin.<\/strong> Suomisporttin kautta j\u00e4senyytens\u00e4 hoitavat k\u00e4ytt\u00e4v\u00e4t \u00e4lypuhelintaan j\u00e4senkorttina.&nbsp;<\/p>\n\n\n\n<p>Linkki tietosuojaselosteeseen:\u00a0\u00a0<a href=\"https:\/\/kempeleenkiri.fi\/tietosuojaseloste\/\">https:\/\/kempeleenkiri.fi\/tietosuojaseloste\/<\/a><\/p>\n\n\n\n<p>Linkki j\u00e4senetuihin:\u00a0<a href=\"https:\/\/kempeleenkiri.fi\/jasenedut\/\">https:\/\/kempeleenkiri.fi\/jasenedut\/<\/a><\/p>\n<\/div><\/section>\n<\/div><\/section>\n\n\n\n<p><\/p>\n","protected":false},"excerpt":{"rendered":"","protected":false},"author":3,"featured_media":0,"parent":20,"menu_order":0,"comment_status":"closed","ping_status":"closed","template":"","meta":{"_acf_changed":false,"footnotes":""},"class_list":["post-77","page","type-page","status-publish"],"acf":[],"_links":{"self":[{"href":"https:\/\/kempeleenkiri.fi\/seura\/wp-json\/wp\/v2\/pages\/77","targetHints":{"allow":["GET"]}}],"collection":[{"href":"https:\/\/kempeleenkiri.fi\/seura\/wp-json\/wp\/v2\/pages"}],"about":[{"href":"https:\/\/kempeleenkiri.fi\/seura\/wp-json\/wp\/v2\/types\/page"}],"author":[{"embeddable":true,"href":"https:\/\/kempeleenkiri.fi\/seura\/wp-json\/wp\/v2\/users\/3"}],"replies":[{"embeddable":true,"href":"https:\/\/kempeleenkiri.fi\/seura\/wp-json\/wp\/v2\/comments?post=77"}],"version-history":[{"count":5,"href":"https:\/\/kempeleenkiri.fi\/seura\/wp-json\/wp\/v2\/pages\/77\/revisions"}],"predecessor-version":[{"id":257,"href":"https:\/\/kempeleenkiri.fi\/seura\/wp-json\/wp\/v2\/pages\/77\/revisions\/257"}],"up":[{"embeddable":true,"href":"https:\/\/kempeleenkiri.fi\/seura\/wp-json\/wp\/v2\/pages\/20"}],"wp:attachment":[{"href":"https:\/\/kempeleenkiri.fi\/seura\/wp-json\/wp\/v2\/media?parent=77"}],"curies":[{"name":"wp","href":"https:\/\/api.w.org\/{rel}","templated":true}]}}