{"id":24,"date":"2025-06-27T09:58:16","date_gmt":"2025-06-27T09:58:16","guid":{"rendered":"https:\/\/kiri.iwn.co\/?page_id=24"},"modified":"2026-04-18T10:31:08","modified_gmt":"2026-04-18T08:31:08","slug":"yhteystiedot","status":"publish","type":"page","link":"https:\/\/kempeleenkiri.fi\/seura\/yhteystiedot\/","title":{"rendered":"Yhteystiedot"},"content":{"rendered":"\n<section id=\"g-bxsspi7\" class=\"wp-block-gutentor-m3 alignfull section-g-bxsspi7 gutentor-module gutentor-container-cover\"><div class=\"grid-container\">\n<section id=\"g-fi9llfz\" class=\"wp-block-gutentor-m4 section-g-fi9llfz gutentor-module gutentor-advanced-columns\"><div class=\"grid-container\"><div class=\"grid-row\">\n<div id=\"col-g-ik1534u\" class=\"wp-block-gutentor-m4-col col-g-ik1534u gutentor-single-column  grid-lg-5 grid-md-12 grid-12\"><div id=\"section-g-ik1534u\" class=\"section-g-ik1534u gutentor-col-wrap\">\n<div id=\"section-g-xi97cjj\" class=\"wp-block-gutentor-e1 section-g-xi97cjj gutentor-element gutentor-element-advanced-text\"><div class=\"gutentor-text-wrap\"><h4 class=\"gutentor-text\">Puheenjohtaja<br>Ahti Tahkola<\/h4><\/div><\/div>\n\n\n\n<div id=\"section-g-jn47ssz\" class=\"wp-block-gutentor-e0 section-g-jn47ssz gutentor-element gutentor-element-advanced-text\"><div class=\"gutentor-text-wrap\"><p class=\"gutentor-text\">ahti.tahkola (at) mail.suomi.net<br>0400-527423<\/p><\/div><\/div>\n\n\n\n<section id=\"section-g-1n1137j\" class=\"wp-block-gutentor-divider section-g-1n1137j gutentor-element gutentor-section gutentor-divider text-left\"><div class=\"grid-container gutentor-rm-ct-space-d gutentor-rm-ct-space-t gutentor-rm-ct-space\"><div class=\"gutentor-divider-box\"><span class=\"gutentor-divider-separator\"><\/span><\/div><\/div><\/section>\n\n\n\n<div id=\"section-g-glskss5\" class=\"wp-block-gutentor-e1 section-g-glskss5 gutentor-element gutentor-element-advanced-text\"><div class=\"gutentor-text-wrap\"><h4 class=\"gutentor-text\">Sihteeri<br>Leena Pellikka<\/h4><\/div><\/div>\n\n\n\n<div id=\"section-g-7cipete\" class=\"wp-block-gutentor-e0 section-g-7cipete gutentor-element gutentor-element-advanced-text\"><div class=\"gutentor-text-wrap\"><p class=\"gutentor-text\">leena.pellikka (at) mail.suomi.net<br>044-5128765<\/p><\/div><\/div>\n\n\n\n<section id=\"section-g-8lllu8z\" class=\"wp-block-gutentor-divider section-g-8lllu8z gutentor-element gutentor-section gutentor-divider text-left\"><div class=\"grid-container gutentor-rm-ct-space-d gutentor-rm-ct-space-t gutentor-rm-ct-space\"><div class=\"gutentor-divider-box\"><span class=\"gutentor-divider-separator\"><\/span><\/div><\/div><\/section>\n<\/div><\/div>\n\n\n\n<div id=\"col-g-scskki1\" class=\"wp-block-gutentor-m4-col col-g-scskki1 gutentor-single-column  grid-lg-7 grid-md-12 grid-12\"><div id=\"section-g-scskki1\" class=\"section-g-scskki1 gutentor-col-wrap has-color-bg has-custom-bg\">\n<div id=\"section-g-k4v9211\" class=\"wp-block-gutentor-e1 section-g-k4v9211 gutentor-element gutentor-element-advanced-text\"><div class=\"gutentor-text-wrap\"><h3 class=\"gutentor-text\">Alla olevalla lomakkeella voitte ottaa yhteytt\u00e4 tai pyyt\u00e4\u00e4 tarjousta!<\/h3><\/div><\/div>\n\n\n\n<div class=\"wpcf7 no-js\" id=\"wpcf7-f190-o1\" lang=\"en-US\" dir=\"ltr\" data-wpcf7-id=\"190\">\n<div class=\"screen-reader-response\"><p role=\"status\" aria-live=\"polite\" aria-atomic=\"true\"><\/p> <ul><\/ul><\/div>\n<form action=\"\/seura\/wp-json\/wp\/v2\/pages\/24#wpcf7-f190-o1\" method=\"post\" class=\"wpcf7-form init\" aria-label=\"Contact form\" novalidate=\"novalidate\" data-status=\"init\">\n<fieldset class=\"hidden-fields-container\"><input type=\"hidden\" name=\"_wpcf7\" value=\"190\" \/><input type=\"hidden\" name=\"_wpcf7_version\" value=\"6.1.5\" \/><input type=\"hidden\" name=\"_wpcf7_locale\" value=\"en_US\" \/><input type=\"hidden\" name=\"_wpcf7_unit_tag\" value=\"wpcf7-f190-o1\" \/><input type=\"hidden\" name=\"_wpcf7_container_post\" value=\"0\" \/><input type=\"hidden\" name=\"_wpcf7_posted_data_hash\" value=\"\" \/>\n<\/fieldset>\n<div class=\"contact_form_wrapper\">\n\t<div class=\"field_row\">\n\t\t<div class=\"field_item\">\n\t\t\t<p><label>Nimi <span>*<\/span><\/label><br \/>\n<span class=\"wpcf7-form-control-wrap\" data-name=\"your-name\"><input size=\"40\" maxlength=\"400\" class=\"wpcf7-form-control wpcf7-text wpcf7-validates-as-required form-control\" autocomplete=\"name\" aria-required=\"true\" aria-invalid=\"false\" placeholder=\"Nimi\" value=\"\" type=\"text\" name=\"your-name\" \/><\/span>\n\t\t\t<\/p>\n\t\t<\/div>\n\t<\/div>\n\t<div class=\"field_row\">\n\t\t<div class=\"field_item\">\n\t\t\t<p><label>Puhelinnumero <span>*<\/span><\/label><br \/>\n<span class=\"wpcf7-form-control-wrap\" data-name=\"tel-746\"><input size=\"40\" maxlength=\"400\" class=\"wpcf7-form-control wpcf7-tel wpcf7-validates-as-required wpcf7-text wpcf7-validates-as-tel form-control\" aria-required=\"true\" aria-invalid=\"false\" placeholder=\"Puhelinnumero\" value=\"\" type=\"tel\" name=\"tel-746\" \/><\/span>\n\t\t\t<\/p>\n\t\t<\/div>\n\t<\/div>\n\t<div class=\"field_row\">\n\t\t<div class=\"field_item\">\n\t\t\t<p><label>S\u00e4hk\u00f6postiosoite <span>*<\/span><\/label><br \/>\n<span class=\"wpcf7-form-control-wrap\" data-name=\"your-email\"><input size=\"40\" maxlength=\"400\" class=\"wpcf7-form-control wpcf7-email wpcf7-validates-as-required wpcf7-text wpcf7-validates-as-email form-control\" autocomplete=\"email\" aria-required=\"true\" aria-invalid=\"false\" placeholder=\"S\u00e4hk\u00f6postiosoite\" value=\"\" type=\"email\" name=\"your-email\" \/><\/span>\n\t\t\t<\/p>\n\t\t<\/div>\n\t\t<div class=\"field_row\">\n\t\t\t<div class=\"field_item\">\n\t\t\t\t<p><label>Viesti <span>*<\/span><\/label><br \/>\n<span class=\"wpcf7-form-control-wrap\" data-name=\"your-message\"><textarea cols=\"40\" rows=\"10\" maxlength=\"2000\" class=\"wpcf7-form-control wpcf7-textarea wpcf7-validates-as-required form-control\" aria-required=\"true\" aria-invalid=\"false\" placeholder=\"Viesti\" name=\"your-message\"><\/textarea><\/span>\n\t\t\t\t<\/p>\n\t\t\t<\/div>\n\t\t<\/div>\n\t\t<div class=\"field_row field_button\">\n\t\t\t<div class=\"field_item\">\n\t\t\t\t<p><input class=\"wpcf7-form-control wpcf7-submit has-spinner\" type=\"submit\" value=\"L\u00e4het\u00e4\" \/>\n\t\t\t\t<\/p>\n\t\t\t<\/div>\n\t\t<\/div>\n\t<\/div>\n<\/div><div class=\"wpcf7-response-output\" aria-hidden=\"true\"><\/div>\n<\/form>\n<\/div>\n\n<\/div><\/div>\n<\/div><\/div><\/section>\n<\/div><\/section>\n\n\n\n<p><\/p>\n","protected":false},"excerpt":{"rendered":"","protected":false},"author":3,"featured_media":0,"parent":0,"menu_order":0,"comment_status":"closed","ping_status":"closed","template":"","meta":{"_acf_changed":false,"footnotes":""},"class_list":["post-24","page","type-page","status-publish"],"acf":[],"_links":{"self":[{"href":"https:\/\/kempeleenkiri.fi\/seura\/wp-json\/wp\/v2\/pages\/24","targetHints":{"allow":["GET"]}}],"collection":[{"href":"https:\/\/kempeleenkiri.fi\/seura\/wp-json\/wp\/v2\/pages"}],"about":[{"href":"https:\/\/kempeleenkiri.fi\/seura\/wp-json\/wp\/v2\/types\/page"}],"author":[{"embeddable":true,"href":"https:\/\/kempeleenkiri.fi\/seura\/wp-json\/wp\/v2\/users\/3"}],"replies":[{"embeddable":true,"href":"https:\/\/kempeleenkiri.fi\/seura\/wp-json\/wp\/v2\/comments?post=24"}],"version-history":[{"count":2,"href":"https:\/\/kempeleenkiri.fi\/seura\/wp-json\/wp\/v2\/pages\/24\/revisions"}],"predecessor-version":[{"id":247,"href":"https:\/\/kempeleenkiri.fi\/seura\/wp-json\/wp\/v2\/pages\/24\/revisions\/247"}],"wp:attachment":[{"href":"https:\/\/kempeleenkiri.fi\/seura\/wp-json\/wp\/v2\/media?parent=24"}],"curies":[{"name":"wp","href":"https:\/\/api.w.org\/{rel}","templated":true}]}}