{"id":151,"date":"2025-12-02T11:12:07","date_gmt":"2025-12-02T11:12:07","guid":{"rendered":"https:\/\/kiri.iwn.co\/?page_id=147"},"modified":"2025-12-05T14:17:04","modified_gmt":"2025-12-05T14:17:04","slug":"meista","status":"publish","type":"page","link":"https:\/\/kempeleenkiri.fi\/seura\/meista\/","title":{"rendered":"Meist\u00e4"},"content":{"rendered":"\n<section id=\"g-l4mf7lh\" class=\"wp-block-gutentor-m3 alignfull section-g-l4mf7lh gutentor-module gutentor-container-cover\"><div class=\"grid-container\">\n<section id=\"g-9xqn5y1\" class=\"wp-block-gutentor-m3 section-g-9xqn5y1 gutentor-module gutentor-container-cover\"><div class=\"grid-container\">\n<p>Kempeleen Kiri on alkujaan Kempeleen Nuorisoseuran alajaokseksi&nbsp;vuonna 1915&nbsp;perustettu urheiluseura. Nykyisell\u00e4\u00e4n seurassa on toimintaa hiihdossa, yleisurheilussa ja pes\u00e4pallossa. Kutakin Kiriss\u00e4 harrastettavaa urheilumuotoa kohden on oma jaostonsa, jotka taas toimivat johtokunnan ohjaamina. Johtokuntaan kuuluu on 2-3 edustajaa jaostoa kohden, puheenjohtaja ja sihteeri.<\/p>\n\n\n\n<p>Kiri on juuriltaan vahvasti kempelel\u00e4inen, mutta tarjoaa nykyisell\u00e4\u00e4n harrastusmahdollisuuksia ja n\u00e4ht\u00e4v\u00e4\u00e4 koko Oulua ymp\u00e4r\u00f6iv\u00e4lle seutukunnalle ja miesten Superpesist\u00e4 pelaavan joukkueemme kautta Kiri ja Kempele n\u00e4kyy ymp\u00e4ri Suomea.<\/p>\n\n\n\n<p>Kiri toimii minimuotoisesti<\/p>\n\n\n\n<p>&#8211; lajikohtaiset liikkarit ja koulut 4-7 vuotiaille urheilua aloitteleville<\/p>\n\n\n\n<p>&#8211; harjoitteluryhm\u00e4t ja joukkueet lapsille ja nuorisolle<\/p>\n\n\n\n<p>&#8211; varttuneempien nuorten kilpailulliset ryhm\u00e4t<\/p>\n\n\n\n<p>&#8211; valtakunnan huippua edustava miesten superpesisjoukkue<\/p>\n\n\n\n<p>&#8211; harrastetasolla toimivat aikuisten pesisjoukkueet&nbsp;+ ik\u00e4miesturnauksiin osallistuvat joukkueet<\/p>\n\n\n\n<p>&#8211; aktiivinen tuomaritoiminta<\/p>\n\n\n\n<p>&#8211; aktiivinen talkootoiminta tukemassa tapahtumien j\u00e4rjestelyit\u00e4, liikuntapaikkojen yll\u00e4pitoa ja kehitt\u00e4mist\u00e4<\/p>\n\n\n\n<p>Seuran vuosikokouksessa seuran j\u00e4senill\u00e4 on mahdollisuus vaikuttaa jaostojen ja johtokunnan kokoonpanoihin ja muihinkin johtokunnan vuosikokouslistalla oleviin asioihin. Vuosikokous on tammi- helmikuun vaihteessa ja siit\u00e4 on ilmoitukset Kirin nettisivuilla Ajankohtaista-osiossa ja Rantalakeus-lehdess\u00e4.<\/p>\n\n\n\n<p>Vuoden 2025 toimihenkil\u00f6tietoja:<\/p>\n\n\n\n<p>Johtokunnan ja seuran puheenjohtaja:&nbsp; Ahti Tahkola puh. 0400-527423<\/p>\n\n\n\n<p>Hiihtojaoston puheenjohtaja: Juha Korpela puh. 040-5712062<\/p>\n\n\n\n<p>Pes\u00e4pallojaoston puheenjohtaja: Juha-Matti Ranta puh. 044-5664999<\/p>\n\n\n\n<p>Yleisurheilujaoston puheenjohtaja: Jari Ohukainen puh. 040-5558744<\/p>\n<\/div><\/section>\n<\/div><\/section>\n","protected":false},"excerpt":{"rendered":"","protected":false},"author":4,"featured_media":0,"parent":0,"menu_order":0,"comment_status":"closed","ping_status":"closed","template":"","meta":{"_acf_changed":false,"footnotes":""},"class_list":["post-151","page","type-page","status-publish"],"acf":[],"_links":{"self":[{"href":"https:\/\/kempeleenkiri.fi\/seura\/wp-json\/wp\/v2\/pages\/151","targetHints":{"allow":["GET"]}}],"collection":[{"href":"https:\/\/kempeleenkiri.fi\/seura\/wp-json\/wp\/v2\/pages"}],"about":[{"href":"https:\/\/kempeleenkiri.fi\/seura\/wp-json\/wp\/v2\/types\/page"}],"author":[{"embeddable":true,"href":"https:\/\/kempeleenkiri.fi\/seura\/wp-json\/wp\/v2\/users\/4"}],"replies":[{"embeddable":true,"href":"https:\/\/kempeleenkiri.fi\/seura\/wp-json\/wp\/v2\/comments?post=151"}],"version-history":[{"count":2,"href":"https:\/\/kempeleenkiri.fi\/seura\/wp-json\/wp\/v2\/pages\/151\/revisions"}],"predecessor-version":[{"id":194,"href":"https:\/\/kempeleenkiri.fi\/seura\/wp-json\/wp\/v2\/pages\/151\/revisions\/194"}],"wp:attachment":[{"href":"https:\/\/kempeleenkiri.fi\/seura\/wp-json\/wp\/v2\/media?parent=151"}],"curies":[{"name":"wp","href":"https:\/\/api.w.org\/{rel}","templated":true}]}}