{"id":944,"date":"2025-11-12T09:41:28","date_gmt":"2025-11-12T09:41:28","guid":{"rendered":"https:\/\/kiripesis.iwn.co\/?page_id=944"},"modified":"2025-12-03T11:47:30","modified_gmt":"2025-12-03T11:47:30","slug":"ajankohtaista","status":"publish","type":"page","link":"https:\/\/kempeleenkiri.fi\/pesis\/ajankohtaista\/","title":{"rendered":"Ajankohtaista"},"content":{"rendered":"\n<section id=\"g-69wb5x1\" class=\"wp-block-gutentor-m3 alignfull section-g-69wb5x1 gutentor-module gutentor-container-cover\"><div class=\"grid-container\">\n<section id=\"g-4j7hp7c\" class=\"wp-block-gutentor-m3 section-g-4j7hp7c gutentor-module gutentor-container-cover ajankohtaista-cover\"><div class=\"grid-container\">\n<section id=\"g-ywry112\" class=\"wp-block-gutentor-p4 section-g-ywry112 gutentor-post-module gutentor-advanced-post-module\" data-gpid=\"944\" data-l-ani=\"gp4-animation-1\" data-i-b=\"gutentor\/p1\" data-maxnumpages=\"3\">\n<div id=\"section-g-p21nh31\" class=\"wp-block-gutentor-e16 section-g-p21nh31 gutentor-element gutentor-post-header d-none\"><div class=\"grid-container\"><div class=\"grid-row\">\n<div id=\"col-g-8ns6r21\" class=\"wp-block-gutentor-e15 gutentor-single-column  grid-lg-5 grid-md-5 grid-5\"><div id=\"section-g-8ns6r21\" class=\"section-g-8ns6r21 gutentor-col-wrap\">\n<div id=\"section-g-ztx9nrx\" class=\"wp-block-gutentor-e0 section-g-ztx9nrx gutentor-element gutentor-element-advanced-text\"><div class=\"gutentor-text-wrap\"><h3 class=\"gutentor-text\">Gutentor Simple Text<\/h3><\/div><\/div>\n\n\n\n<div id=\"section-g-1o8v13p\" class=\"wp-block-gutentor-e0 section-g-1o8v13p gutentor-element gutentor-element-advanced-text\"><div class=\"gutentor-text-wrap\"><p class=\"gutentor-text\">Gutentor Simple Text<\/p><\/div><\/div>\n<\/div><\/div>\n\n\n\n<div id=\"col-g-3lw39y9\" class=\"wp-block-gutentor-e15 gutentor-single-column  grid-lg-5 grid-md-5 grid-5\"><div id=\"section-g-3lw39y9\" class=\"section-g-3lw39y9 gutentor-col-wrap\">\n<div id=\"section-g-1knhn92\" class=\"wp-block-gutentor-e14 section-g-1knhn92 gutentor-element gutentor-element-term-filter text-align-center-desktop text-align-center-tablet text-align-left-mobile\"><div class=\"gutentor-filter-navigation\" data-gtax=\"category\" data-gpost=\"post\"><div class=\"gutentor-filter-wrap\"><ul class=\"gutentor-filter-list g-responsive-menu\"><li class=\"gutentor-filter-item\"><a href=\"#\" class=\"g-active\" data-gterm=\"gAll\" data-all-opt=\"all\">All<\/a><\/li><\/ul><\/div><\/div><\/div>\n<\/div><\/div>\n\n\n\n<div id=\"col-g-z8dmdz1\" class=\"wp-block-gutentor-e15 gutentor-single-column  grid-lg-2 grid-md-2 grid-2\"><div id=\"section-g-z8dmdz1\" class=\"section-g-z8dmdz1 gutentor-col-wrap\">\n<div id=\"section-g-z9n2n1p\" class=\"wp-block-gutentor-e13 section-g-z9n2n1p gutentor-element gutentor-element-navigation text-align-right-desktop text-align-right-tablet text-align-left-mobile\"><div class=\"gutentor-navigation\" data-gpage=\"1\"><ul class=\"gutentor-next-prev\"><li><a class=\"gutentor-disabled g-nav-prev\"><i class=\"fas fa-chevron-left\"><\/i><\/a><\/li><li><a class=\"g-nav-next\"><i class=\"fas fa-chevron-right\"><\/i><\/a><\/li><\/ul><\/div><\/div>\n<\/div><\/div>\n<\/div><\/div><\/div>\n\n\n<section class=\"gutentor-post-module section-g-n98nd18 gutentor-post-module-p1 gutentor_p1_template1 wp-block-gutentor-p1 gutentor-blog-grid\" id=\"g-n98nd18\" data-gbid=\"g-n98nd18\">\n<div class='grid-container'><div class='grid-row'><article class='gutentor-post  grid-lg-4 grid-md-6 grid-12'><div class='gutentor-post-item'><div class='gutentor-post-image-box'><div class=\"gutentor-image-thumb\"><img loading=\"lazy\" decoding=\"async\" width=\"1653\" height=\"1715\" src=\"https:\/\/kempeleenkiri.fi\/pesis\/wp-content\/uploads\/sites\/3\/2026\/04\/KeKi_urheiluseura.png\" class=\"attachment-full size-full wp-post-image\" alt=\"\" \/><\/div><\/div><div class=\"gutentor-post-title-data-wrap\"><h5 class=\"gutentor-post-title\"><a href=\"https:\/\/kempeleenkiri.fi\/pesis\/kunnariketun-pesisliikkari-kesa-2026\/\" rel=\"bookmark\">KES\u00c4N 2026 PESISLIIKKARI ja -KOULU<\/a><\/h5><\/div><div class=\"gutentor-entry-meta gutentor-entry-meta-primary\"><div class=\"posted-on\"><i class=\"far fa-calendar-alt\"><\/i><a href=\"https:\/\/kempeleenkiri.fi\/pesis\/kunnariketun-pesisliikkari-kesa-2026\/\" rel=\"bookmark\">13.04.2026<\/a><\/div><\/div><div class=\"gutentor-post-desc\">Kirin Kunnarikettu pesisliikkariin\u00a0sek\u00e4\u00a0Kirin ja Pohjolan OP:n pesiskouluun\u00a0ilmoittautumiset ovat al&hellip;<\/div><a class=\"gutentor-button gutentor-post-button\" href=\"https:\/\/kempeleenkiri.fi\/pesis\/kunnariketun-pesisliikkari-kesa-2026\/\"><span>Lue lis\u00e4\u00e4<\/span><\/a><\/div><\/article><article class='gutentor-post  grid-lg-4 grid-md-6 grid-12'><div class='gutentor-post-item'><div class='gutentor-post-image-box'><div class=\"gutentor-image-thumb\"><img loading=\"lazy\" decoding=\"async\" width=\"350\" height=\"200\" src=\"https:\/\/kempeleenkiri.fi\/pesis\/wp-content\/uploads\/sites\/3\/2026\/03\/Pihlajalinna.webp\" class=\"attachment-full size-full wp-post-image\" alt=\"\" \/><\/div><\/div><div class=\"gutentor-post-title-data-wrap\"><h5 class=\"gutentor-post-title\"><a href=\"https:\/\/kempeleenkiri.fi\/pesis\/kempeleen-kiri-ja-pihlajalinna-terveytta-ja-turvaa-huippu-urheiluun-lapsille-nuorille-kaikille\/\" rel=\"bookmark\">Kempeleen Kiri ja Pihlajalinna, terveytt\u00e4 ja turvaa huippu-urheiluun, lapsille, nuorille, kaikille.<\/a><\/h5><\/div><div class=\"gutentor-entry-meta gutentor-entry-meta-primary\"><div class=\"posted-on\"><i class=\"far fa-calendar-alt\"><\/i><a href=\"https:\/\/kempeleenkiri.fi\/pesis\/kempeleen-kiri-ja-pihlajalinna-terveytta-ja-turvaa-huippu-urheiluun-lapsille-nuorille-kaikille\/\" rel=\"bookmark\">16.03.2026<\/a><\/div><\/div><div class=\"gutentor-post-desc\">Kempeleen Kirin miesten superpesisjoukkueen terveyden turvaa jatkossakin Pihlajalinna kun monivuotin&hellip;<\/div><a class=\"gutentor-button gutentor-post-button\" href=\"https:\/\/kempeleenkiri.fi\/pesis\/kempeleen-kiri-ja-pihlajalinna-terveytta-ja-turvaa-huippu-urheiluun-lapsille-nuorille-kaikille\/\"><span>Lue lis\u00e4\u00e4<\/span><\/a><\/div><\/article><article class='gutentor-post  grid-lg-4 grid-md-6 grid-12'><div class='gutentor-post-item'><div class='gutentor-post-image-box'><div class=\"gutentor-image-thumb\"><img loading=\"lazy\" decoding=\"async\" width=\"1013\" height=\"424\" src=\"https:\/\/kempeleenkiri.fi\/pesis\/wp-content\/uploads\/sites\/3\/2025\/12\/leader.png\" class=\"attachment-full size-full wp-post-image\" alt=\"\" \/><\/div><\/div><div class=\"gutentor-post-title-data-wrap\"><h5 class=\"gutentor-post-title\"><a href=\"https:\/\/kempeleenkiri.fi\/pesis\/kekin-kotisivut-uudistuvat\/\" rel=\"bookmark\">KeKin kotisivut uudistuvat<\/a><\/h5><\/div><div class=\"gutentor-entry-meta gutentor-entry-meta-primary\"><div class=\"posted-on\"><i class=\"far fa-calendar-alt\"><\/i><a href=\"https:\/\/kempeleenkiri.fi\/pesis\/kekin-kotisivut-uudistuvat\/\" rel=\"bookmark\">25.02.2026<\/a><\/div><\/div><div class=\"gutentor-post-desc\">Olette kenties huomanneet, ett\u00e4 Kirin nettisivuja on uudistettu talven aikana. Uudistamisprojekti on&hellip;<\/div><a class=\"gutentor-button gutentor-post-button\" href=\"https:\/\/kempeleenkiri.fi\/pesis\/kekin-kotisivut-uudistuvat\/\"><span>Lue lis\u00e4\u00e4<\/span><\/a><\/div><\/article><article class='gutentor-post  grid-lg-4 grid-md-6 grid-12'><div class='gutentor-post-item'><div class='gutentor-post-image-box'><div class=\"gutentor-image-thumb\"><img loading=\"lazy\" decoding=\"async\" width=\"1287\" height=\"1406\" src=\"https:\/\/kempeleenkiri.fi\/pesis\/wp-content\/uploads\/sites\/3\/2025\/07\/KeKi_logo-9b6e5d38.webp\" class=\"attachment-full size-full wp-post-image\" alt=\"\" \/><\/div><\/div><div class=\"gutentor-post-title-data-wrap\"><h5 class=\"gutentor-post-title\"><a href=\"https:\/\/kempeleenkiri.fi\/pesis\/junioriturnaus-kempeleessa\/\" rel=\"bookmark\">Junioriturnaus Kempeleess\u00e4<\/a><\/h5><\/div><div class=\"gutentor-entry-meta gutentor-entry-meta-primary\"><div class=\"posted-on\"><i class=\"far fa-calendar-alt\"><\/i><a href=\"https:\/\/kempeleenkiri.fi\/pesis\/junioriturnaus-kempeleessa\/\" rel=\"bookmark\">17.12.2025<\/a><\/div><\/div><div class=\"gutentor-post-desc\">Kempeleen Kiri j\u00e4rjest\u00e4\u00e4 Kempele Areenassa F- ja E-ik\u00e4isille pesiksen talviturnauksen 21-22.2. Alust&hellip;<\/div><a class=\"gutentor-button gutentor-post-button\" href=\"https:\/\/kempeleenkiri.fi\/pesis\/junioriturnaus-kempeleessa\/\"><span>Lue lis\u00e4\u00e4<\/span><\/a><\/div><\/article><article class='gutentor-post  grid-lg-4 grid-md-6 grid-12'><div class='gutentor-post-item'><div class='gutentor-post-image-box'><div class=\"gutentor-image-thumb\"><img loading=\"lazy\" decoding=\"async\" width=\"668\" height=\"593\" src=\"https:\/\/kempeleenkiri.fi\/pesis\/wp-content\/uploads\/sites\/3\/2026\/01\/kotistadion_scale-e1769522338278.jpg\" class=\"attachment-full size-full wp-post-image\" alt=\"\" \/><\/div><\/div><div class=\"gutentor-post-title-data-wrap\"><h5 class=\"gutentor-post-title\"><a href=\"https:\/\/kempeleenkiri.fi\/pesis\/kekille-iloisia-joulu-uutisia-eduskunnasta\/\" rel=\"bookmark\">KeKille iloisia joulu-uutisia eduskunnasta<\/a><\/h5><\/div><div class=\"gutentor-entry-meta gutentor-entry-meta-primary\"><div class=\"posted-on\"><i class=\"far fa-calendar-alt\"><\/i><a href=\"https:\/\/kempeleenkiri.fi\/pesis\/kekille-iloisia-joulu-uutisia-eduskunnasta\/\" rel=\"bookmark\">12.12.2025<\/a><\/div><\/div><div class=\"gutentor-post-desc\">KeKille iloisia joulu-uutisia eduskunnasta \ud83d\udc99\n\n\n\nPohjois-Pohjanmaan lakeuksilla urheilu ja kulttuuri &hellip;<\/div><a class=\"gutentor-button gutentor-post-button\" href=\"https:\/\/kempeleenkiri.fi\/pesis\/kekille-iloisia-joulu-uutisia-eduskunnasta\/\"><span>Lue lis\u00e4\u00e4<\/span><\/a><\/div><\/article><article class='gutentor-post  grid-lg-4 grid-md-6 grid-12'><div class='gutentor-post-item'><div class='gutentor-post-image-box'><div class=\"gutentor-image-thumb\"><img loading=\"lazy\" decoding=\"async\" width=\"935\" height=\"1348\" src=\"https:\/\/kempeleenkiri.fi\/pesis\/wp-content\/uploads\/sites\/3\/2025\/07\/jomppe-08680c00.webp\" class=\"attachment-full size-full wp-post-image\" alt=\"\" \/><\/div><\/div><div class=\"gutentor-post-title-data-wrap\"><h5 class=\"gutentor-post-title\"><a href=\"https:\/\/kempeleenkiri.fi\/pesis\/jompen-muistolle\/\" rel=\"bookmark\">Jompen muistolle<\/a><\/h5><\/div><div class=\"gutentor-entry-meta gutentor-entry-meta-primary\"><div class=\"posted-on\"><i class=\"far fa-calendar-alt\"><\/i><a href=\"https:\/\/kempeleenkiri.fi\/pesis\/jompen-muistolle\/\" rel=\"bookmark\">28.01.2025<\/a><\/div><\/div><div class=\"gutentor-post-desc\">Marraskuun alussa pitk\u00e4n linjan KeKi -mies Jorma \u201dJomppe\u201d Haajanen nukkui pois 74-vuoden i\u00e4ss\u00e4. Jomp&hellip;<\/div><a class=\"gutentor-button gutentor-post-button\" href=\"https:\/\/kempeleenkiri.fi\/pesis\/jompen-muistolle\/\"><span>Lue lis\u00e4\u00e4<\/span><\/a><\/div><\/article><\/div><\/div><\/section>\n\n\n<div id=\"section-g-8p4fgwx\" class=\"wp-block-gutentor-e17 section-g-8p4fgwx gutentor-element gutentor-post-footer\"><div class=\"grid-container\"><div class=\"grid-row\">\n<div id=\"col-g-5y5511u\" class=\"wp-block-gutentor-e15 gutentor-single-column  grid-lg-12 grid-md-12 grid-12\"><div id=\"section-g-5y5511u\" class=\"section-g-5y5511u gutentor-col-wrap\">\n<div id=\"section-g-33adw3p\" class=\"wp-block-gutentor-e12 section-g-33adw3p gutentor-element gutentor-element-pagination text-align-center-mobile\"><div class=\"gutentor-pagination-wrap\" data-maxnumpages=\"3\"><ul class=\"gutentor-pagination\"><li class=\"gutentor-pagination-item gutentor-pagination-prev\"><a class=\"gutentor-pagination-link gutentor-disabled\" href=\"#\"><i class=\"fas fa-chevron-left\"><\/i>Edellinen<\/a><\/li><li class=\"gutentor-pagination-item gutentor-pagination-active\" data-gpage=\"1\"><a class=\"gutentor-pagination-link\" href=\"#\">1<\/a><\/li><li class=\"gutentor-pagination-item\"><a class=\"gutentor-pagination-link\" href=\"#\" data-gpage=\"2\">2<\/a><\/li><li class=\"gutentor-pagination-item\"><a class=\"gutentor-pagination-link\" href=\"#\" data-gpage=\"3\">3<\/a><\/li><li class=\"gutentor-pagination-item gutentor-pagination-next\"><a class=\"gutentor-pagination-link\" href=\"#\" data-gpage=\"2\">Seuraava<i class=\"fas fa-chevron-right\"><\/i><\/a><\/li><\/ul><\/div><\/div>\n<\/div><\/div>\n<\/div><\/div><\/div>\n<\/section>\n<\/div><\/section>\n<\/div><\/section>\n","protected":false},"excerpt":{"rendered":"","protected":false},"author":1,"featured_media":0,"parent":0,"menu_order":0,"comment_status":"closed","ping_status":"closed","template":"","meta":{"_acf_changed":false,"footnotes":""},"class_list":["post-944","page","type-page","status-publish"],"acf":[],"_links":{"self":[{"href":"https:\/\/kempeleenkiri.fi\/pesis\/wp-json\/wp\/v2\/pages\/944","targetHints":{"allow":["GET"]}}],"collection":[{"href":"https:\/\/kempeleenkiri.fi\/pesis\/wp-json\/wp\/v2\/pages"}],"about":[{"href":"https:\/\/kempeleenkiri.fi\/pesis\/wp-json\/wp\/v2\/types\/page"}],"author":[{"embeddable":true,"href":"https:\/\/kempeleenkiri.fi\/pesis\/wp-json\/wp\/v2\/users\/1"}],"replies":[{"embeddable":true,"href":"https:\/\/kempeleenkiri.fi\/pesis\/wp-json\/wp\/v2\/comments?post=944"}],"version-history":[{"count":2,"href":"https:\/\/kempeleenkiri.fi\/pesis\/wp-json\/wp\/v2\/pages\/944\/revisions"}],"predecessor-version":[{"id":1670,"href":"https:\/\/kempeleenkiri.fi\/pesis\/wp-json\/wp\/v2\/pages\/944\/revisions\/1670"}],"wp:attachment":[{"href":"https:\/\/kempeleenkiri.fi\/pesis\/wp-json\/wp\/v2\/media?parent=944"}],"curies":[{"name":"wp","href":"https:\/\/api.w.org\/{rel}","templated":true}]}}