{"id":56,"date":"2025-07-28T09:19:18","date_gmt":"2025-07-28T09:19:18","guid":{"rendered":"https:\/\/kiripesis.iwn.co\/?page_id=56"},"modified":"2026-01-27T16:09:34","modified_gmt":"2026-01-27T14:09:34","slug":"valmennuspaallikoiden-yhteystiedot","status":"publish","type":"page","link":"https:\/\/kempeleenkiri.fi\/pesis\/juniorit\/valmennuspaallikoiden-yhteystiedot\/","title":{"rendered":"Valmennusp\u00e4\u00e4llik\u00f6iden yhteystiedot"},"content":{"rendered":"\n<section id=\"g-siysi3x\" class=\"wp-block-gutentor-m3 alignfull section-g-siysi3x gutentor-module gutentor-container-cover\"><div class=\"grid-container\">\n<section id=\"g-eegsv8e\" class=\"wp-block-gutentor-m4 section-g-eegsv8e gutentor-module gutentor-advanced-columns\"><div class=\"grid-container\"><div class=\"grid-row\">\n<div id=\"col-g-uime0me\" class=\"wp-block-gutentor-m4-col col-g-uime0me gutentor-single-column  grid-lg-12 grid-md-12 grid-12\"><div id=\"section-g-uime0me\" class=\"section-g-uime0me gutentor-col-wrap\">\n<div id=\"section-g-9zwpal6\" class=\"wp-block-gutentor-e1 section-g-9zwpal6 gutentor-element gutentor-element-advanced-text\"><div class=\"gutentor-text-wrap\"><h3 class=\"gutentor-text\">Seuran valmennusp\u00e4\u00e4llik\u00f6in\u00e4 toimivat:<\/h3><\/div><\/div>\n\n\n\n<figure class=\"wp-block-table\"><table><tbody><tr><td>Jarkko Kokko<\/td><td>jarkko.kokko (at) kempeleenkiri.fi<\/td><td>040-7368370<\/td><\/tr><tr><td>Tanja Kimpim\u00e4ki-Soinsaari<\/td><td>tanja.kimpimaki (at) kempeleenkiri.fi<\/td><td>044-2486202<\/td><\/tr><\/tbody><\/table><\/figure>\n<\/div><\/div>\n<\/div><\/div><\/section>\n<\/div><\/section>\n","protected":false},"excerpt":{"rendered":"","protected":false},"author":1,"featured_media":0,"parent":46,"menu_order":0,"comment_status":"closed","ping_status":"closed","template":"","meta":{"_acf_changed":false,"footnotes":""},"class_list":["post-56","page","type-page","status-publish"],"acf":[],"_links":{"self":[{"href":"https:\/\/kempeleenkiri.fi\/pesis\/wp-json\/wp\/v2\/pages\/56","targetHints":{"allow":["GET"]}}],"collection":[{"href":"https:\/\/kempeleenkiri.fi\/pesis\/wp-json\/wp\/v2\/pages"}],"about":[{"href":"https:\/\/kempeleenkiri.fi\/pesis\/wp-json\/wp\/v2\/types\/page"}],"author":[{"embeddable":true,"href":"https:\/\/kempeleenkiri.fi\/pesis\/wp-json\/wp\/v2\/users\/1"}],"replies":[{"embeddable":true,"href":"https:\/\/kempeleenkiri.fi\/pesis\/wp-json\/wp\/v2\/comments?post=56"}],"version-history":[{"count":1,"href":"https:\/\/kempeleenkiri.fi\/pesis\/wp-json\/wp\/v2\/pages\/56\/revisions"}],"predecessor-version":[{"id":1374,"href":"https:\/\/kempeleenkiri.fi\/pesis\/wp-json\/wp\/v2\/pages\/56\/revisions\/1374"}],"up":[{"embeddable":true,"href":"https:\/\/kempeleenkiri.fi\/pesis\/wp-json\/wp\/v2\/pages\/46"}],"wp:attachment":[{"href":"https:\/\/kempeleenkiri.fi\/pesis\/wp-json\/wp\/v2\/media?parent=56"}],"curies":[{"name":"wp","href":"https:\/\/api.w.org\/{rel}","templated":true}]}}