{"id":52,"date":"2025-07-28T09:18:41","date_gmt":"2025-07-28T09:18:41","guid":{"rendered":"https:\/\/kiripesis.iwn.co\/?page_id=52"},"modified":"2025-07-28T09:18:41","modified_gmt":"2025-07-28T09:18:41","slug":"pesisliikkari","status":"publish","type":"page","link":"https:\/\/kempeleenkiri.fi\/pesis\/juniorit\/pesisliikkari\/","title":{"rendered":"Pesisliikkari"},"content":{"rendered":"\n<section id=\"g-siysi3x\" class=\"wp-block-gutentor-m3 alignfull section-g-siysi3x gutentor-module gutentor-container-cover\"><div class=\"grid-container\">\n<section id=\"g-eegsv8e\" class=\"wp-block-gutentor-m4 section-g-eegsv8e gutentor-module gutentor-advanced-columns\"><div class=\"grid-container\"><div class=\"grid-row\">\n<div id=\"col-g-uime0me\" class=\"wp-block-gutentor-m4-col col-g-uime0me gutentor-single-column  grid-lg-12 grid-md-12 grid-12\"><div id=\"section-g-uime0me\" class=\"section-g-uime0me gutentor-col-wrap\">\n<div id=\"section-g-9zwpal6\" class=\"wp-block-gutentor-e1 section-g-9zwpal6 gutentor-element gutentor-element-advanced-text\"><div class=\"gutentor-text-wrap\"><h3 class=\"gutentor-text\">Kunnariketun pesisliikkarit kes\u00e4 2025<\/h3><\/div><\/div>\n\n\n\n<div id=\"section-g-73id8r1\" class=\"wp-block-gutentor-e0 section-g-73id8r1 gutentor-element gutentor-element-advanced-text\"><div class=\"gutentor-text-wrap\"><p class=\"gutentor-text\">Kunnariketun suositut pesisliikkarit jatkuvat my\u00f6s kes\u00e4kaudella. Ryhmi\u00e4 tulee olemaan kaksi, 3-4 vuotiaiden sek\u00e4 5-6 vuotiaiden ryhm\u00e4t. Kunnariketun pesisliikkari j\u00e4rjestet\u00e4\u00e4n sunnuntaisin 1.6.2025 alkaen Kirkonkyl\u00e4n koulun uudella pesiskent\u00e4ll\u00e4.<br><br><strong>Liikkarip\u00e4iv\u00e4t ovat siis 1.6., 8.6, 15.6, 22.6, 29.6, 27.7, 3.8, 10.8, 17.8, 24.8<\/strong><\/p><\/div><\/div>\n\n\n\n<div id=\"section-g-8nx42j5\" class=\"wp-block-gutentor-e7 section-g-8nx42j5 gutentor-element gutentor-element-list\"><ul class=\"grid-row gutentor-grid-item-wrap list-indicator-icon\"><li class=\"gutentor-list-item grid-lg-12 grid-md-12 grid-12\"><span class=\"gutentor-single-item gutentor-single-item-0\"><span class=\"gutentor-list-item-wrap g-s-list-wrap\"><span class=\"gutentor-single-list-item-icon\"><i class=\"list-item-icon fas fa-chevron-right\"><\/i><\/span><span class=\"gutentor-list-item\"><p class=\"gutentor-single-item-title\">3\u20134 v.-ryhm\u00e4 klo 11\u201312<\/p><\/span><\/span><\/span><\/li><li class=\"gutentor-list-item grid-lg-12 grid-md-12 grid-12\"><span class=\"gutentor-single-item gutentor-single-item-1\"><span class=\"gutentor-list-item-wrap g-s-list-wrap\"><span class=\"gutentor-single-list-item-icon\"><i class=\"list-item-icon fas fa-chevron-right\"><\/i><\/span><span class=\"gutentor-list-item\"><p class=\"gutentor-single-item-title\">5\u20136 v.-ryhm\u00e4 klo 12\u201313<\/p><\/span><\/span><\/span><\/li><\/ul><\/div>\n\n\n\n<div id=\"section-g-9l3f8if\" class=\"wp-block-gutentor-e0 section-g-9l3f8if gutentor-element gutentor-element-advanced-text\"><div class=\"gutentor-text-wrap\"><p class=\"gutentor-text\"><strong>Huomioi poikkeukset seuraavina p\u00e4ivin\u00e4: 27.7, 3.8, 10.8<\/strong><\/p><\/div><\/div>\n\n\n\n<div id=\"section-g-8nx42j5\" class=\"wp-block-gutentor-e7 section-g-8nx42j5 gutentor-element gutentor-element-list\"><ul class=\"grid-row gutentor-grid-item-wrap list-indicator-icon\"><li class=\"gutentor-list-item grid-lg-12 grid-md-12 grid-12\"><span class=\"gutentor-single-item gutentor-single-item-0\"><span class=\"gutentor-list-item-wrap g-s-list-wrap\"><span class=\"gutentor-single-list-item-icon\"><i class=\"list-item-icon fas fa-chevron-right\"><\/i><\/span><span class=\"gutentor-list-item\"><p class=\"gutentor-single-item-title\">3\u20134 v.-ryhm\u00e4 klo 10-11<\/p><\/span><\/span><\/span><\/li><li class=\"gutentor-list-item grid-lg-12 grid-md-12 grid-12\"><span class=\"gutentor-single-item gutentor-single-item-1\"><span class=\"gutentor-list-item-wrap g-s-list-wrap\"><span class=\"gutentor-single-list-item-icon\"><i class=\"list-item-icon fas fa-chevron-right\"><\/i><\/span><span class=\"gutentor-list-item\"><p class=\"gutentor-single-item-title\">5\u20136 v.-ryhm\u00e4 klo 11-12<\/p><\/span><\/span><\/span><\/li><\/ul><\/div>\n\n\n\n<div id=\"section-g-iqjpzpi\" class=\"wp-block-gutentor-e0 section-g-iqjpzpi gutentor-element gutentor-element-advanced-text\"><div class=\"gutentor-text-wrap\"><p class=\"gutentor-text\">Pesisliikkarissa tutustutaan erilaisten pelien ja leikkien maailmaan sek\u00e4 kannustetaan lasten aktiivisuutta ja kehitet\u00e4\u00e4n motorisia taitoja. Samalla opimme ryhm\u00e4ss\u00e4 toimimisen taitoja. Kunnariketun Pesisliikkariin ovat tervetulleita kaikki 3\u20136-vuotiaat lapset, varsinkin pienten ryhm\u00e4ss\u00e4 vanhemmat p\u00e4\u00e4sev\u00e4t my\u00f6s osallistumaan toimintaan yhdess\u00e4 lapsen kanssa!<br><br>Toiminnan tavoitteena on tukea lasten yksil\u00f6llist\u00e4 kehittymist\u00e4 monipuolisen liikkumisen ja erilaisten pelien avulla. Lis\u00e4ksi liikkarissa ovat keski\u00f6ss\u00e4 tunne- ja vuorovaikutustaitojen oppiminen.<br><br>Pesisliikkari on monipuolinen ja hauska tapa tutustua pes\u00e4palloon, peleihin ja leikkeihin. Pesisliikkari on kannustava ja positiivinen.<br><br>Kunnariketun pesisliikkari maksaa 55 \u20ac (Pohjolan OP:n asiakkaille alennus 5\u20ac)<br><br>Ryhm\u00e4\u00e4n otetaan enint\u00e4\u00e4n 15 henkil\u00f6\u00e4. (Jotta ryhm\u00e4 toteutuu, tarvitaan v\u00e4h.7 ilmoittautunutta mukaan)<br><br>Lis\u00e4tiedot Tanja Kimpim\u00e4ki-Soinsaari 044\u20132486202<br><br><strong>Ilmoittaudu mukaan sivun alalaidan lomakkeella!<\/strong><br><br><strong>Tervetuloa mukaan!<\/strong><br><br>Anna pesisliikkariin ilmoittautuvan lapsen\u00a0henkil\u00f6tiedot sek\u00e4 huoltajan nimi yhteystietoineen. T\u00e4hdell\u00e4\u00a0*\u00a0merkityt kent\u00e4t ovat pakollisia. P\u00e4\u00e4s\u00e4\u00e4nt\u00f6isesti viestimme s\u00e4hk\u00f6postitse, nopeista muutoksista voidaan ilmoittaa tekstiviestein.<br><br>L\u00e4hetetty\u00e4si ilmoittautumisen saat s\u00e4hk\u00f6postiisi paluuviestin\u00e4 vahvistuksen ilmoittamistasi tiedoista sek\u00e4 laskutustiedot. Huomioithan, ett\u00e4 ilmoittautuminen vahvistuu vasta maksettuasi osallistumismaksun. Muistathan k\u00e4ytt\u00e4\u00e4 viitenumeroa!<\/p><\/div><\/div>\n\n\n\n<div id=\"section-g-55pzd2l\" class=\"wp-block-gutentor-e1 section-g-55pzd2l gutentor-element gutentor-element-advanced-text\"><div class=\"gutentor-text-wrap\"><h3 class=\"gutentor-text\">Pesisliikkari<\/h3><\/div><\/div>\n\n\n\n<div class=\"wp-block-contact-form-7-contact-form-selector\">\n<div class=\"wpcf7 no-js\" id=\"wpcf7-f451-o1\" lang=\"en-US\" dir=\"ltr\" data-wpcf7-id=\"451\">\n<div class=\"screen-reader-response\"><p role=\"status\" aria-live=\"polite\" aria-atomic=\"true\"><\/p> <ul><\/ul><\/div>\n<form action=\"\/pesis\/wp-json\/wp\/v2\/pages\/52#wpcf7-f451-o1\" method=\"post\" class=\"wpcf7-form init\" aria-label=\"Contact form\" novalidate=\"novalidate\" data-status=\"init\">\n<fieldset class=\"hidden-fields-container\"><input type=\"hidden\" name=\"_wpcf7\" value=\"451\" \/><input type=\"hidden\" name=\"_wpcf7_version\" value=\"6.1.4\" \/><input type=\"hidden\" name=\"_wpcf7_locale\" value=\"en_US\" \/><input type=\"hidden\" name=\"_wpcf7_unit_tag\" value=\"wpcf7-f451-o1\" \/><input type=\"hidden\" name=\"_wpcf7_container_post\" value=\"0\" \/><input type=\"hidden\" name=\"_wpcf7_posted_data_hash\" value=\"\" \/>\n<\/fieldset>\n<div class=\"contact_form_wrapper\">\n\t<div class=\"field_row\">\n\t\t<div class=\"field_item\">\n\t\t\t<p><label>Osallistujan etunimi <span>*<\/span><\/label><br \/>\n<span class=\"wpcf7-form-control-wrap\" data-name=\"Osallistujan-etunimi\"><input size=\"40\" maxlength=\"400\" class=\"wpcf7-form-control wpcf7-text wpcf7-validates-as-required form-control\" aria-required=\"true\" aria-invalid=\"false\" placeholder=\"Osallistujan etunimi\" value=\"\" type=\"text\" name=\"Osallistujan-etunimi\" \/><\/span>\n\t\t\t<\/p>\n\t\t<\/div>\n\t<\/div>\n\t<div class=\"field_row\">\n\t\t<div class=\"field_item\">\n\t\t\t<p><label>Osallistujan sukunimi <span>*<\/span><\/label><br \/>\n<span class=\"wpcf7-form-control-wrap\" data-name=\"text-992\"><input size=\"40\" maxlength=\"400\" class=\"wpcf7-form-control wpcf7-text wpcf7-validates-as-required form-control\" aria-required=\"true\" aria-invalid=\"false\" placeholder=\"Osallistujan sukunimi\" value=\"\" type=\"text\" name=\"text-992\" \/><\/span>\n\t\t\t<\/p>\n\t\t<\/div>\n\t<\/div>\n\t<div class=\"field_row\">\n\t\t<div class=\"field_item\">\n\t\t\t<p><label>Syntym\u00e4vuosi <span>*<\/span><\/label><br \/>\n<span class=\"wpcf7-form-control-wrap\" data-name=\"text-623\"><input size=\"40\" maxlength=\"400\" class=\"wpcf7-form-control wpcf7-text wpcf7-validates-as-required form-control\" aria-required=\"true\" aria-invalid=\"false\" placeholder=\"Syntym\u00e4vuosi\" value=\"\" type=\"text\" name=\"text-623\" \/><\/span>\n\t\t\t<\/p>\n\t\t<\/div>\n\t<\/div>\n\t<div class=\"field_row\">\n\t\t<div class=\"field_item\">\n\t\t\t<p><label>Huoltajan nimi <span>*<\/span><\/label><br \/>\n<span class=\"wpcf7-form-control-wrap\" data-name=\"text-996\"><input size=\"40\" maxlength=\"400\" class=\"wpcf7-form-control wpcf7-text wpcf7-validates-as-required form-control\" aria-required=\"true\" aria-invalid=\"false\" placeholder=\"Huoltajan nimi\" value=\"\" type=\"text\" name=\"text-996\" \/><\/span>\n\t\t\t<\/p>\n\t\t<\/div>\n\t<\/div>\n\t<div class=\"field_row\">\n\t\t<div class=\"field_item\">\n\t\t\t<p><label>Huoltajan puhelinnumero <span>*<\/span><\/label><br \/>\n<span class=\"wpcf7-form-control-wrap\" data-name=\"text-278\"><input size=\"40\" maxlength=\"400\" class=\"wpcf7-form-control wpcf7-text wpcf7-validates-as-required form-control\" aria-required=\"true\" aria-invalid=\"false\" placeholder=\"Huoltajan puhelinnumero\" value=\"\" type=\"text\" name=\"text-278\" \/><\/span>\n\t\t\t<\/p>\n\t\t<\/div>\n\t<\/div>\n\t<div class=\"field_row\">\n\t\t<div class=\"field_item\">\n\t\t\t<p><label>Huoltajan s\u00e4hk\u00f6postiosoite <span>*<\/span><\/label><br \/>\n<span class=\"wpcf7-form-control-wrap\" data-name=\"text-170\"><input size=\"40\" maxlength=\"400\" class=\"wpcf7-form-control wpcf7-text wpcf7-validates-as-required form-control\" aria-required=\"true\" aria-invalid=\"false\" placeholder=\"Huoltajan s\u00e4hk\u00f6postiosoite\" value=\"\" type=\"text\" name=\"text-170\" \/><\/span>\n\t\t\t<\/p>\n\t\t<\/div>\n\t<\/div>\n\t<div class=\"field_row\">\n\t\t<div class=\"field_item\">\n\t\t\t<p><label>Olen Pohjolan OP:n omistaja-asiakas <\/label><br \/>\n<span class=\"wpcf7-form-control-wrap\" data-name=\"select-307\"><select class=\"wpcf7-form-control wpcf7-select form-control\" aria-invalid=\"false\" name=\"select-307\"><option value=\"\">Ei<\/option><option value=\"Kyll\u00e4\">Kyll\u00e4<\/option><\/select><\/span>\n\t\t\t<\/p>\n\t\t<\/div>\n\t<\/div>\n\t<div class=\"field_row\">\n\t\t<div class=\"field_item ilmoittaudun\">\n\t\t\t<p><label>Kumpaan ilmoittaudun<span>*<\/span><\/label><br \/>\n<span class=\"wpcf7-form-control-wrap\" data-name=\"radio-723\"><span class=\"wpcf7-form-control wpcf7-radio\"><span class=\"wpcf7-list-item first\"><label><input type=\"radio\" name=\"radio-723\" value=\"maanantaisin klo 17.00-18.00 Linnakankaan koulun uudessa salissa\" \/><span class=\"wpcf7-list-item-label\">maanantaisin klo 17.00-18.00 Linnakankaan koulun uudessa salissa<\/span><\/label><\/span><span class=\"wpcf7-list-item last\"><label><input type=\"radio\" name=\"radio-723\" value=\"torstaisin klo 17.00-18.00 Santam\u00e4en koulun salissa\" \/><span class=\"wpcf7-list-item-label\">torstaisin klo 17.00-18.00 Santam\u00e4en koulun salissa<\/span><\/label><\/span><\/span><\/span>\n\t\t\t<\/p>\n\t\t<\/div>\n\t<\/div>\n\t<div class=\"field_row\">\n\t\t<div class=\"field_item\">\n\t\t\t<p><label>Lis\u00e4tietoja <span>*<\/span><\/label><br \/>\n<span class=\"wpcf7-form-control-wrap\" data-name=\"textarea-273\"><textarea cols=\"40\" rows=\"10\" maxlength=\"2000\" class=\"wpcf7-form-control wpcf7-textarea wpcf7-validates-as-required form-control\" aria-required=\"true\" aria-invalid=\"false\" placeholder=\"Lis\u00e4tietoja\" name=\"textarea-273\"><\/textarea><\/span>\n\t\t\t<\/p>\n\t\t<\/div>\n\t<\/div>\n\t<div class=\"field_row\">\n\t\t<div class=\"field_item\">\n\t\t\t<p><label>Hinta \u20ac <span>*<\/span><\/label><br \/>\n<span class=\"wpcf7-form-control-wrap\" data-name=\"text-363\"><input size=\"40\" maxlength=\"400\" class=\"wpcf7-form-control wpcf7-text form-control\" aria-invalid=\"false\" placeholder=\"55\" value=\"\" type=\"text\" name=\"text-363\" \/><\/span>\n\t\t\t<\/p>\n\t\t<\/div>\n\t<\/div>\n\t<div class=\"field_row field_button\">\n\t\t<div class=\"field_item\">\n\t\t\t<p><input class=\"wpcf7-form-control wpcf7-submit has-spinner\" type=\"submit\" value=\"L\u00e4het\u00e4\" \/>\n\t\t\t<\/p>\n\t\t<\/div>\n\t<\/div>\n<\/div><div class=\"wpcf7-response-output\" aria-hidden=\"true\"><\/div>\n<\/form>\n<\/div>\n<\/div>\n<\/div><\/div>\n<\/div><\/div><\/section>\n<\/div><\/section>\n","protected":false},"excerpt":{"rendered":"","protected":false},"author":1,"featured_media":0,"parent":46,"menu_order":0,"comment_status":"closed","ping_status":"closed","template":"","meta":{"_acf_changed":false,"footnotes":""},"class_list":["post-52","page","type-page","status-publish"],"acf":[],"_links":{"self":[{"href":"https:\/\/kempeleenkiri.fi\/pesis\/wp-json\/wp\/v2\/pages\/52","targetHints":{"allow":["GET"]}}],"collection":[{"href":"https:\/\/kempeleenkiri.fi\/pesis\/wp-json\/wp\/v2\/pages"}],"about":[{"href":"https:\/\/kempeleenkiri.fi\/pesis\/wp-json\/wp\/v2\/types\/page"}],"author":[{"embeddable":true,"href":"https:\/\/kempeleenkiri.fi\/pesis\/wp-json\/wp\/v2\/users\/1"}],"replies":[{"embeddable":true,"href":"https:\/\/kempeleenkiri.fi\/pesis\/wp-json\/wp\/v2\/comments?post=52"}],"version-history":[{"count":0,"href":"https:\/\/kempeleenkiri.fi\/pesis\/wp-json\/wp\/v2\/pages\/52\/revisions"}],"up":[{"embeddable":true,"href":"https:\/\/kempeleenkiri.fi\/pesis\/wp-json\/wp\/v2\/pages\/46"}],"wp:attachment":[{"href":"https:\/\/kempeleenkiri.fi\/pesis\/wp-json\/wp\/v2\/media?parent=52"}],"curies":[{"name":"wp","href":"https:\/\/api.w.org\/{rel}","templated":true}]}}