{"id":48,"date":"2025-07-28T09:18:07","date_gmt":"2025-07-28T09:18:07","guid":{"rendered":"https:\/\/kiripesis.iwn.co\/?page_id=48"},"modified":"2026-03-16T20:17:41","modified_gmt":"2026-03-16T18:17:41","slug":"joukkueet","status":"publish","type":"page","link":"https:\/\/kempeleenkiri.fi\/pesis\/juniorit\/joukkueet\/","title":{"rendered":"Joukkueet"},"content":{"rendered":"\n<section id=\"g-siysi3x\" class=\"wp-block-gutentor-m3 alignfull section-g-siysi3x gutentor-module gutentor-container-cover\"><div class=\"grid-container\">\n<section id=\"g-eegsv8e\" class=\"wp-block-gutentor-m4 section-g-eegsv8e gutentor-module gutentor-advanced-columns\"><div class=\"grid-container\"><div class=\"grid-row\">\n<div id=\"col-g-uime0me\" class=\"wp-block-gutentor-m4-col col-g-uime0me gutentor-single-column  grid-lg-12 grid-md-12 grid-12\"><div id=\"section-g-uime0me\" class=\"section-g-uime0me gutentor-col-wrap\">\n<div id=\"section-g-x2b11r2\" class=\"wp-block-gutentor-e1 section-g-x2b11r2 gutentor-element gutentor-element-advanced-text\"><div class=\"gutentor-text-wrap\"><h3 class=\"gutentor-text\">Hyv\u00e4t Kempeleen Kirin PESISJUNIORIT \/ Pesisjunioriksi HAAVEILEVAT<\/h3><\/div><\/div>\n\n\n\n<div id=\"section-g-8iy6oyk\" class=\"wp-block-gutentor-e1 section-g-8iy6oyk gutentor-element gutentor-element-advanced-text\"><div class=\"gutentor-text-wrap\"><p class=\"gutentor-text\">KeKill\u00e4 on pesisjoukkueet kaikissa ik\u00e4luokissa, tyt\u00f6iss\u00e4 ja pojissa sek\u00e4 lis\u00e4ksi tarjolla on pesiskoulu ja pesisliikkari.<br>Joukkueet toimivat p\u00e4\u00e4s\u00e4\u00e4nt\u00f6isesti Kempeleess\u00e4 tarjolla olevissa urheilutiloissa ja osallistuvat aluesarjaan ja kes\u00e4ll\u00e4 yhteen tai kahteen pesisleiriin.<\/p><\/div><\/div>\n\n\n\n<div id=\"section-g-9zwpal6\" class=\"wp-block-gutentor-e1 section-g-9zwpal6 gutentor-element gutentor-element-advanced-text\"><div class=\"gutentor-text-wrap\"><h3 class=\"gutentor-text\">Juniorijoukkueiden valmentajat ja joukkueenjohtajat<\/h3><\/div><\/div>\n\n\n\n<div id=\"section-g-rbcmcs1\" class=\"wp-block-gutentor-e1 section-g-rbcmcs1 gutentor-element gutentor-element-advanced-text\"><div class=\"gutentor-text-wrap\"><h4 class=\"gutentor-text\">Seuran valmennusp\u00e4\u00e4llik\u00f6in\u00e4 toimivat:<\/h4><\/div><\/div>\n\n\n\n<figure class=\"wp-block-table\"><table class=\"has-fixed-layout\"><tbody><tr><td><strong>Jarkko Kokko<\/strong><\/td><td><a href=\"mailto:jarkko.kokko@kempeleenkiri.fi\">jarkko.kokko (at) kempeleenkiri.fi<\/a><\/td><td>040-7368370<\/td><\/tr><tr><td><strong>Tanja Kimpim\u00e4ki-Soinsaari<\/strong><\/td><td><a href=\"mailto:tanja.kimpimaki@kempeleenkiri.fi\">tanja.kimpimaki (at) kempeleenkiri.fi<\/a><\/td><td>044-2486202<\/td><\/tr><\/tbody><\/table><\/figure>\n\n\n\n<div id=\"section-g-73id8r1\" class=\"wp-block-gutentor-e0 section-g-73id8r1 gutentor-element gutentor-element-advanced-text\"><div class=\"gutentor-text-wrap\"><p class=\"gutentor-text\">Juniorijoukkueiden p\u00e4\u00e4valmentajien ja joukkueenjohtajien yhteystiedot alla.<\/p><\/div><\/div>\n\n\n\n<div id=\"section-g-1h5t50y\" class=\"wp-block-gutentor-e1 section-g-1h5t50y gutentor-element gutentor-element-advanced-text d-none\"><div class=\"gutentor-text-wrap\"><p class=\"gutentor-text\">Joukkueen muut yhteystiedot l\u00f6ytyv\u00e4t yleens\u00e4 joukkueen oman sivun takaa.<br>Ota vaan rohkeasti yhteytt\u00e4 jos haluat joukkueeseen mukaan!<\/p><\/div><\/div>\n<\/div><\/div>\n<\/div><\/div><\/section>\n\n\n\n<section id=\"g-x11nn1i\" class=\"wp-block-gutentor-m4 section-g-x11nn1i gutentor-module gutentor-advanced-columns\"><div class=\"grid-container gutentor-rm-ct-space-d gutentor-rm-ct-space-t\"><div class=\"grid-row\">\n<div id=\"col-g-yidoiot\" class=\"wp-block-gutentor-m4-col col-g-yidoiot gutentor-single-column  grid-lg-12 grid-md-12 grid-12\"><div id=\"section-g-yidoiot\" class=\"section-g-yidoiot gutentor-col-wrap\">\n<section id=\"g-dddxd5h\" class=\"section-g-dddxd5h gutentor-module gutentor-module-accordion\"><div class=\"grid-container\">\n<div id=\"g-6crk8j0\" class=\"wp-block-gutentor-m6-item section-g-6crk8j0 gutentor-module gutentor-module-accordion-item\"><div class=\"gutentor-module-accordion-panel g-a-panel-g-dddxd5h\"><div class=\"gm-ah-g-dddxd5h gutentor-module-accordion-item-heading gutentor-module-icon-position-right\"><span class=\"gutentor-module-accordion-panel-handler\" role=\"button\"><span class=\"gutentor-module-accordion-panel-handler-label\">B-pojat (2007-2009)<\/span><span class=\"gutentor-module-accordion-icon\"><i class=\"gm-aio-g-dddxd5h gutentor-module-accordion-icon-open fas fa-plus\"><\/i><i class=\"gm-aic-g-dddxd5h gutentor-module-accordion-icon-close fas fa-minus\"><\/i><\/span><\/span><\/div><div class=\"gm-ab-g-dddxd5h gutentor-module-accordion-body\">\n<section id=\"g-5e1beqr\" class=\"wp-block-gutentor-m4 section-g-5e1beqr gutentor-module gutentor-advanced-columns\"><div class=\"grid-container\"><div class=\"grid-row\">\n<div id=\"col-g-4qmccq8\" class=\"wp-block-gutentor-m4-col col-g-4qmccq8 gutentor-single-column  grid-lg-12 grid-md-12 grid-12\"><div id=\"section-g-4qmccq8\" class=\"section-g-4qmccq8 gutentor-col-wrap\">\n<figure class=\"wp-block-table\"><table class=\"has-fixed-layout\"><tbody><tr><td>Joukkueenjohtaja<\/td><td><a href=\"mailto:sirkkelisahaus.ojanpera@gmail.com\">Hannu Ojanper\u00e4<\/a><\/td><td>0400-688453<\/td><\/tr><tr><td>Joukkueenjohtaja<\/td><td><a href=\"mailto:pasiarola@hotmail.com\">Pasi Arola<\/a><\/td><td>044-9789310<\/td><\/tr><\/tbody><\/table><\/figure>\n<\/div><\/div>\n<\/div><\/div><\/section>\n<\/div><\/div><\/div>\n\n\n\n<div id=\"g-z3z3v6b\" class=\"wp-block-gutentor-m6-item section-g-z3z3v6b gutentor-module gutentor-module-accordion-item\"><div class=\"gutentor-module-accordion-panel g-a-panel-g-dddxd5h\"><div class=\"gm-ah-g-dddxd5h gutentor-module-accordion-item-heading gutentor-module-icon-position-right\"><span class=\"gutentor-module-accordion-panel-handler\" role=\"button\"><span class=\"gutentor-module-accordion-panel-handler-label\">C-pojat\u00a0(2010-2011)<\/span><span class=\"gutentor-module-accordion-icon\"><i class=\"gm-aio-g-dddxd5h gutentor-module-accordion-icon-open fas fa-plus\"><\/i><i class=\"gm-aic-g-dddxd5h gutentor-module-accordion-icon-close fas fa-minus\"><\/i><\/span><\/span><\/div><div class=\"gm-ab-g-dddxd5h gutentor-module-accordion-body\">\n<section id=\"g-s5caatv\" class=\"wp-block-gutentor-m4 section-g-s5caatv gutentor-module gutentor-advanced-columns\"><div class=\"grid-container\"><div class=\"grid-row\">\n<div id=\"col-g-d6wjii7\" class=\"wp-block-gutentor-m4-col col-g-d6wjii7 gutentor-single-column  grid-lg-12 grid-md-12 grid-12\"><div id=\"section-g-d6wjii7\" class=\"section-g-d6wjii7 gutentor-col-wrap\">\n<figure class=\"wp-block-table\"><table class=\"has-fixed-layout\"><tbody><tr><td>Joukkueenjohtaja<\/td><td><a href=\"mailto:koskelan.tarja@gmail.com\">Tarja Koskela<\/a><\/td><td>040-6810333<\/td><\/tr><\/tbody><\/table><\/figure>\n<\/div><\/div>\n<\/div><\/div><\/section>\n<\/div><\/div><\/div>\n\n\n\n<div id=\"g-t68xnjx\" class=\"wp-block-gutentor-m6-item section-g-t68xnjx gutentor-module gutentor-module-accordion-item\"><div class=\"gutentor-module-accordion-panel g-a-panel-g-dddxd5h\"><div class=\"gm-ah-g-dddxd5h gutentor-module-accordion-item-heading gutentor-module-icon-position-right\"><span class=\"gutentor-module-accordion-panel-handler\" role=\"button\"><span class=\"gutentor-module-accordion-panel-handler-label\">C-tyt\u00f6t\u00a0(2010-2011)<\/span><span class=\"gutentor-module-accordion-icon\"><i class=\"gm-aio-g-dddxd5h gutentor-module-accordion-icon-open fas fa-plus\"><\/i><i class=\"gm-aic-g-dddxd5h gutentor-module-accordion-icon-close fas fa-minus\"><\/i><\/span><\/span><\/div><div class=\"gm-ab-g-dddxd5h gutentor-module-accordion-body\">\n<section id=\"g-saai6vs\" class=\"wp-block-gutentor-m4 section-g-saai6vs gutentor-module gutentor-advanced-columns\"><div class=\"grid-container\"><div class=\"grid-row\">\n<div id=\"col-g-5e1qq77\" class=\"wp-block-gutentor-m4-col col-g-5e1qq77 gutentor-single-column  grid-lg-12 grid-md-12 grid-12\"><div id=\"section-g-5e1qq77\" class=\"section-g-5e1qq77 gutentor-col-wrap\">\n<figure class=\"wp-block-table\"><table class=\"has-fixed-layout\"><tbody><tr><td>Joukkueenjohtaja<\/td><td><a href=\"mailto:pasi.kehus@visma.com\">Pasi Kehus<\/a><\/td><td>045-2131831<\/td><\/tr><\/tbody><\/table><\/figure>\n<\/div><\/div>\n<\/div><\/div><\/section>\n<\/div><\/div><\/div>\n\n\n\n<div id=\"g-eui211h\" class=\"wp-block-gutentor-m6-item section-g-eui211h gutentor-module gutentor-module-accordion-item\"><div class=\"gutentor-module-accordion-panel g-a-panel-g-dddxd5h\"><div class=\"gm-ah-g-dddxd5h gutentor-module-accordion-item-heading gutentor-module-icon-position-right\"><span class=\"gutentor-module-accordion-panel-handler\" role=\"button\"><span class=\"gutentor-module-accordion-panel-handler-label\">D-pojat\u00a0(2012-2013)<\/span><span class=\"gutentor-module-accordion-icon\"><i class=\"gm-aio-g-dddxd5h gutentor-module-accordion-icon-open fas fa-plus\"><\/i><i class=\"gm-aic-g-dddxd5h gutentor-module-accordion-icon-close fas fa-minus\"><\/i><\/span><\/span><\/div><div class=\"gm-ab-g-dddxd5h gutentor-module-accordion-body\">\n<section id=\"g-8fbpbz1\" class=\"wp-block-gutentor-m4 section-g-8fbpbz1 gutentor-module gutentor-advanced-columns\"><div class=\"grid-container\"><div class=\"grid-row\">\n<div id=\"col-g-1deiwfl\" class=\"wp-block-gutentor-m4-col col-g-1deiwfl gutentor-single-column  grid-lg-12 grid-md-12 grid-12\"><div id=\"section-g-1deiwfl\" class=\"section-g-1deiwfl gutentor-col-wrap\">\n<figure class=\"wp-block-table\"><table class=\"has-fixed-layout\"><tbody><tr><td>Joukkueenjohtaja<\/td><td><a href=\"mailto:merjakauppinen@gmail.com\">Merja Suomalainen<\/a><\/td><td>041-4356565<\/td><\/tr><\/tbody><\/table><\/figure>\n<\/div><\/div>\n<\/div><\/div><\/section>\n<\/div><\/div><\/div>\n\n\n\n<div id=\"g-x33xp3j\" class=\"wp-block-gutentor-m6-item section-g-x33xp3j gutentor-module gutentor-module-accordion-item\"><div class=\"gutentor-module-accordion-panel g-a-panel-g-dddxd5h\"><div class=\"gm-ah-g-dddxd5h gutentor-module-accordion-item-heading gutentor-module-icon-position-right\"><span class=\"gutentor-module-accordion-panel-handler\" role=\"button\"><span class=\"gutentor-module-accordion-panel-handler-label\">D-tyt\u00f6t (2012-2013)<\/span><span class=\"gutentor-module-accordion-icon\"><i class=\"gm-aio-g-dddxd5h gutentor-module-accordion-icon-open fas fa-plus\"><\/i><i class=\"gm-aic-g-dddxd5h gutentor-module-accordion-icon-close fas fa-minus\"><\/i><\/span><\/span><\/div><div class=\"gm-ab-g-dddxd5h gutentor-module-accordion-body\">\n<section id=\"g-drlgntg\" class=\"wp-block-gutentor-m4 section-g-drlgntg gutentor-module gutentor-advanced-columns\"><div class=\"grid-container\"><div class=\"grid-row\">\n<div id=\"col-g-jpgg3np\" class=\"wp-block-gutentor-m4-col col-g-jpgg3np gutentor-single-column  grid-lg-12 grid-md-12 grid-12\"><div id=\"section-g-jpgg3np\" class=\"section-g-jpgg3np gutentor-col-wrap\">\n<figure class=\"wp-block-table\"><table class=\"has-fixed-layout\"><tbody><tr><td>Joukkueenjohtaja (Kilpasarja)<\/td><td><a href=\"mailto:nikotoivo16@gmail.com\">Niko Toivo<\/a><\/td><td>040-7032666<\/td><\/tr><tr><td>Joukkueenjohtaja (Pelisarja)<\/td><td>Jaakko Kajava<\/td><td>050-4147418<\/td><\/tr><\/tbody><\/table><\/figure>\n<\/div><\/div>\n<\/div><\/div><\/section>\n<\/div><\/div><\/div>\n\n\n\n<div id=\"g-pty7tap\" class=\"wp-block-gutentor-m6-item section-g-pty7tap gutentor-module gutentor-module-accordion-item\"><div class=\"gutentor-module-accordion-panel g-a-panel-g-dddxd5h\"><div class=\"gm-ah-g-dddxd5h gutentor-module-accordion-item-heading gutentor-module-icon-position-right\"><span class=\"gutentor-module-accordion-panel-handler\" role=\"button\"><span class=\"gutentor-module-accordion-panel-handler-label\">E-pojat\u00a0(2014-2015)<\/span><span class=\"gutentor-module-accordion-icon\"><i class=\"gm-aio-g-dddxd5h gutentor-module-accordion-icon-open fas fa-plus\"><\/i><i class=\"gm-aic-g-dddxd5h gutentor-module-accordion-icon-close fas fa-minus\"><\/i><\/span><\/span><\/div><div class=\"gm-ab-g-dddxd5h gutentor-module-accordion-body\">\n<section id=\"g-4ry9n40\" class=\"wp-block-gutentor-m4 section-g-4ry9n40 gutentor-module gutentor-advanced-columns\"><div class=\"grid-container\"><div class=\"grid-row\">\n<div id=\"col-g-l1efyel\" class=\"wp-block-gutentor-m4-col col-g-l1efyel gutentor-single-column  grid-lg-12 grid-md-12 grid-12\"><div id=\"section-g-l1efyel\" class=\"section-g-l1efyel gutentor-col-wrap\">\n<figure class=\"wp-block-table\"><table class=\"has-fixed-layout\"><tbody><tr><td>Joukkueenjohtaja<\/td><td><a href=\"mailto:ranta.heidi@gmail.com\">Heidi Ranta<\/a><\/td><td>044-5725296<\/td><\/tr><\/tbody><\/table><\/figure>\n<\/div><\/div>\n<\/div><\/div><\/section>\n<\/div><\/div><\/div>\n\n\n\n<div id=\"g-2pmje6y\" class=\"wp-block-gutentor-m6-item section-g-2pmje6y gutentor-module gutentor-module-accordion-item\"><div class=\"gutentor-module-accordion-panel g-a-panel-g-dddxd5h\"><div class=\"gm-ah-g-dddxd5h gutentor-module-accordion-item-heading gutentor-module-icon-position-right\"><span class=\"gutentor-module-accordion-panel-handler\" role=\"button\"><span class=\"gutentor-module-accordion-panel-handler-label\">E-tyt\u00f6t\u00a0(2014-2015)<\/span><span class=\"gutentor-module-accordion-icon\"><i class=\"gm-aio-g-dddxd5h gutentor-module-accordion-icon-open fas fa-plus\"><\/i><i class=\"gm-aic-g-dddxd5h gutentor-module-accordion-icon-close fas fa-minus\"><\/i><\/span><\/span><\/div><div class=\"gm-ab-g-dddxd5h gutentor-module-accordion-body\">\n<section id=\"g-9efq9ql\" class=\"wp-block-gutentor-m4 section-g-9efq9ql gutentor-module gutentor-advanced-columns\"><div class=\"grid-container\"><div class=\"grid-row\">\n<div id=\"col-g-ww8011y\" class=\"wp-block-gutentor-m4-col col-g-ww8011y gutentor-single-column  grid-lg-12 grid-md-12 grid-12\"><div id=\"section-g-ww8011y\" class=\"section-g-ww8011y gutentor-col-wrap\">\n<figure class=\"wp-block-table\"><table class=\"has-fixed-layout\"><tbody><tr><td>Joukkueenjohtaja<\/td><td><a href=\"mailto:kimpimakitanja@gmail.com\">Tanja Kimpim\u00e4ki-Soinsaari<\/a><\/td><td>044-2486202<\/td><\/tr><\/tbody><\/table><\/figure>\n<\/div><\/div>\n<\/div><\/div><\/section>\n<\/div><\/div><\/div>\n\n\n\n<div id=\"g-1s3873u\" class=\"wp-block-gutentor-m6-item section-g-1s3873u gutentor-module gutentor-module-accordion-item\"><div class=\"gutentor-module-accordion-panel g-a-panel-g-dddxd5h\"><div class=\"gm-ah-g-dddxd5h gutentor-module-accordion-item-heading gutentor-module-icon-position-right\"><span class=\"gutentor-module-accordion-panel-handler\" role=\"button\"><span class=\"gutentor-module-accordion-panel-handler-label\">F-pojat (2016-2017)<\/span><span class=\"gutentor-module-accordion-icon\"><i class=\"gm-aio-g-dddxd5h gutentor-module-accordion-icon-open fas fa-plus\"><\/i><i class=\"gm-aic-g-dddxd5h gutentor-module-accordion-icon-close fas fa-minus\"><\/i><\/span><\/span><\/div><div class=\"gm-ab-g-dddxd5h gutentor-module-accordion-body\">\n<section id=\"g-gg0jrgo\" class=\"wp-block-gutentor-m4 section-g-gg0jrgo gutentor-module gutentor-advanced-columns\"><div class=\"grid-container\"><div class=\"grid-row\">\n<div id=\"col-g-rbe1qe3\" class=\"wp-block-gutentor-m4-col col-g-rbe1qe3 gutentor-single-column  grid-lg-12 grid-md-12 grid-12\"><div id=\"section-g-rbe1qe3\" class=\"section-g-rbe1qe3 gutentor-col-wrap\">\n<figure class=\"wp-block-table\"><table class=\"has-fixed-layout\"><tbody><tr><td>Joukkueenjohtaja<\/td><td><a href=\"mailto:hautni88@hotmail.com\">Niko Hautam\u00e4ki<\/a><\/td><td>044-3764177<\/td><\/tr><tr><td>Joukkueenjohtaja<\/td><td><a href=\"mailto:toivoriku@gmail.com\">Riku Toivo<\/a><\/td><td>040-5146403<\/td><\/tr><\/tbody><\/table><\/figure>\n<\/div><\/div>\n<\/div><\/div><\/section>\n<\/div><\/div><\/div>\n\n\n\n<div id=\"g-t113363\" class=\"wp-block-gutentor-m6-item section-g-t113363 gutentor-module gutentor-module-accordion-item\"><div class=\"gutentor-module-accordion-panel g-a-panel-g-dddxd5h\"><div class=\"gm-ah-g-dddxd5h gutentor-module-accordion-item-heading gutentor-module-icon-position-right\"><span class=\"gutentor-module-accordion-panel-handler\" role=\"button\"><span class=\"gutentor-module-accordion-panel-handler-label\">F-tyt\u00f6t (2016-2017)<\/span><span class=\"gutentor-module-accordion-icon\"><i class=\"gm-aio-g-dddxd5h gutentor-module-accordion-icon-open fas fa-plus\"><\/i><i class=\"gm-aic-g-dddxd5h gutentor-module-accordion-icon-close fas fa-minus\"><\/i><\/span><\/span><\/div><div class=\"gm-ab-g-dddxd5h gutentor-module-accordion-body\">\n<section id=\"g-oc0k0cp\" class=\"wp-block-gutentor-m4 section-g-oc0k0cp gutentor-module gutentor-advanced-columns\"><div class=\"grid-container\"><div class=\"grid-row\">\n<div id=\"col-g-u7776u7\" class=\"wp-block-gutentor-m4-col col-g-u7776u7 gutentor-single-column  grid-lg-12 grid-md-12 grid-12\"><div id=\"section-g-u7776u7\" class=\"section-g-u7776u7 gutentor-col-wrap\">\n<figure class=\"wp-block-table\"><table class=\"has-fixed-layout\"><tbody><tr><td>Joukkueenjohtaja<\/td><td><a href=\"mailto:lasse.keskitalo@iki.fi\">Tuomas Rytky<\/a><\/td><td>040-5193873<\/td><\/tr><\/tbody><\/table><\/figure>\n<\/div><\/div>\n<\/div><\/div><\/section>\n<\/div><\/div><\/div>\n\n\n\n<div id=\"g-uou1o1u\" class=\"wp-block-gutentor-m6-item section-g-uou1o1u gutentor-module gutentor-module-accordion-item\"><div class=\"gutentor-module-accordion-panel g-a-panel-g-dddxd5h\"><div class=\"gm-ah-g-dddxd5h gutentor-module-accordion-item-heading gutentor-module-icon-position-right\"><span class=\"gutentor-module-accordion-panel-handler\" role=\"button\"><span class=\"gutentor-module-accordion-panel-handler-label\">G-junnut (2018-)<\/span><span class=\"gutentor-module-accordion-icon\"><i class=\"gm-aio-g-dddxd5h gutentor-module-accordion-icon-open fas fa-plus\"><\/i><i class=\"gm-aic-g-dddxd5h gutentor-module-accordion-icon-close fas fa-minus\"><\/i><\/span><\/span><\/div><div class=\"gm-ab-g-dddxd5h gutentor-module-accordion-body\">\n<section id=\"g-tvttwsf\" class=\"wp-block-gutentor-m4 section-g-tvttwsf gutentor-module gutentor-advanced-columns\"><div class=\"grid-container\"><div class=\"grid-row\">\n<div id=\"col-g-x1u12aa\" class=\"wp-block-gutentor-m4-col col-g-x1u12aa gutentor-single-column  grid-lg-12 grid-md-12 grid-12\"><div id=\"section-g-x1u12aa\" class=\"section-g-x1u12aa gutentor-col-wrap\">\n<figure class=\"wp-block-table\"><table class=\"has-fixed-layout\"><tbody><tr><td>Valmentaja<\/td><td><a href=\"mailto:harri.vaarala@gmail.com\">Harri Vaarala<\/a> G-jun\/G-p<\/td><td>050-4801600<\/td><\/tr><tr><td>Joukkueenjohtaja<\/td><td><a href=\"mailto:hennamaariaperkio@gmail.com\">Henna Perki\u00f6<\/a> G-jun G-t<\/td><td>040-5146403<\/td><\/tr><\/tbody><\/table><\/figure>\n<\/div><\/div>\n<\/div><\/div><\/section>\n<\/div><\/div><\/div>\n<\/div><\/section>\n<\/div><\/div>\n<\/div><\/div><\/section>\n<\/div><\/section>\n","protected":false},"excerpt":{"rendered":"","protected":false},"author":1,"featured_media":0,"parent":46,"menu_order":0,"comment_status":"closed","ping_status":"closed","template":"","meta":{"_acf_changed":false,"footnotes":""},"class_list":["post-48","page","type-page","status-publish"],"acf":[],"_links":{"self":[{"href":"https:\/\/kempeleenkiri.fi\/pesis\/wp-json\/wp\/v2\/pages\/48","targetHints":{"allow":["GET"]}}],"collection":[{"href":"https:\/\/kempeleenkiri.fi\/pesis\/wp-json\/wp\/v2\/pages"}],"about":[{"href":"https:\/\/kempeleenkiri.fi\/pesis\/wp-json\/wp\/v2\/types\/page"}],"author":[{"embeddable":true,"href":"https:\/\/kempeleenkiri.fi\/pesis\/wp-json\/wp\/v2\/users\/1"}],"replies":[{"embeddable":true,"href":"https:\/\/kempeleenkiri.fi\/pesis\/wp-json\/wp\/v2\/comments?post=48"}],"version-history":[{"count":4,"href":"https:\/\/kempeleenkiri.fi\/pesis\/wp-json\/wp\/v2\/pages\/48\/revisions"}],"predecessor-version":[{"id":1568,"href":"https:\/\/kempeleenkiri.fi\/pesis\/wp-json\/wp\/v2\/pages\/48\/revisions\/1568"}],"up":[{"embeddable":true,"href":"https:\/\/kempeleenkiri.fi\/pesis\/wp-json\/wp\/v2\/pages\/46"}],"wp:attachment":[{"href":"https:\/\/kempeleenkiri.fi\/pesis\/wp-json\/wp\/v2\/media?parent=48"}],"curies":[{"name":"wp","href":"https:\/\/api.w.org\/{rel}","templated":true}]}}