{"id":46,"date":"2025-07-28T09:17:49","date_gmt":"2025-07-28T09:17:49","guid":{"rendered":"https:\/\/kiripesis.iwn.co\/?page_id=46"},"modified":"2026-04-16T11:26:54","modified_gmt":"2026-04-16T09:26:54","slug":"juniorit","status":"publish","type":"page","link":"https:\/\/kempeleenkiri.fi\/pesis\/juniorit\/","title":{"rendered":"Juniorit"},"content":{"rendered":"\n<p><\/p>\n\n\n\n<p><\/p>\n\n\n\n<h2 class=\"wp-block-heading\"><strong>Kempeleen Kirin juniorit ja pes\u00e4pallojaosto<\/strong><\/h2>\n\n\n\n<section id=\"g-is22js3\" class=\"wp-block-gutentor-m4 section-g-is22js3 gutentor-module gutentor-advanced-columns\"><div class=\"grid-container\"><div class=\"grid-row\">\n<div id=\"col-g-hee4efq\" class=\"wp-block-gutentor-m4-col col-g-hee4efq gutentor-single-column  grid-lg-7 grid-md-12 grid-12\"><div id=\"section-g-hee4efq\" class=\"section-g-hee4efq gutentor-col-wrap\">\n<div id=\"section-g-77x3771\" class=\"wp-block-gutentor-e0 section-g-77x3771 gutentor-element gutentor-element-advanced-text\"><div class=\"gutentor-text-wrap\"><p class=\"gutentor-text\"><br><br>Kempeleen Kiriss\u00e4 pes\u00e4pallotoimintaa ohjaa pes\u00e4pallojaosto. Jaostolla on kaksi p\u00e4\u00e4toimista valmennusp\u00e4\u00e4llikk\u00f6\u00e4: Jarkko Kokko ja Tanja Kimpim\u00e4ki. Kullakin joukkueella, my\u00f6s juniorijoukkueilla on lis\u00e4ksi omat taustajoukkonsa, jotta pelaajat ja valmentajat voivat mahdollisimman paljon keskitty\u00e4 vain harjoitteluun ja pelaamiseen. J<a href=\"https:\/\/kempeleenkiri.fi\/pesis\/juniorit\/joukkueet\/\">uniorijoukkueiden yhteystiedot l\u00f6yd\u00e4t <span style=\"text-decoration: underline\">t\u00e4\u00e4lt\u00e4<\/span><\/a>.<\/p><\/div><\/div>\n\n\n\n<p>Lis\u00e4tietoja voit kysy\u00e4,<br>Juha-Matti Ranta 0445664999<br>Tanja Kimpim\u00e4ki-Soinsaari 0442486202<br>Jarkko Kokko 0407368370<\/p>\n\n\n\n<p><\/p>\n\n\n\n<p><\/p>\n<\/div><\/div>\n\n\n\n<div id=\"col-g-eezezmm\" class=\"wp-block-gutentor-m4-col col-g-eezezmm gutentor-single-column  grid-lg-5 grid-md-12 grid-12\"><div id=\"section-g-eezezmm\" class=\"section-g-eezezmm gutentor-col-wrap\">\n<div id=\"section-g-sdf1wf2\" class=\"wp-block-gutentor-e6 section-g-sdf1wf2 gutentor-element gutentor-element-image\"><div class=\"gutentor-element-image-box\"><div class=\"gutentor-image-thumb\"><img decoding=\"async\" class=\"normal-image\" src=\"https:\/\/kempeleenkiri.fi\/pesis\/wp-content\/uploads\/sites\/3\/2026\/04\/KeKi_urheiluseura.png\" \/><\/div><\/div><\/div>\n<\/div><\/div>\n<\/div><\/div><\/section>\n\n\n\n<section id=\"g-738t277\" class=\"wp-block-gutentor-m3 alignfull section-g-738t277 gutentor-module gutentor-container-cover has-color-bg has-custom-bg\"><div class=\"grid-container\">\n<section id=\"g-c5z556k\" class=\"wp-block-gutentor-m4 section-g-c5z556k gutentor-module gutentor-advanced-columns\"><div class=\"grid-container\"><div class=\"grid-row\">\n<div id=\"col-g-fvbxwft\" class=\"wp-block-gutentor-m4-col col-g-fvbxwft gutentor-single-column  grid-lg-12 grid-md-12 grid-12\"><div id=\"section-g-fvbxwft\" class=\"section-g-fvbxwft gutentor-col-wrap\">\n<div id=\"section-g-jx3anu2\" class=\"wp-block-gutentor-e1 section-g-jx3anu2 gutentor-element gutentor-element-advanced-text text-align-center-mobile\"><div class=\"gutentor-text-wrap\"><h2 class=\"gutentor-text\">Junioreiden tuoreimmat julkaisut<\/h2><\/div><\/div>\n\n\n<section class=\"gutentor-post-module section-g-niek9hk gutentor-post-module-p1 gutentor_p1_template1 wp-block-gutentor-p1 front-post-wrap gutentor-blog-list\" id=\"g-niek9hk\" data-gbid=\"g-niek9hk\">\n<div class='grid-container'><div class='grid-row'><article class='gutentor-post'><div class='gutentor-post-item'><div class='gutentor-post-image-box'><div class=\"gutentor-image-thumb\"><img loading=\"lazy\" decoding=\"async\" width=\"987\" height=\"1024\" src=\"https:\/\/kempeleenkiri.fi\/pesis\/wp-content\/uploads\/sites\/3\/2026\/04\/KeKi_urheiluseura-987x1024.png\" class=\"attachment-large size-large wp-post-image\" alt=\"\" \/><\/div><\/div><div class=\"gutentor-post-content\"><div class=\"gutentor-post-title-data-wrap\"><h3 class=\"gutentor-post-title\"><a href=\"https:\/\/kempeleenkiri.fi\/pesis\/kunnariketun-pesisliikkari-kesa-2026\/\" rel=\"bookmark\">KES\u00c4N 2026 PESISLIIKKARI ja -KOULU<\/a><\/h3><\/div><div class=\"gutentor-post-desc\">Kirin Kunnarikettu pesisliikkariin\u00a0sek\u00e4\u00a0Kirin ja Pohjolan OP:n pesiskouluun\u00a0ilmoittautumiset ovat alkaneet\n\n\n\nKunnarikettu pesisliikkarin ryhm\u00e4t 3-4v ja 5-6v, ilmoittautuminen t\u00e4st\u00e4Kirin ja Pohjalan O&hellip;<\/div><a class=\"gutentor-button gutentor-post-button gutentor-icon-after\" href=\"https:\/\/kempeleenkiri.fi\/pesis\/kunnariketun-pesisliikkari-kesa-2026\/\"><i class=\"gutentor-button-icon fas fa-arrow-right\"><\/i><span>Lue lis\u00e4\u00e4<\/span><\/a><\/div><\/div><\/article><article class='gutentor-post'><div class='gutentor-post-item'><div class='gutentor-post-image-box'><div class=\"gutentor-image-thumb\"><img loading=\"lazy\" decoding=\"async\" width=\"937\" height=\"1024\" src=\"https:\/\/kempeleenkiri.fi\/pesis\/wp-content\/uploads\/sites\/3\/2025\/07\/KeKi_logo-9b6e5d38-937x1024.webp\" class=\"attachment-large size-large wp-post-image\" alt=\"\" \/><\/div><\/div><div class=\"gutentor-post-content\"><div class=\"gutentor-post-title-data-wrap\"><h3 class=\"gutentor-post-title\"><a href=\"https:\/\/kempeleenkiri.fi\/pesis\/g-juniorien-talvikausi-2024-2025\/\" rel=\"bookmark\">G-juniorien talvikausi 2024-2025<\/a><\/h3><\/div><div class=\"gutentor-post-desc\">G-juniorit on tarkoitettu vuosina 2017-2018 -syntyneille pesiksen junioriputken alussa oleville tyt\u00f6ille ja pojille. Joukkueeseen voi liitty\u00e4 uusia pelaajia milloin tahansa mukaan! Mukana on jo l\u00e4hes &hellip;<\/div><a class=\"gutentor-button gutentor-post-button gutentor-icon-after\" href=\"https:\/\/kempeleenkiri.fi\/pesis\/g-juniorien-talvikausi-2024-2025\/\"><i class=\"gutentor-button-icon fas fa-arrow-right\"><\/i><span>Lue lis\u00e4\u00e4<\/span><\/a><\/div><\/div><\/article><article class='gutentor-post'><div class='gutentor-post-item'><div class='gutentor-post-image-box'><div class=\"gutentor-image-thumb\"><img loading=\"lazy\" decoding=\"async\" width=\"1024\" height=\"550\" src=\"https:\/\/kempeleenkiri.fi\/pesis\/wp-content\/uploads\/sites\/3\/2025\/07\/B-tytot_kevat_2024-scaled-1-1024x550.jpg\" class=\"attachment-large size-large wp-post-image\" alt=\"\" \/><\/div><\/div><div class=\"gutentor-post-content\"><div class=\"gutentor-post-title-data-wrap\"><h3 class=\"gutentor-post-title\"><a href=\"https:\/\/kempeleenkiri.fi\/pesis\/b-tytot-kaudella-2024\/\" rel=\"bookmark\">B-tyt\u00f6t kaudella 2024<\/a><\/h3><\/div><div class=\"gutentor-post-desc\"><\/div><a class=\"gutentor-button gutentor-post-button gutentor-icon-after\" href=\"https:\/\/kempeleenkiri.fi\/pesis\/b-tytot-kaudella-2024\/\"><i class=\"gutentor-button-icon fas fa-arrow-right\"><\/i><span>Lue lis\u00e4\u00e4<\/span><\/a><\/div><\/div><\/article><\/div><\/div><\/section><\/div><\/div>\n<\/div><\/div><\/section>\n<\/div><\/section>\n","protected":false},"excerpt":{"rendered":"<p>Kempeleen Kirin juniorit ja pes\u00e4pallojaosto<\/p>\n","protected":false},"author":1,"featured_media":0,"parent":0,"menu_order":0,"comment_status":"closed","ping_status":"closed","template":"","meta":{"_acf_changed":false,"footnotes":""},"class_list":["post-46","page","type-page","status-publish"],"acf":[],"_links":{"self":[{"href":"https:\/\/kempeleenkiri.fi\/pesis\/wp-json\/wp\/v2\/pages\/46","targetHints":{"allow":["GET"]}}],"collection":[{"href":"https:\/\/kempeleenkiri.fi\/pesis\/wp-json\/wp\/v2\/pages"}],"about":[{"href":"https:\/\/kempeleenkiri.fi\/pesis\/wp-json\/wp\/v2\/types\/page"}],"author":[{"embeddable":true,"href":"https:\/\/kempeleenkiri.fi\/pesis\/wp-json\/wp\/v2\/users\/1"}],"replies":[{"embeddable":true,"href":"https:\/\/kempeleenkiri.fi\/pesis\/wp-json\/wp\/v2\/comments?post=46"}],"version-history":[{"count":8,"href":"https:\/\/kempeleenkiri.fi\/pesis\/wp-json\/wp\/v2\/pages\/46\/revisions"}],"predecessor-version":[{"id":1749,"href":"https:\/\/kempeleenkiri.fi\/pesis\/wp-json\/wp\/v2\/pages\/46\/revisions\/1749"}],"wp:attachment":[{"href":"https:\/\/kempeleenkiri.fi\/pesis\/wp-json\/wp\/v2\/media?parent=46"}],"curies":[{"name":"wp","href":"https:\/\/api.w.org\/{rel}","templated":true}]}}