{"id":44,"date":"2025-07-28T09:17:34","date_gmt":"2025-07-28T09:17:34","guid":{"rendered":"https:\/\/kiripesis.iwn.co\/?page_id=44"},"modified":"2025-12-22T08:24:43","modified_gmt":"2025-12-22T06:24:43","slug":"kumppanuus","status":"publish","type":"page","link":"https:\/\/kempeleenkiri.fi\/pesis\/naisten-edustusjoukkue\/kumppanuus\/","title":{"rendered":"Kumppanuus"},"content":{"rendered":"\n<section id=\"g-siysi3x\" class=\"wp-block-gutentor-m3 alignfull section-g-siysi3x gutentor-module gutentor-container-cover\"><div class=\"grid-container\">\n<section id=\"g-eegsv8e\" class=\"wp-block-gutentor-m4 section-g-eegsv8e gutentor-module gutentor-advanced-columns\"><div class=\"grid-container\"><div class=\"grid-row\">\n<div id=\"col-g-uime0me\" class=\"wp-block-gutentor-m4-col col-g-uime0me gutentor-single-column  grid-lg-7 grid-md-12 grid-12\"><div id=\"section-g-uime0me\" class=\"section-g-uime0me gutentor-col-wrap\">\n<div id=\"section-g-73id8r1\" class=\"wp-block-gutentor-e0 section-g-73id8r1 gutentor-element gutentor-element-advanced-text\"><div class=\"gutentor-text-wrap\"><p class=\"gutentor-text\">Kempeleen Kirin naisten edustusjoukkue on nuori, eteenp\u00e4in katsova ja oman alueen junioreista ja aikuispelaajista koostuva joukkue.<br>Meill\u00e4 on tarjolla monenlaista yhteisty\u00f6mahdollisuutta ja n\u00e4kyvyytt\u00e4 joukkueen matkassa: mainos pelipukuun, mainos kent\u00e4n reunalle Sarkkirannan pes\u00e4pallostadionille,..<br>&nbsp;<br>Jos olet kiinnostunut kumppanuudesta ja haluat kuulla lis\u00e4\u00e4 eri vaihtoehdoista, ole rohkeasti yhteydess\u00e4 sponsoritiimiimme:<br>&nbsp;<br>Timo K\u00e4rki, 041 436 5058<br>Laura Jarva, 050 349 4583<br>Johanna Hahto, 044 518 8175<br>Eija Shabani, 040 750 0060<br>Terhi Sunnari, 040 503 2619<br>Marko Sunnari, 040 540 7330<\/p><\/div><\/div>\n<\/div><\/div>\n\n\n\n<div id=\"col-g-eezezmm\" class=\"wp-block-gutentor-m4-col col-g-eezezmm gutentor-single-column  grid-lg-5 grid-md-12 grid-12\"><div id=\"section-g-eezezmm\" class=\"section-g-eezezmm gutentor-col-wrap\">\n<div id=\"section-g-sdf1wf2\" class=\"wp-block-gutentor-e6 section-g-sdf1wf2 gutentor-element gutentor-element-image\"><div class=\"gutentor-element-image-box\"><div class=\"gutentor-image-thumb\"><img decoding=\"async\" class=\"normal-image\" src=\"https:\/\/kempeleenkiri.fi\/pesis\/wp-content\/uploads\/sites\/3\/2025\/10\/WhatsApp-Image-2025-10-26-at-15.48.30-6.jpeg\" \/><\/div><\/div><\/div>\n<\/div><\/div>\n<\/div><\/div><\/section>\n<\/div><\/section>\n","protected":false},"excerpt":{"rendered":"","protected":false},"author":1,"featured_media":0,"parent":36,"menu_order":0,"comment_status":"closed","ping_status":"closed","template":"","meta":{"_acf_changed":false,"footnotes":""},"class_list":["post-44","page","type-page","status-publish"],"acf":[],"_links":{"self":[{"href":"https:\/\/kempeleenkiri.fi\/pesis\/wp-json\/wp\/v2\/pages\/44","targetHints":{"allow":["GET"]}}],"collection":[{"href":"https:\/\/kempeleenkiri.fi\/pesis\/wp-json\/wp\/v2\/pages"}],"about":[{"href":"https:\/\/kempeleenkiri.fi\/pesis\/wp-json\/wp\/v2\/types\/page"}],"author":[{"embeddable":true,"href":"https:\/\/kempeleenkiri.fi\/pesis\/wp-json\/wp\/v2\/users\/1"}],"replies":[{"embeddable":true,"href":"https:\/\/kempeleenkiri.fi\/pesis\/wp-json\/wp\/v2\/comments?post=44"}],"version-history":[{"count":2,"href":"https:\/\/kempeleenkiri.fi\/pesis\/wp-json\/wp\/v2\/pages\/44\/revisions"}],"predecessor-version":[{"id":1279,"href":"https:\/\/kempeleenkiri.fi\/pesis\/wp-json\/wp\/v2\/pages\/44\/revisions\/1279"}],"up":[{"embeddable":true,"href":"https:\/\/kempeleenkiri.fi\/pesis\/wp-json\/wp\/v2\/pages\/36"}],"wp:attachment":[{"href":"https:\/\/kempeleenkiri.fi\/pesis\/wp-json\/wp\/v2\/media?parent=44"}],"curies":[{"name":"wp","href":"https:\/\/api.w.org\/{rel}","templated":true}]}}