{"id":42,"date":"2025-07-28T09:17:16","date_gmt":"2025-07-28T09:17:16","guid":{"rendered":"https:\/\/kiripesis.iwn.co\/?page_id=42"},"modified":"2026-03-17T20:46:11","modified_gmt":"2026-03-17T18:46:11","slug":"yhteistyokumppanit","status":"publish","type":"page","link":"https:\/\/kempeleenkiri.fi\/pesis\/naisten-edustusjoukkue\/yhteistyokumppanit\/","title":{"rendered":"Yhteisty\u00f6kumppanit"},"content":{"rendered":"\n<section id=\"g-siysi3x\" class=\"wp-block-gutentor-m3 alignfull section-g-siysi3x gutentor-module gutentor-container-cover heading-cover\"><div class=\"grid-container\">\n<section id=\"g-1ex2115\" class=\"wp-block-gutentor-m3 section-g-1ex2115 gutentor-module gutentor-container-cover\"><div class=\"grid-container\">\n<div id=\"section-g-r9ud31r\" class=\"wp-block-gutentor-e1 section-g-r9ud31r gutentor-element gutentor-element-advanced-text text-align-center-desktop text-align-center-tablet text-align-center-mobile\"><div class=\"gutentor-text-wrap\"><h3 class=\"gutentor-text\"><strong>P\u00e4\u00e4yhteisty\u00f6kumppanit<\/strong><\/h3><\/div><\/div>\n<\/div><\/section>\n<\/div><\/section>\n\n\n\n<section id=\"g-saasana\" class=\"wp-block-gutentor-m3 alignfull section-g-saasana gutentor-module gutentor-container-cover has-color-bg has-custom-bg logo-cover\"><div class=\"grid-container\">\n<section id=\"g-u5uos3j\" class=\"wp-block-gutentor-m4 section-g-u5uos3j gutentor-module gutentor-advanced-columns\"><div class=\"grid-container\"><div class=\"grid-row\">\n<div id=\"col-g-hsyg7ej\" class=\"wp-block-gutentor-m4-col col-g-hsyg7ej gutentor-single-column  grid-lg-12 grid-md-12 grid-12\"><div id=\"section-g-hsyg7ej\" class=\"section-g-hsyg7ej gutentor-col-wrap\">\n<section id=\"g-si3o1sw\" class=\"wp-block-gutentor-m10 section-g-si3o1sw gutentor-module g-gm-module logo-gallery\"><div class=\"grid-container\"><div class=\"grid-row g-gm-item-wrap\">\n<div id=\"col-g-m19iz0v\" class=\"wp-block-gutentor-m10-col col-g-m19iz0v gutentor-module g-gm-col grid-lg-3 grid-md-4 grid-6\"><div id=\"section-g-m19iz0v\" class=\"section-g-m19iz0v gutentor-single-col\">\n<div id=\"section-g-4iantni\" class=\"wp-block-gutentor-e6 section-g-4iantni gutentor-element gutentor-element-image\"><div class=\"gutentor-element-image-box\"><a class=\"gutentor-element-image-link\" href=\"https:\/\/www.kempele.fi\/\" target=\"_blank\" rel=\" noopener noreferrer\"><div class=\"gutentor-image-thumb\"><img decoding=\"async\" class=\"normal-image\" src=\"https:\/\/kempeleenkiri.fi\/pesis\/wp-content\/uploads\/sites\/3\/2025\/11\/kempele_logo_tumma-300x300-1.png\" \/><\/div><\/a><\/div><\/div>\n<\/div><\/div>\n\n\n\n<div id=\"col-g-kaclc1t\" class=\"wp-block-gutentor-m10-col col-g-kaclc1t gutentor-module g-gm-col grid-lg-3 grid-md-4 grid-6\"><div id=\"section-g-kaclc1t\" class=\"section-g-kaclc1t gutentor-single-col\">\n<div id=\"section-g-9cti8it\" class=\"wp-block-gutentor-e6 section-g-9cti8it gutentor-element gutentor-element-image\"><div class=\"gutentor-element-image-box\"><a class=\"gutentor-element-image-link\" href=\"https:\/\/omv.fi\/\" target=\"_blank\" rel=\" noopener noreferrer\"><div class=\"gutentor-image-thumb\"><img decoding=\"async\" class=\"normal-image\" src=\"https:\/\/kempeleenkiri.fi\/pesis\/wp-content\/uploads\/sites\/3\/2026\/03\/OMV.png\" \/><\/div><\/a><\/div><\/div>\n<\/div><\/div>\n\n\n\n<div id=\"col-g-fzx2f82\" class=\"wp-block-gutentor-m10-col col-g-fzx2f82 gutentor-module g-gm-col grid-lg-3 grid-md-4 grid-6\"><div id=\"section-g-fzx2f82\" class=\"section-g-fzx2f82 gutentor-single-col\">\n<div id=\"section-g-p6lln3l\" class=\"wp-block-gutentor-e6 section-g-p6lln3l gutentor-element gutentor-element-image\"><div class=\"gutentor-element-image-box\"><a class=\"gutentor-element-image-link\" href=\"https:\/\/www.oulunseudunsahko.fi\/\" target=\"_blank\" rel=\" noopener noreferrer\"><div class=\"gutentor-image-thumb\"><img decoding=\"async\" class=\"normal-image\" src=\"https:\/\/kempeleenkiri.fi\/pesis\/wp-content\/uploads\/sites\/3\/2026\/03\/oss-logo-400x195-1.png\" \/><\/div><\/a><\/div><\/div>\n<\/div><\/div>\n\n\n\n<div id=\"col-g-7jg7y0g\" class=\"wp-block-gutentor-m10-col col-g-7jg7y0g gutentor-module g-gm-col grid-lg-3 grid-md-4 grid-6\"><div id=\"section-g-7jg7y0g\" class=\"section-g-7jg7y0g gutentor-single-col\">\n<div id=\"section-g-pp1avur\" class=\"wp-block-gutentor-e6 section-g-pp1avur gutentor-element gutentor-element-image\"><div class=\"gutentor-element-image-box\"><a class=\"gutentor-element-image-link\" href=\"https:\/\/www.facebook.com\/RaminGrilli\/\"><div class=\"gutentor-image-thumb\"><img decoding=\"async\" class=\"normal-image\" src=\"https:\/\/kempeleenkiri.fi\/pesis\/wp-content\/uploads\/sites\/3\/2026\/03\/Ramin-Grilli.jpg\" \/><\/div><\/a><\/div><\/div>\n<\/div><\/div>\n<\/div><\/div><\/section>\n\n\n\n<section id=\"g-7lgl1ln\" class=\"wp-block-gutentor-m10 section-g-7lgl1ln gutentor-module g-gm-module logo-gallery\"><div class=\"grid-container\"><div class=\"grid-row g-gm-item-wrap\">\n<div id=\"col-g-pcqsjj5\" class=\"wp-block-gutentor-m10-col col-g-pcqsjj5 gutentor-module g-gm-col grid-lg-3 grid-md-4 grid-6\"><div id=\"section-g-pcqsjj5\" class=\"section-g-pcqsjj5 gutentor-single-col\">\n<div id=\"section-g-zro6rx6\" class=\"wp-block-gutentor-e6 section-g-zro6rx6 gutentor-element gutentor-element-image\"><div class=\"gutentor-element-image-box\"><a class=\"gutentor-element-image-link\" href=\"https:\/\/pyoramaailma.com\/\" target=\"_blank\" rel=\" noopener noreferrer\"><div class=\"gutentor-image-thumb\"><img decoding=\"async\" class=\"normal-image\" src=\"https:\/\/kempeleenkiri.fi\/pesis\/wp-content\/uploads\/sites\/3\/2026\/03\/pyoramaailma.png\" \/><\/div><\/a><\/div><\/div>\n<\/div><\/div>\n\n\n\n<div id=\"col-g-33c7cs3\" class=\"wp-block-gutentor-m10-col col-g-33c7cs3 gutentor-module g-gm-col grid-lg-3 grid-md-4 grid-6\"><div id=\"section-g-33c7cs3\" class=\"section-g-33c7cs3 gutentor-single-col\">\n<div id=\"section-g-dlli1if\" class=\"wp-block-gutentor-e6 section-g-dlli1if gutentor-element gutentor-element-image\"><div class=\"gutentor-element-image-box\"><a class=\"gutentor-element-image-link\" href=\"https:\/\/www.mbosa.fi\/\" target=\"_blank\" rel=\" noopener noreferrer\"><div class=\"gutentor-image-thumb\"><img decoding=\"async\" class=\"normal-image\" src=\"https:\/\/kempeleenkiri.fi\/pesis\/wp-content\/uploads\/sites\/3\/2026\/03\/MB-osa.png\" \/><\/div><\/a><\/div><\/div>\n<\/div><\/div>\n\n\n\n<div id=\"col-g-co1rr4k\" class=\"wp-block-gutentor-m10-col col-g-co1rr4k gutentor-module g-gm-col grid-lg-3 grid-md-4 grid-6\"><div id=\"section-g-co1rr4k\" class=\"section-g-co1rr4k gutentor-single-col\">\n<div id=\"section-g-k4s72pp\" class=\"wp-block-gutentor-e6 section-g-k4s72pp gutentor-element gutentor-element-image\"><div class=\"gutentor-element-image-box\"><a class=\"gutentor-element-image-link\" href=\"https:\/\/www.k-rauta.fi\/myymalat\/ojan-rauta-kempele\" target=\"_blank\" rel=\" noopener noreferrer\"><div class=\"gutentor-image-thumb\"><img decoding=\"async\" class=\"normal-image\" src=\"https:\/\/kempeleenkiri.fi\/pesis\/wp-content\/uploads\/sites\/3\/2026\/03\/Ojan-Rauta.webp\" \/><\/div><\/a><\/div><\/div>\n<\/div><\/div>\n\n\n\n<div id=\"col-g-e933rs3\" class=\"wp-block-gutentor-m10-col col-g-e933rs3 gutentor-module g-gm-col grid-lg-3 grid-md-4 grid-6\"><div id=\"section-g-e933rs3\" class=\"section-g-e933rs3 gutentor-single-col\">\n<div id=\"section-g-svv8lz8\" class=\"wp-block-gutentor-e6 section-g-svv8lz8 gutentor-element gutentor-element-image\"><div class=\"gutentor-element-image-box\"><a class=\"gutentor-element-image-link\" href=\"https:\/\/www.metalpower.fi\/\"><div class=\"gutentor-image-thumb\"><img decoding=\"async\" class=\"normal-image\" src=\"https:\/\/kempeleenkiri.fi\/pesis\/wp-content\/uploads\/sites\/3\/2026\/03\/Metalpower_logo.jpg\" \/><\/div><\/a><\/div><\/div>\n<\/div><\/div>\n<\/div><\/div><\/section>\n\n\n\n<section id=\"g-aju6tc1\" class=\"wp-block-gutentor-m10 section-g-aju6tc1 gutentor-module g-gm-module logo-gallery\"><div class=\"grid-container\"><div class=\"grid-row g-gm-item-wrap\">\n<div id=\"col-g-t5771wv\" class=\"wp-block-gutentor-m10-col col-g-t5771wv gutentor-module g-gm-col grid-lg-3 grid-md-4 grid-6\"><div id=\"section-g-t5771wv\" class=\"section-g-t5771wv gutentor-single-col\">\n<div id=\"section-g-5191ahl\" class=\"wp-block-gutentor-e6 section-g-5191ahl gutentor-element gutentor-element-image\"><div class=\"gutentor-element-image-box\"><a class=\"gutentor-element-image-link\" href=\"https:\/\/www.lahitapiola.fi\/\" target=\"_blank\" rel=\" noopener noreferrer\"><div class=\"gutentor-image-thumb\"><img decoding=\"async\" class=\"normal-image\" src=\"https:\/\/kempeleenkiri.fi\/pesis\/wp-content\/uploads\/sites\/3\/2025\/11\/LahiTapiola.png\" \/><\/div><\/a><\/div><\/div>\n<\/div><\/div>\n<\/div><\/div><\/section>\n<\/div><\/div>\n<\/div><\/div><\/section>\n<\/div><\/section>\n\n\n\n<p><\/p>\n","protected":false},"excerpt":{"rendered":"","protected":false},"author":1,"featured_media":0,"parent":36,"menu_order":0,"comment_status":"closed","ping_status":"closed","template":"","meta":{"_acf_changed":false,"footnotes":""},"class_list":["post-42","page","type-page","status-publish"],"acf":[],"_links":{"self":[{"href":"https:\/\/kempeleenkiri.fi\/pesis\/wp-json\/wp\/v2\/pages\/42","targetHints":{"allow":["GET"]}}],"collection":[{"href":"https:\/\/kempeleenkiri.fi\/pesis\/wp-json\/wp\/v2\/pages"}],"about":[{"href":"https:\/\/kempeleenkiri.fi\/pesis\/wp-json\/wp\/v2\/types\/page"}],"author":[{"embeddable":true,"href":"https:\/\/kempeleenkiri.fi\/pesis\/wp-json\/wp\/v2\/users\/1"}],"replies":[{"embeddable":true,"href":"https:\/\/kempeleenkiri.fi\/pesis\/wp-json\/wp\/v2\/comments?post=42"}],"version-history":[{"count":7,"href":"https:\/\/kempeleenkiri.fi\/pesis\/wp-json\/wp\/v2\/pages\/42\/revisions"}],"predecessor-version":[{"id":1597,"href":"https:\/\/kempeleenkiri.fi\/pesis\/wp-json\/wp\/v2\/pages\/42\/revisions\/1597"}],"up":[{"embeddable":true,"href":"https:\/\/kempeleenkiri.fi\/pesis\/wp-json\/wp\/v2\/pages\/36"}],"wp:attachment":[{"href":"https:\/\/kempeleenkiri.fi\/pesis\/wp-json\/wp\/v2\/media?parent=42"}],"curies":[{"name":"wp","href":"https:\/\/api.w.org\/{rel}","templated":true}]}}