{"id":34,"date":"2025-07-28T09:15:53","date_gmt":"2025-07-28T09:15:53","guid":{"rendered":"https:\/\/kiripesis.iwn.co\/?page_id=34"},"modified":"2026-04-09T12:56:53","modified_gmt":"2026-04-09T10:56:53","slug":"fanituotteet","status":"publish","type":"page","link":"https:\/\/kempeleenkiri.fi\/pesis\/miesten-superpesis\/fanituotteet\/","title":{"rendered":"Fanituotteet"},"content":{"rendered":"\n<section id=\"g-siysi3x\" class=\"wp-block-gutentor-m3 alignfull section-g-siysi3x gutentor-module gutentor-container-cover\"><div class=\"grid-container\">\n<section id=\"g-eegsv8e\" class=\"wp-block-gutentor-m4 section-g-eegsv8e gutentor-module gutentor-advanced-columns\"><div class=\"grid-container\"><div class=\"grid-row\">\n<div id=\"col-g-uime0me\" class=\"wp-block-gutentor-m4-col col-g-uime0me gutentor-single-column  grid-lg-7 grid-md-12 grid-12\"><div id=\"section-g-uime0me\" class=\"section-g-uime0me gutentor-col-wrap\">\n<div id=\"section-g-73id8r1\" class=\"wp-block-gutentor-e0 section-g-73id8r1 gutentor-element gutentor-element-advanced-text\"><div class=\"gutentor-text-wrap\"><p class=\"gutentor-text\">Kempeleen Kirin fanituotteita voi ostaa ja hypistell\u00e4 pelikauden ulkopuolella erin\u00e4isiss\u00e4 tapahtumissa, pelikaudella KeKin kotiotteluissa fanipisteess\u00e4.<br><br>Fanituotteiden osalta seuraa my\u00f6s KeKin somea ja lis\u00e4ksi voit olla n\u00e4ist\u00e4 milloin vain yhteydess\u00e4 Tarja Koskelaan, tarja.koskela@kempeleenkiri.fi<\/p><\/div><\/div>\n<\/div><\/div>\n\n\n\n<div id=\"col-g-eezezmm\" class=\"wp-block-gutentor-m4-col col-g-eezezmm gutentor-single-column  grid-lg-5 grid-md-12 grid-12\"><div id=\"section-g-eezezmm\" class=\"section-g-eezezmm gutentor-col-wrap\">\n<div id=\"section-g-sdf1wf2\" class=\"wp-block-gutentor-e6 section-g-sdf1wf2 gutentor-element gutentor-element-image\"><div class=\"gutentor-element-image-box\"><div class=\"gutentor-image-thumb\"><img decoding=\"async\" class=\"normal-image\" src=\"https:\/\/kempeleenkiri.fi\/pesis\/wp-content\/uploads\/sites\/3\/2025\/10\/DSC03275-1.webp\" \/><\/div><\/div><\/div>\n<\/div><\/div>\n<\/div><\/div><\/section>\n<\/div><\/section>\n","protected":false},"excerpt":{"rendered":"","protected":false},"author":1,"featured_media":0,"parent":22,"menu_order":0,"comment_status":"closed","ping_status":"closed","template":"","meta":{"_acf_changed":false,"footnotes":""},"class_list":["post-34","page","type-page","status-publish"],"acf":[],"_links":{"self":[{"href":"https:\/\/kempeleenkiri.fi\/pesis\/wp-json\/wp\/v2\/pages\/34","targetHints":{"allow":["GET"]}}],"collection":[{"href":"https:\/\/kempeleenkiri.fi\/pesis\/wp-json\/wp\/v2\/pages"}],"about":[{"href":"https:\/\/kempeleenkiri.fi\/pesis\/wp-json\/wp\/v2\/types\/page"}],"author":[{"embeddable":true,"href":"https:\/\/kempeleenkiri.fi\/pesis\/wp-json\/wp\/v2\/users\/1"}],"replies":[{"embeddable":true,"href":"https:\/\/kempeleenkiri.fi\/pesis\/wp-json\/wp\/v2\/comments?post=34"}],"version-history":[{"count":3,"href":"https:\/\/kempeleenkiri.fi\/pesis\/wp-json\/wp\/v2\/pages\/34\/revisions"}],"predecessor-version":[{"id":1637,"href":"https:\/\/kempeleenkiri.fi\/pesis\/wp-json\/wp\/v2\/pages\/34\/revisions\/1637"}],"up":[{"embeddable":true,"href":"https:\/\/kempeleenkiri.fi\/pesis\/wp-json\/wp\/v2\/pages\/22"}],"wp:attachment":[{"href":"https:\/\/kempeleenkiri.fi\/pesis\/wp-json\/wp\/v2\/media?parent=34"}],"curies":[{"name":"wp","href":"https:\/\/api.w.org\/{rel}","templated":true}]}}