{"id":32,"date":"2025-07-28T09:15:35","date_gmt":"2025-07-28T09:15:35","guid":{"rendered":"https:\/\/kiripesis.iwn.co\/?page_id=32"},"modified":"2026-04-09T13:08:50","modified_gmt":"2026-04-09T11:08:50","slug":"kumppanuus","status":"publish","type":"page","link":"https:\/\/kempeleenkiri.fi\/pesis\/miesten-superpesis\/kumppanuus\/","title":{"rendered":"Kumppanuus"},"content":{"rendered":"\n<section id=\"g-siysi3x\" class=\"wp-block-gutentor-m3 alignfull section-g-siysi3x gutentor-module gutentor-container-cover\"><div class=\"grid-container\">\n<section id=\"g-eegsv8e\" class=\"wp-block-gutentor-m4 section-g-eegsv8e gutentor-module gutentor-advanced-columns\"><div class=\"grid-container\"><div class=\"grid-row\">\n<div id=\"col-g-uime0me\" class=\"wp-block-gutentor-m4-col col-g-uime0me gutentor-single-column  grid-lg-7 grid-md-12 grid-12\"><div id=\"section-g-uime0me\" class=\"section-g-uime0me gutentor-col-wrap\">\n<div id=\"section-g-73id8r1\" class=\"wp-block-gutentor-e0 section-g-73id8r1 gutentor-element gutentor-element-advanced-text\"><div class=\"gutentor-text-wrap\"><p class=\"gutentor-text\">Kempeleen Kirin miesten superpesisjoukkueella on tarjolla monenlaisia yhteisty\u00f6mahdollisuuksia, kuten n\u00e4kyvyytt\u00e4 joukkueen matkassa, led-tauluja keskeisill\u00e4 paikoilla alueen teiden varsissa, virkistysp\u00e4ivi\u00e4 henkil\u00f6kunnalle, tai VIP-tilaisuuksia yritysvieraille.<br><br>Kempeleen Kirin kautta yhteisty\u00f6kumppani pystyy saamaan merkitt\u00e4v\u00e4\u00e4 n\u00e4kyvyytt\u00e4, jonka tavoittavuus ja kustannustehokkuus kest\u00e4\u00e4 vertailun mihin tahansa perinteiseen markkinointikanavaan. Kempeleen Kiri on ollut jo vuosia yksi Suomen seuratuimmista pes\u00e4pallojoukkueista TV-n\u00e4kyvyyden perusteella.<br><br>Jos olet kiinnostunut kumppanuudesta, ole rohkeasti yhteydess\u00e4:<br>Tarja Koskela, puh. 040\u00a0681 0333<br>Juha-Matti Ranta, puh. 044\u00a0566 4999<\/p><\/div><\/div>\n<\/div><\/div>\n\n\n\n<div id=\"col-g-eezezmm\" class=\"wp-block-gutentor-m4-col col-g-eezezmm gutentor-single-column  grid-lg-5 grid-md-12 grid-12\"><div id=\"section-g-eezezmm\" class=\"section-g-eezezmm gutentor-col-wrap\">\n<div id=\"section-g-sdf1wf2\" class=\"wp-block-gutentor-e6 section-g-sdf1wf2 gutentor-element gutentor-element-image\"><div class=\"gutentor-element-image-box\"><div class=\"gutentor-image-thumb\"><img decoding=\"async\" class=\"normal-image\" src=\"https:\/\/kempeleenkiri.fi\/pesis\/wp-content\/uploads\/sites\/3\/2025\/10\/DSC05795-scaled-1.webp\" \/><\/div><\/div><\/div>\n<\/div><\/div>\n<\/div><\/div><\/section>\n<\/div><\/section>\n","protected":false},"excerpt":{"rendered":"","protected":false},"author":1,"featured_media":0,"parent":22,"menu_order":0,"comment_status":"closed","ping_status":"closed","template":"","meta":{"_acf_changed":false,"footnotes":""},"class_list":["post-32","page","type-page","status-publish"],"acf":[],"_links":{"self":[{"href":"https:\/\/kempeleenkiri.fi\/pesis\/wp-json\/wp\/v2\/pages\/32","targetHints":{"allow":["GET"]}}],"collection":[{"href":"https:\/\/kempeleenkiri.fi\/pesis\/wp-json\/wp\/v2\/pages"}],"about":[{"href":"https:\/\/kempeleenkiri.fi\/pesis\/wp-json\/wp\/v2\/types\/page"}],"author":[{"embeddable":true,"href":"https:\/\/kempeleenkiri.fi\/pesis\/wp-json\/wp\/v2\/users\/1"}],"replies":[{"embeddable":true,"href":"https:\/\/kempeleenkiri.fi\/pesis\/wp-json\/wp\/v2\/comments?post=32"}],"version-history":[{"count":4,"href":"https:\/\/kempeleenkiri.fi\/pesis\/wp-json\/wp\/v2\/pages\/32\/revisions"}],"predecessor-version":[{"id":1710,"href":"https:\/\/kempeleenkiri.fi\/pesis\/wp-json\/wp\/v2\/pages\/32\/revisions\/1710"}],"up":[{"embeddable":true,"href":"https:\/\/kempeleenkiri.fi\/pesis\/wp-json\/wp\/v2\/pages\/22"}],"wp:attachment":[{"href":"https:\/\/kempeleenkiri.fi\/pesis\/wp-json\/wp\/v2\/media?parent=32"}],"curies":[{"name":"wp","href":"https:\/\/api.w.org\/{rel}","templated":true}]}}