{"id":24,"date":"2025-07-28T09:14:28","date_gmt":"2025-07-28T09:14:28","guid":{"rendered":"https:\/\/kiripesis.iwn.co\/?page_id=24"},"modified":"2026-03-05T14:23:01","modified_gmt":"2026-03-05T12:23:01","slug":"liput-ja-kausikortit","status":"publish","type":"page","link":"https:\/\/kempeleenkiri.fi\/pesis\/miesten-superpesis\/liput-ja-kausikortit\/","title":{"rendered":"Liput ja kausikortit"},"content":{"rendered":"\n<section id=\"g-siysi3x\" class=\"wp-block-gutentor-m3 alignfull section-g-siysi3x gutentor-module gutentor-container-cover\"><div class=\"grid-container\">\n<section id=\"g-eegsv8e\" class=\"wp-block-gutentor-m4 section-g-eegsv8e gutentor-module gutentor-advanced-columns\"><div class=\"grid-container\"><div class=\"grid-row\">\n<div id=\"col-g-uime0me\" class=\"wp-block-gutentor-m4-col col-g-uime0me gutentor-single-column  grid-lg-12 grid-md-12 grid-12\"><div id=\"section-g-uime0me\" class=\"section-g-uime0me gutentor-col-wrap\">\n<div id=\"section-g-toi0wm1\" class=\"wp-block-gutentor-e1 section-g-toi0wm1 gutentor-element gutentor-element-advanced-text text-align-center-desktop text-align-center-tablet text-align-center-mobile\"><div class=\"gutentor-text-wrap\"><p class=\"gutentor-text\">Liput ja kausikortit KeKin peleihin saat Ticketmasterista. Seuraa my\u00f6s meid\u00e4n someja kausikortti- ja lipputarjousten osalta.<br><\/p><\/div><\/div>\n\n\n\n<div id=\"section-g-boqasge\" class=\"wp-block-gutentor-e2 section-g-boqasge gutentor-element gutentor-element-button button-align-center-desktop button-align-center-tablet button-align-center-mobile\"><span class=\"gutentor-button-wrap\"><a class=\"gutentor-button gutentor-block-button gutentor-icon-hide\" href=\"https:\/\/www.ticketmaster.fi\/artist\/kempeleen-kiri-lippuja\/1189043\" target=\"_blank\" rel=\" noopener noreferrer\"><i class=\"gutentor-button-icon fas fa-book\"><\/i><span>Osta liput<\/span><\/a><\/span><\/div>\n\n\n\n<div id=\"section-g-9zwpal6\" class=\"wp-block-gutentor-e1 section-g-9zwpal6 gutentor-element gutentor-element-advanced-text text-align-center-mobile\"><div class=\"gutentor-text-wrap\"><p class=\"gutentor-text\"><br>Jos sinulla on t\u00e4h\u00e4n liittyen mit\u00e4 tahansa kysytt\u00e4v\u00e4\u00e4, tai jos olet kiinnostunut VIP-lipuista tai aitioista, ole yhteydess\u00e4 Juha-Matti Rantaan, puh. 044\u00a0566 4999, email. <a href=\"mailto:juha-matti.ranta@kempeleenkiri.fi\">juha-matti.ranta@kempeleenkiri.fi<\/a><\/p><\/div><\/div>\n<\/div><\/div>\n<\/div><\/div><\/section>\n<\/div><\/section>\n\n\n\n<section id=\"g-saasana\" class=\"wp-block-gutentor-m3 alignfull section-g-saasana gutentor-module gutentor-container-cover has-color-bg has-custom-bg\"><div class=\"grid-container\">\n<section id=\"g-u5uos3j\" class=\"wp-block-gutentor-m4 section-g-u5uos3j gutentor-module gutentor-advanced-columns\"><div class=\"grid-container\"><div class=\"grid-row\">\n<div id=\"col-g-hsyg7ej\" class=\"wp-block-gutentor-m4-col col-g-hsyg7ej gutentor-single-column  grid-lg-12 grid-md-12 grid-12\"><div id=\"section-g-hsyg7ej\" class=\"section-g-hsyg7ej gutentor-col-wrap\">\n<section id=\"g-si3o1sw\" class=\"wp-block-gutentor-m10 section-g-si3o1sw gutentor-module g-gm-module logo-gallery\"><div class=\"grid-container\"><div class=\"grid-row g-gm-item-wrap\">\n<div id=\"col-g-m19iz0v\" class=\"wp-block-gutentor-m10-col col-g-m19iz0v gutentor-module g-gm-col grid-lg-3 grid-md-4 grid-6\"><div id=\"section-g-m19iz0v\" class=\"section-g-m19iz0v gutentor-single-col\">\n<div id=\"section-g-4iantni\" class=\"wp-block-gutentor-e6 section-g-4iantni gutentor-element gutentor-element-image\"><div class=\"gutentor-element-image-box\"><div class=\"gutentor-image-thumb\"><img decoding=\"async\" class=\"normal-image\" src=\"https:\/\/kempeleenkiri.fi\/pesis\/wp-content\/uploads\/sites\/3\/2025\/11\/kempele_logo_tumma-300x300-1.png\" \/><\/div><\/div><\/div>\n<\/div><\/div>\n\n\n\n<div id=\"col-g-een3n3e\" class=\"wp-block-gutentor-m10-col col-g-een3n3e gutentor-module g-gm-col grid-lg-3 grid-md-4 grid-6\"><div id=\"section-g-een3n3e\" class=\"section-g-een3n3e gutentor-single-col\">\n<div id=\"section-g-qedgoo1\" class=\"wp-block-gutentor-e6 section-g-qedgoo1 gutentor-element gutentor-element-image\"><div class=\"gutentor-element-image-box\"><div class=\"gutentor-image-thumb\"><img decoding=\"async\" class=\"normal-image\" src=\"https:\/\/kempeleenkiri.fi\/pesis\/wp-content\/uploads\/sites\/3\/2025\/07\/aurealkv-a7afebd2ae80d2cc1f7feec8b2fd927a-1.png\" \/><\/div><\/div><\/div>\n<\/div><\/div>\n\n\n\n<div id=\"col-g-t5771wv\" class=\"wp-block-gutentor-m10-col col-g-t5771wv gutentor-module g-gm-col grid-lg-3 grid-md-4 grid-6\"><div id=\"section-g-t5771wv\" class=\"section-g-t5771wv gutentor-single-col\">\n<div id=\"section-g-5191ahl\" class=\"wp-block-gutentor-e6 section-g-5191ahl gutentor-element gutentor-element-image\"><div class=\"gutentor-element-image-box\"><div class=\"gutentor-image-thumb\"><img decoding=\"async\" class=\"normal-image\" src=\"https:\/\/kempeleenkiri.fi\/pesis\/wp-content\/uploads\/sites\/3\/2025\/11\/Autofix1.jpg\" \/><\/div><\/div><\/div>\n<\/div><\/div>\n\n\n\n<div id=\"col-g-ndlclph\" class=\"wp-block-gutentor-m10-col col-g-ndlclph gutentor-module g-gm-col grid-lg-3 grid-md-4 grid-6\"><div id=\"section-g-ndlclph\" class=\"section-g-ndlclph gutentor-single-col\">\n<div id=\"section-g-omvpt1p\" class=\"wp-block-gutentor-e6 section-g-omvpt1p gutentor-element gutentor-element-image\"><div class=\"gutentor-element-image-box\"><div class=\"gutentor-image-thumb\"><img decoding=\"async\" class=\"normal-image\" src=\"https:\/\/kempeleenkiri.fi\/pesis\/wp-content\/uploads\/sites\/3\/2025\/11\/MBOsa.jpg\" \/><\/div><\/div><\/div>\n<\/div><\/div>\n\n\n\n<div id=\"col-g-fs1mu0a\" class=\"wp-block-gutentor-m10-col col-g-fs1mu0a gutentor-module g-gm-col grid-lg-3 grid-md-4 grid-6\"><div id=\"section-g-fs1mu0a\" class=\"section-g-fs1mu0a gutentor-single-col\">\n<div id=\"section-g-ce3rdlx\" class=\"wp-block-gutentor-e6 section-g-ce3rdlx gutentor-element gutentor-element-image\"><div class=\"gutentor-element-image-box\"><div class=\"gutentor-image-thumb\"><img decoding=\"async\" class=\"normal-image\" src=\"https:\/\/kempeleenkiri.fi\/pesis\/wp-content\/uploads\/sites\/3\/2025\/11\/cropped-logoo-1.png\" \/><\/div><\/div><\/div>\n<\/div><\/div>\n\n\n\n<div id=\"col-g-1ls111r\" class=\"wp-block-gutentor-m10-col col-g-1ls111r gutentor-module g-gm-col grid-lg-3 grid-md-4 grid-6\"><div id=\"section-g-1ls111r\" class=\"section-g-1ls111r gutentor-single-col\">\n<div id=\"section-g-suupcru\" class=\"wp-block-gutentor-e6 section-g-suupcru gutentor-element gutentor-element-image\"><div class=\"gutentor-element-image-box\"><div class=\"gutentor-image-thumb\"><img decoding=\"async\" class=\"normal-image\" src=\"https:\/\/kempeleenkiri.fi\/pesis\/wp-content\/uploads\/sites\/3\/2025\/11\/OMP.jpg\" \/><\/div><\/div><\/div>\n<\/div><\/div>\n<\/div><\/div><\/section>\n<\/div><\/div>\n<\/div><\/div><\/section>\n<\/div><\/section>\n","protected":false},"excerpt":{"rendered":"","protected":false},"author":1,"featured_media":0,"parent":22,"menu_order":0,"comment_status":"closed","ping_status":"closed","template":"","meta":{"_acf_changed":false,"footnotes":""},"class_list":["post-24","page","type-page","status-publish"],"acf":[],"_links":{"self":[{"href":"https:\/\/kempeleenkiri.fi\/pesis\/wp-json\/wp\/v2\/pages\/24","targetHints":{"allow":["GET"]}}],"collection":[{"href":"https:\/\/kempeleenkiri.fi\/pesis\/wp-json\/wp\/v2\/pages"}],"about":[{"href":"https:\/\/kempeleenkiri.fi\/pesis\/wp-json\/wp\/v2\/types\/page"}],"author":[{"embeddable":true,"href":"https:\/\/kempeleenkiri.fi\/pesis\/wp-json\/wp\/v2\/users\/1"}],"replies":[{"embeddable":true,"href":"https:\/\/kempeleenkiri.fi\/pesis\/wp-json\/wp\/v2\/comments?post=24"}],"version-history":[{"count":7,"href":"https:\/\/kempeleenkiri.fi\/pesis\/wp-json\/wp\/v2\/pages\/24\/revisions"}],"predecessor-version":[{"id":1535,"href":"https:\/\/kempeleenkiri.fi\/pesis\/wp-json\/wp\/v2\/pages\/24\/revisions\/1535"}],"up":[{"embeddable":true,"href":"https:\/\/kempeleenkiri.fi\/pesis\/wp-json\/wp\/v2\/pages\/22"}],"wp:attachment":[{"href":"https:\/\/kempeleenkiri.fi\/pesis\/wp-json\/wp\/v2\/media?parent=24"}],"curies":[{"name":"wp","href":"https:\/\/api.w.org\/{rel}","templated":true}]}}