{"id":1683,"date":"2026-04-13T09:01:04","date_gmt":"2026-04-13T07:01:04","guid":{"rendered":"https:\/\/kempeleenkiri.fi\/pesis\/?page_id=1683"},"modified":"2026-04-16T22:41:48","modified_gmt":"2026-04-16T20:41:48","slug":"pesiskoulu","status":"publish","type":"page","link":"https:\/\/kempeleenkiri.fi\/pesis\/juniorit\/pesiskoulu\/","title":{"rendered":"Kirin ja Pohjolan OP:n pesiskoulu 7 -12 vuotiaille"},"content":{"rendered":"\n<p><\/p>\n\n\n\n<p><\/p>\n\n\n\n<section id=\"g-eegsv8e\" class=\"wp-block-gutentor-m4 section-g-eegsv8e gutentor-module gutentor-advanced-columns\"><div class=\"grid-container\"><div class=\"grid-row\">\n<div id=\"col-g-uime0me\" class=\"wp-block-gutentor-m4-col col-g-uime0me gutentor-single-column  grid-lg-7 grid-md-12 grid-12\"><div id=\"section-g-uime0me\" class=\"section-g-uime0me gutentor-col-wrap\">\n<div id=\"section-g-73id8r1\" class=\"wp-block-gutentor-e0 section-g-73id8r1 gutentor-element gutentor-element-advanced-text\"><div class=\"gutentor-text-wrap\"><p class=\"gutentor-text\"><strong>Kirin ja Pohjolan OP:n pesiskoulussa\u00a0<\/strong>opitaan pesiksen perusteita, pelaamaan ja pit\u00e4m\u00e4\u00e4n hauskaa hyv\u00e4ss\u00e4 porukassa. Pesiskoulussa p\u00e4\u00e4paino on pelaamisessa, jonka ohella harjoitellaan erilaisia pesistaitoja. Et tarvitse omia v\u00e4lineit\u00e4, vaan voit tulla mukaan testaamaan pesistaitojasi.<br><br><strong>Pesiskoulu on 7\u201312-vuotiaille<\/strong>. Pesiskoulua j\u00e4rjestet\u00e4\u00e4n aikav\u00e4lill\u00e4 2.6 &#8211; 28.6.2026 kahdella kent\u00e4ll\u00e4 (Linnakangas ja Kirkonkyl\u00e4n koulu) kahdesti viikossa, iltap\u00e4ivisin tiistaisin ja torstaisin. Kukin osallistuja ilmoittaa itselleen sopivimman kent\u00e4n ilmoittautumisen yhteydess\u00e4. Pesiskoulu huipentuu su 28.6 pelip\u00e4iv\u00e4\u00e4n, joka j\u00e4rjestet\u00e4\u00e4n Kirkonkyl\u00e4n koulun kent\u00e4ll\u00e4 yhdess\u00e4 kaikkien pesiskoululaisten kanssa.<br><br>Pesiskoulutoimintaan p\u00e4\u00e4see tutustumaan avoimien ilmaisten treenien kautta:\u00a0<br><br>(Avoimiin harkkoihin ilmoittautuminen tekstiviestill\u00e4 Tanja Kimpim\u00e4ki-Soinsaari 0442486202)<br><br>\u00a0<strong>13.5 klo 16\u201317 ja 17.5 klo 13-14 Linnakangas<\/strong><br><strong>\u00a019.5 klo 16\u201317 ja 24.5 klo 13-14 Kirkonkyl\u00e4<\/strong><br><br>Pesiskouluun (ja samalla Suomiportista l\u00f6ytyv\u00e4\u00e4n Kirin pesiskouluryhm\u00e4\u00e4n) ilmoittaudutaan Suomisportin kautta: <a href=\"https:\/\/www.suomisport.fi\/events\/119929cf-ca24-445d-a61e-89aba9348ac5\"><span style=\"text-decoration: underline\">Suomisport<\/span><\/a><br><br>Osallistumismaksu ker\u00e4t\u00e4\u00e4n ilmoittautumisen yhteydess\u00e4.\u00a0<br><br>Pesiskoulutoiminnan alkaessa vanhempien toivotaan ilmoittavan pesiskoululaisensa kuhunkin &#8220;harkkaan&#8221; t\u00e4m\u00e4n Suomisport-ryhm\u00e4n kautta ja vastaavasti t\u00e4t\u00e4 ryhm\u00e4\u00e4 voidaan k\u00e4ytt\u00e4\u00e4 ryhm\u00e4l\u00e4isille viestitt\u00e4miseen.\u00a0<br><br>[Suomisporttiin luodaan tili (rekister\u00f6idyt\u00e4\u00e4n) ja aikuinen liitt\u00e4\u00e4 alaik\u00e4isen lapsensa tiliins\u00e4 ja vasta t\u00e4m\u00e4n j\u00e4lkeen lapsi voidaan ilmoittaa ryhmiin. Suomisportin k\u00e4ytt\u00e4misell\u00e4 urheiluseurat pystyv\u00e4t takaamaan henkil\u00f6tietoturvallisuuden &#8211;\u00a0<a href=\"http:\/\/suomisport.fi\/\" target=\"_blank\" rel=\"noreferrer noopener\"><span style=\"text-decoration: underline\">suomisport.f<\/span>i<\/a>\u00a0sivulta l\u00f6ytyy mm ohjeet tilin luontiin ja kirjautumiseen.]\u00a0<br><br>Pesiskoulumaksu on 50\u20ac tai Pohjolan OP:n omistajatalouden lapsille maksu on 45\u20ac. Maksuun sis\u00e4ltyy vakuutuksellinen pesispassi. Pohjolan OP:n\u00a0omistaja-asiakkaiden alennuskoodi l\u00f6ytyy\u00a0helposti OP-mobiilin kautta\u00a0&gt; Asiakkuus &gt; Kumppaniedut.<br><br>Tiedustelut Tanja Kimpim\u00e4ki-Soinsaari 0442486202<\/p><\/div><\/div>\n<\/div><\/div>\n\n\n\n<div id=\"col-g-eezezmm\" class=\"wp-block-gutentor-m4-col col-g-eezezmm gutentor-single-column  grid-lg-5 grid-md-12 grid-12\"><div id=\"section-g-eezezmm\" class=\"section-g-eezezmm gutentor-col-wrap\">\n<div id=\"section-g-sdf1wf2\" class=\"wp-block-gutentor-e6 section-g-sdf1wf2 gutentor-element gutentor-element-image\"><div class=\"gutentor-element-image-box\"><div class=\"gutentor-image-thumb\"><img decoding=\"async\" class=\"normal-image\" src=\"https:\/\/kempeleenkiri.fi\/pesis\/wp-content\/uploads\/sites\/3\/2026\/04\/pesiskoulu2.jpg\" \/><\/div><\/div><\/div>\n<\/div><\/div>\n<\/div><\/div><\/section>\n\n\n\n<p><\/p>\n","protected":false},"excerpt":{"rendered":"","protected":false},"author":10,"featured_media":0,"parent":46,"menu_order":0,"comment_status":"closed","ping_status":"closed","template":"","meta":{"_acf_changed":false,"footnotes":""},"class_list":["post-1683","page","type-page","status-publish"],"acf":[],"_links":{"self":[{"href":"https:\/\/kempeleenkiri.fi\/pesis\/wp-json\/wp\/v2\/pages\/1683","targetHints":{"allow":["GET"]}}],"collection":[{"href":"https:\/\/kempeleenkiri.fi\/pesis\/wp-json\/wp\/v2\/pages"}],"about":[{"href":"https:\/\/kempeleenkiri.fi\/pesis\/wp-json\/wp\/v2\/types\/page"}],"author":[{"embeddable":true,"href":"https:\/\/kempeleenkiri.fi\/pesis\/wp-json\/wp\/v2\/users\/10"}],"replies":[{"embeddable":true,"href":"https:\/\/kempeleenkiri.fi\/pesis\/wp-json\/wp\/v2\/comments?post=1683"}],"version-history":[{"count":20,"href":"https:\/\/kempeleenkiri.fi\/pesis\/wp-json\/wp\/v2\/pages\/1683\/revisions"}],"predecessor-version":[{"id":1798,"href":"https:\/\/kempeleenkiri.fi\/pesis\/wp-json\/wp\/v2\/pages\/1683\/revisions\/1798"}],"up":[{"embeddable":true,"href":"https:\/\/kempeleenkiri.fi\/pesis\/wp-json\/wp\/v2\/pages\/46"}],"wp:attachment":[{"href":"https:\/\/kempeleenkiri.fi\/pesis\/wp-json\/wp\/v2\/media?parent=1683"}],"curies":[{"name":"wp","href":"https:\/\/api.w.org\/{rel}","templated":true}]}}