{"id":1677,"date":"2026-04-13T08:54:05","date_gmt":"2026-04-13T06:54:05","guid":{"rendered":"https:\/\/kempeleenkiri.fi\/pesis\/?page_id=1677"},"modified":"2026-04-16T22:47:23","modified_gmt":"2026-04-16T20:47:23","slug":"pesisliikkari","status":"publish","type":"page","link":"https:\/\/kempeleenkiri.fi\/pesis\/juniorit\/pesisliikkari\/","title":{"rendered":"PESISLIIKKARI KES\u00c4 2026"},"content":{"rendered":"\n<p><br><\/p>\n\n\n\n<section id=\"g-9wlcflz\" class=\"wp-block-gutentor-m4 section-g-9wlcflz gutentor-module gutentor-advanced-columns\"><div class=\"grid-container\"><div class=\"grid-row\">\n<div id=\"col-g-j9wpgeg\" class=\"wp-block-gutentor-m4-col col-g-j9wpgeg gutentor-single-column  grid-lg-7 grid-md-12 grid-12\"><div id=\"section-g-j9wpgeg\" class=\"section-g-j9wpgeg gutentor-col-wrap\">\n<div id=\"section-g-h775tby\" class=\"wp-block-gutentor-e0 section-g-h775tby gutentor-element gutentor-element-advanced-text\"><div class=\"gutentor-text-wrap\"><p class=\"gutentor-text\">Kunnarikettu pesisliikkarissa pidet\u00e4\u00e4n hauskaa leikkien, hippojen ja pienpelien merkeiss\u00e4. Harjoittelemme my\u00f6s pesistaitoja, kuten heitt\u00e4mist\u00e4, kiinniottamista ja ly\u00f6mist\u00e4. Mahdollisen liikuntaharrastuksen aloittaminen tulevaisuudessa helpottuu.<br><br>Kunnariketun pesisliikkarissa on kaksi ryhm\u00e4\u00e4 3\u20134v ja 5\u20136 vuotiaat. Toiminta tapahtuu aikav\u00e4lill\u00e4 ti 2.6 &#8211; su 28.6. Pienempien ryhm\u00e4 on tiistaisin klo 16 &#8211; 17 ja isompien torstaisin 16 &#8211; 17 , sunnuntaisin 10:30 -12:00 on molempien ryhmien yhteiskokoontuminen. Kaikki tapahtumat Kirkonkyl\u00e4n koulun kent\u00e4ll\u00e4. Aiempaa kokemusta pes\u00e4pallosta ei tarvita. Ohjaajilta l\u00f6ytyy monipuolisia liikuntav\u00e4lineit\u00e4 monenlaiseen liikkumiseen ja kaikki lajivarusteet!<br><br>Kunnariketun pesisliikkariin p\u00e4\u00e4see tutustumaan avoimien ilmaisten harkkojen kautta:<br><br>(Avoimiin harkkoihin ilmoittautuminen tekstiviestill\u00e4 Tanja Kimpim\u00e4ki-Soinsaari 0442486202)\u00a0<br><br><strong>17.5 klo 14:30-15:30 Linnakangas\u00a0<\/strong><br><strong>24.5 klo 14:30-15:30 Kirkonkyl\u00e4\u00a0<\/strong><\/p><\/div><\/div>\n<\/div><\/div>\n\n\n\n<div id=\"col-g-177mc15\" class=\"wp-block-gutentor-m4-col col-g-177mc15 gutentor-single-column  grid-lg-5 grid-md-12 grid-12\"><div id=\"section-g-177mc15\" class=\"section-g-177mc15 gutentor-col-wrap\">\n<div id=\"section-g-p11ti9a\" class=\"wp-block-gutentor-e6 section-g-p11ti9a gutentor-element gutentor-element-image\"><div class=\"gutentor-element-image-box\"><div class=\"gutentor-image-thumb\"><img decoding=\"async\" class=\"normal-image\" src=\"https:\/\/kempeleenkiri.fi\/pesis\/wp-content\/uploads\/sites\/3\/2026\/04\/Nayttokuva-2026-04-16-123344.png\" \/><\/div><\/div><\/div>\n\n\n\n<div id=\"section-g-yewe5he\" class=\"wp-block-gutentor-e6 section-g-yewe5he gutentor-element gutentor-element-image\"><div class=\"gutentor-element-image-box\"><div class=\"gutentor-image-thumb\"><img decoding=\"async\" class=\"normal-image\" src=\"https:\/\/kempeleenkiri.fi\/pesis\/wp-content\/uploads\/sites\/3\/2025\/12\/Kunnariketun_pesiskietue_logo_round_web_png-scaled.png\" \/><\/div><\/div><\/div>\n<\/div><\/div>\n<\/div><\/div><\/section>\n\n\n\n<section id=\"g-7wo61l3\" class=\"wp-block-gutentor-m4 section-g-7wo61l3 gutentor-module gutentor-advanced-columns\"><div class=\"grid-container\"><div class=\"grid-row\">\n<div id=\"col-g-sgw7efg\" class=\"wp-block-gutentor-m4-col col-g-sgw7efg gutentor-single-column  grid-lg-7 grid-md-12 grid-12\"><div id=\"section-g-sgw7efg\" class=\"section-g-sgw7efg gutentor-col-wrap\">\n<div id=\"section-g-l1wyo1j\" class=\"wp-block-gutentor-e0 section-g-l1wyo1j gutentor-element gutentor-element-advanced-text\"><div class=\"gutentor-text-wrap\"><p class=\"gutentor-text\">Kunnariketun pesisliikkariin (ja samalla Suomiportista l\u00f6ytyviin Kirin pesisliikkariryhmiin) ilmoittaudutaan Suomisportin kautta:\u00a0<span style=\"text-decoration: underline\"><a href=\"https:\/\/www.suomisport.fi\/events\/6f89e613-fb44-4bdf-9d1c-3d0aec474815\" target=\"_blank\" rel=\"noreferrer noopener\">Suomisport<\/a><br><\/span><br>Osallistumismaksu ker\u00e4t\u00e4\u00e4n ilmoittautumisen yhteydess\u00e4.<br><br>Kunnariketun pesisliikkari alkaessa vanhempien toivotaan ilmoittavan liikkarilaisensa kuhunkin &#8220;harkkaan&#8221; t\u00e4m\u00e4n Suomisport-ryhm\u00e4n kautta ja vastaavasti t\u00e4t\u00e4 ryhm\u00e4\u00e4 voidaan k\u00e4ytt\u00e4\u00e4 ryhm\u00e4l\u00e4isille viestitt\u00e4miseen.<br><br>[Suomisporttiin luodaan tili (rekister\u00f6idyt\u00e4\u00e4n) ja aikuinen liittt\u00e4\u00e4 alaik\u00e4isen lapsensa tiliins\u00e4 ja vasta t\u00e4m\u00e4n j\u00e4lkeen lapsi voidaan ilmoittaa ryhmiin. Suomisportin k\u00e4ytt\u00e4misell\u00e4 urheiluseurat pystyv\u00e4t takaamaan henkil\u00f6tietoturvallisuuden &#8211;\u00a0<a href=\"http:\/\/suomisport.fi\/\" target=\"_blank\" rel=\"noreferrer noopener\"><span style=\"text-decoration: underline\">suomisport.fi<\/span><\/a>\u00a0sivulta l\u00f6ytyy mm ohjeet tilin luontiin ja kirjautumiseen.]\u00a0<br><br>Kunnariketun pesisliikkarimaksu on 50\u20ac tai Pohjolan OP:n omistajatalouden lapsille maksu on 45\u20ac.\u00a0Pohjolan OP:n\u00a0omistaja-asiakkaiden alennuskoodi l\u00f6ytyy\u00a0helposti OP-mobiilin kautta\u00a0&gt; Asiakkuus &gt; Kumppaniedut.<br>Maksuun sis\u00e4ltyy vakuutuksellinen pesispassi.<br><br>Tiedustelut\u00a0Tanja Kimpim\u00e4ki-Soinsaari 0442486202<br><\/p><\/div><\/div>\n<\/div><\/div>\n\n\n\n<div id=\"col-g-163l8ld\" class=\"wp-block-gutentor-m4-col col-g-163l8ld gutentor-single-column  grid-lg-5 grid-md-12 grid-12\"><div id=\"section-g-163l8ld\" class=\"section-g-163l8ld gutentor-col-wrap\"><\/div><\/div>\n<\/div><\/div><\/section>\n\n\n\n<p><\/p>\n\n\n\n<p><\/p>\n","protected":false},"excerpt":{"rendered":"","protected":false},"author":10,"featured_media":0,"parent":46,"menu_order":0,"comment_status":"closed","ping_status":"closed","template":"","meta":{"_acf_changed":false,"footnotes":""},"class_list":["post-1677","page","type-page","status-publish"],"acf":[],"_links":{"self":[{"href":"https:\/\/kempeleenkiri.fi\/pesis\/wp-json\/wp\/v2\/pages\/1677","targetHints":{"allow":["GET"]}}],"collection":[{"href":"https:\/\/kempeleenkiri.fi\/pesis\/wp-json\/wp\/v2\/pages"}],"about":[{"href":"https:\/\/kempeleenkiri.fi\/pesis\/wp-json\/wp\/v2\/types\/page"}],"author":[{"embeddable":true,"href":"https:\/\/kempeleenkiri.fi\/pesis\/wp-json\/wp\/v2\/users\/10"}],"replies":[{"embeddable":true,"href":"https:\/\/kempeleenkiri.fi\/pesis\/wp-json\/wp\/v2\/comments?post=1677"}],"version-history":[{"count":33,"href":"https:\/\/kempeleenkiri.fi\/pesis\/wp-json\/wp\/v2\/pages\/1677\/revisions"}],"predecessor-version":[{"id":1800,"href":"https:\/\/kempeleenkiri.fi\/pesis\/wp-json\/wp\/v2\/pages\/1677\/revisions\/1800"}],"up":[{"embeddable":true,"href":"https:\/\/kempeleenkiri.fi\/pesis\/wp-json\/wp\/v2\/pages\/46"}],"wp:attachment":[{"href":"https:\/\/kempeleenkiri.fi\/pesis\/wp-json\/wp\/v2\/media?parent=1677"}],"curies":[{"name":"wp","href":"https:\/\/api.w.org\/{rel}","templated":true}]}}