{"id":1051,"date":"2025-12-02T09:51:42","date_gmt":"2025-12-02T09:51:42","guid":{"rendered":"https:\/\/kiripesis.iwn.co\/?page_id=1051"},"modified":"2025-12-03T11:47:33","modified_gmt":"2025-12-03T11:47:33","slug":"pesapallojaosto","status":"publish","type":"page","link":"https:\/\/kempeleenkiri.fi\/pesis\/pesapallojaosto\/","title":{"rendered":"Pes\u00e4pallojaosto"},"content":{"rendered":"\n<section id=\"g-siysi3x\" class=\"wp-block-gutentor-m3 alignfull section-g-siysi3x gutentor-module gutentor-container-cover\"><div class=\"grid-container\">\n<section id=\"g-eegsv8e\" class=\"wp-block-gutentor-m4 section-g-eegsv8e gutentor-module gutentor-advanced-columns\"><div class=\"grid-container\"><div class=\"grid-row\">\n<div id=\"col-g-uime0me\" class=\"wp-block-gutentor-m4-col col-g-uime0me gutentor-single-column  grid-lg-12 grid-md-12 grid-12\"><div id=\"section-g-uime0me\" class=\"section-g-uime0me gutentor-col-wrap\">\n<div id=\"section-g-toi0wm1\" class=\"wp-block-gutentor-e1 section-g-toi0wm1 gutentor-element gutentor-element-advanced-text text-align-center-desktop text-align-center-tablet text-align-center-mobile\"><div class=\"gutentor-text-wrap\"><p class=\"gutentor-text\">Kempeleen Kiriss\u00e4 pes\u00e4pallotoimintaa ohjataan pes\u00e4pallojaoston kautta.<br>Jaostossa on edustettuina edustusjoukkueet ja B-ik\u00e4isten joukkueet, juniorijoukkueet (junioritiimin vet\u00e4j\u00e4t), valmennusp\u00e4\u00e4llik\u00f6t sek\u00e4 talous- ja nettimaailma -tiet\u00e4mys.<br>Pes\u00e4pallojaoston puheenjohtaja on Juha-Matti Ranta.<br> <br>Pes\u00e4pallojaoston s\u00e4hk\u00f6posti on <a href=\"mailto:ppjaosto@kempeleenkiri.fi\">ppjaosto@kempeleenkiri.fi<\/a><\/p><\/div><\/div>\n<\/div><\/div>\n<\/div><\/div><\/section>\n\n\n\n<p><\/p>\n<\/div><\/section>\n","protected":false},"excerpt":{"rendered":"","protected":false},"author":1,"featured_media":0,"parent":0,"menu_order":0,"comment_status":"closed","ping_status":"closed","template":"","meta":{"_acf_changed":false,"footnotes":""},"class_list":["post-1051","page","type-page","status-publish"],"acf":[],"_links":{"self":[{"href":"https:\/\/kempeleenkiri.fi\/pesis\/wp-json\/wp\/v2\/pages\/1051","targetHints":{"allow":["GET"]}}],"collection":[{"href":"https:\/\/kempeleenkiri.fi\/pesis\/wp-json\/wp\/v2\/pages"}],"about":[{"href":"https:\/\/kempeleenkiri.fi\/pesis\/wp-json\/wp\/v2\/types\/page"}],"author":[{"embeddable":true,"href":"https:\/\/kempeleenkiri.fi\/pesis\/wp-json\/wp\/v2\/users\/1"}],"replies":[{"embeddable":true,"href":"https:\/\/kempeleenkiri.fi\/pesis\/wp-json\/wp\/v2\/comments?post=1051"}],"version-history":[{"count":1,"href":"https:\/\/kempeleenkiri.fi\/pesis\/wp-json\/wp\/v2\/pages\/1051\/revisions"}],"predecessor-version":[{"id":1140,"href":"https:\/\/kempeleenkiri.fi\/pesis\/wp-json\/wp\/v2\/pages\/1051\/revisions\/1140"}],"wp:attachment":[{"href":"https:\/\/kempeleenkiri.fi\/pesis\/wp-json\/wp\/v2\/media?parent=1051"}],"curies":[{"name":"wp","href":"https:\/\/api.w.org\/{rel}","templated":true}]}}