{"id":563,"date":"2021-12-13T04:15:18","date_gmt":"2021-12-13T04:15:18","guid":{"rendered":"https:\/\/blockart-agency.sites.qsandbox.com\/?page_id=563"},"modified":"2025-12-11T13:15:48","modified_gmt":"2025-12-11T11:15:48","slug":"hiihtokoulut","status":"publish","type":"page","link":"https:\/\/kempeleenkiri.fi\/hiihto\/hiihtokoulut\/","title":{"rendered":"Hiihtokoulut"},"content":{"rendered":"\n<div class=\"blockart-section blockart-section-05faa3ea\"><div class=\"blockart-container\"><div class=\"blockart-section-inner\">\n<div class=\"blockart-column blockart-column-75720cb8\"><div class=\"blockart-column-inner\">\n<figure class=\"blockart-image blockart-image-08e2859a\"><img loading=\"lazy\" decoding=\"async\" class=\"wp-image-1351 hover-effect-static filter-none mask mask-none\" src=\"https:\/\/kempeleenkiri.fi\/hiihto\/wp-content\/uploads\/2024\/07\/innostuhiihdosta.jpg\" alt=\"\" height=\"1080\" width=\"1080\" srcset=\"https:\/\/kempeleenkiri.fi\/hiihto\/wp-content\/uploads\/2024\/07\/innostuhiihdosta.jpg 1080w, https:\/\/kempeleenkiri.fi\/hiihto\/wp-content\/uploads\/2024\/07\/innostuhiihdosta-300x300.jpg 300w, https:\/\/kempeleenkiri.fi\/hiihto\/wp-content\/uploads\/2024\/07\/innostuhiihdosta-1024x1024.jpg 1024w, https:\/\/kempeleenkiri.fi\/hiihto\/wp-content\/uploads\/2024\/07\/innostuhiihdosta-150x150.jpg 150w, https:\/\/kempeleenkiri.fi\/hiihto\/wp-content\/uploads\/2024\/07\/innostuhiihdosta-768x768.jpg 768w\" sizes=\"auto, (max-width: 1080px) 100vw, 1080px\" \/><\/figure>\n<\/div><\/div>\n\n\n\n<div class=\"blockart-column blockart-column-f00a0fc4\"><div class=\"blockart-column-inner\">\n<h2 class=\"blockart-heading blockart-heading-2a9ef4ac\">Innostu hiihdosta<\/h2>\n\n\n\n<p class=\"blockart-paragraph blockart-paragraph-78c56f4c\">Innostu hiihdosta &#8211; hiihtokoulun tarkoituksena on hiihdon perustaitojen opettaminen ja taitotason lis\u00e4\u00e4minen vaiheittain hiihdon pienimmille harrastajalle. <\/p>\n\n\n\n<p class=\"blockart-paragraph blockart-paragraph-7a727470\">Hiihtokoulussa opettelemme ty\u00f6nt\u00f6 ja potkutekniikat ik\u00e4ryhm\u00e4\u00e4n sopivalla tavalla. Nuoremmilla alle 7 vuotiailla p\u00e4\u00e4asiassa ovat erilaiset leikit ja pelit tukemassa tekniikkaopetusta. Hiihto on koko perheen harrastus, joten vanhemmat p\u00e4\u00e4sev\u00e4t samalla kertaa mukaan opetukseen yhdess\u00e4 hiihtokoululaisen kanssa. <\/p>\n\n\n\n<p class=\"blockart-paragraph blockart-paragraph-36702136\">Hiihtokoulut toimivat lyhyin\u00e4 kurssimuotoisina ja voit tulla mukaan koska tahansa. Yksi kurssi sis\u00e4lt\u00e4\u00e4 aina 5 harjoituskertaa. Ensimm\u00e4inen hiihtokurssi py\u00f6r\u00e4ht\u00e4\u00e4 k\u00e4yntiin tiistaina 13.1.2026 klo 18-19.<br><br>4-6 vuotiaiden ryhm\u00e4n vet\u00e4jin\u00e4 toimivat Pauliina Muraja ja Ida Kauppi. <\/p>\n\n\n\n<p class=\"blockart-paragraph blockart-paragraph-90b0abf3\">Hiihtokoulun hinta on 30 \u20ac<\/p>\n\n\n\n<p class=\"blockart-paragraph blockart-paragraph-cbf101c8\"><strong><a href=\"https:\/\/www.suomisport.fi\/events\/95e2dd18-cd8f-4ff1-a121-1a12333ec1ed\">Ilmoittaudu hiihtokouluun<\/a><\/strong><\/p>\n\n\n\n<p class=\"blockart-paragraph blockart-paragraph-f85f29e3\"><br><br><\/p>\n\n\n\n<p class=\"blockart-paragraph blockart-paragraph-51dce08d\"><strong>Innostu hiihdosta &#8211; hiihtokoulu 6-12 vuotiaille<\/strong><br><br>Hiihtokoulu py\u00f6rii tiistaisin my\u00f6s 6-12 vuotiaille. Ryhm\u00e4 harjoittelee Kehity hiiht\u00e4j\u00e4n\u00e4 ryhm\u00e4n mukana tiistaisin klo 18-19. Mukaan p\u00e4\u00e4see kesken kaudenkin. <br><br><a href=\"https:\/\/www.suomisport.fi\/events\/a4ac3536-7424-410a-85ed-60befee0ef4f\"><strong>Ilmoittautudu ryhm\u00e4\u00e4n t\u00e4st\u00e4<\/strong><\/a><\/p>\n<\/div><\/div>\n<\/div><\/div><\/div>\n","protected":false},"excerpt":{"rendered":"","protected":false},"author":2,"featured_media":0,"parent":0,"menu_order":0,"comment_status":"closed","ping_status":"closed","template":"page-templates\/pagebuilder.php","meta":{"_monsterinsights_skip_tracking":false,"_monsterinsights_sitenote_active":false,"_monsterinsights_sitenote_note":"","_monsterinsights_sitenote_category":0,"footnotes":""},"class_list":["post-563","page","type-page","status-publish","hentry"],"yoast_head":"<!-- This site is optimized with the Yoast SEO plugin v27.5 - https:\/\/yoast.com\/product\/yoast-seo-wordpress\/ -->\n<title>Hiihtokoulut - Kempeleen Kiri<\/title>\n<meta name=\"description\" content=\"Hiihtokoulu on Kempeleen Kiril\u00e4isen hiiht\u00e4j\u00e4n ensimm\u00e4inen porras. T\u00e4st\u00e4 alkaa hiihtotaitojen oppiminen. Tule mukaan!\" \/>\n<meta name=\"robots\" content=\"index, follow, max-snippet:-1, max-image-preview:large, max-video-preview:-1\" \/>\n<link rel=\"canonical\" href=\"https:\/\/kempeleenkiri.fi\/hiihto\/hiihtokoulut\/\" \/>\n<meta property=\"og:locale\" content=\"fi_FI\" \/>\n<meta property=\"og:type\" content=\"article\" \/>\n<meta property=\"og:title\" content=\"Hiihtokoulut - Kempeleen Kiri\" \/>\n<meta property=\"og:description\" content=\"Hiihtokoulu on Kempeleen Kiril\u00e4isen hiiht\u00e4j\u00e4n ensimm\u00e4inen porras. T\u00e4st\u00e4 alkaa hiihtotaitojen oppiminen. Tule mukaan!\" \/>\n<meta property=\"og:url\" content=\"https:\/\/kempeleenkiri.fi\/hiihto\/hiihtokoulut\/\" \/>\n<meta property=\"og:site_name\" content=\"Kempeleen Kiri\" \/>\n<meta property=\"article:modified_time\" content=\"2025-12-11T11:15:48+00:00\" \/>\n<meta property=\"og:image\" content=\"https:\/\/kempeleenkiri.fi\/hiihto\/wp-content\/uploads\/2024\/07\/innostuhiihdosta.jpg\" \/>\n\t<meta property=\"og:image:width\" content=\"1080\" \/>\n\t<meta property=\"og:image:height\" content=\"1080\" \/>\n\t<meta property=\"og:image:type\" content=\"image\/jpeg\" \/>\n<meta name=\"twitter:card\" content=\"summary_large_image\" \/>\n<meta name=\"twitter:label1\" content=\"Arvioitu lukuaika\" \/>\n\t<meta name=\"twitter:data1\" content=\"1 minuutti\" \/>\n<script type=\"application\/ld+json\" class=\"yoast-schema-graph\">{\"@context\":\"https:\\\/\\\/schema.org\",\"@graph\":[{\"@type\":\"WebPage\",\"@id\":\"https:\\\/\\\/kempeleenkiri.fi\\\/hiihto\\\/hiihtokoulut\\\/\",\"url\":\"https:\\\/\\\/kempeleenkiri.fi\\\/hiihto\\\/hiihtokoulut\\\/\",\"name\":\"Hiihtokoulut - Kempeleen Kiri\",\"isPartOf\":{\"@id\":\"https:\\\/\\\/kempeleenkiri.fi\\\/hiihto\\\/#website\"},\"primaryImageOfPage\":{\"@id\":\"https:\\\/\\\/kempeleenkiri.fi\\\/hiihto\\\/hiihtokoulut\\\/#primaryimage\"},\"image\":{\"@id\":\"https:\\\/\\\/kempeleenkiri.fi\\\/hiihto\\\/hiihtokoulut\\\/#primaryimage\"},\"thumbnailUrl\":\"https:\\\/\\\/kempeleenkiri.fi\\\/hiihto\\\/wp-content\\\/uploads\\\/2024\\\/07\\\/innostuhiihdosta.jpg\",\"datePublished\":\"2021-12-13T04:15:18+00:00\",\"dateModified\":\"2025-12-11T11:15:48+00:00\",\"description\":\"Hiihtokoulu on Kempeleen Kiril\u00e4isen hiiht\u00e4j\u00e4n ensimm\u00e4inen porras. T\u00e4st\u00e4 alkaa hiihtotaitojen oppiminen. Tule mukaan!\",\"breadcrumb\":{\"@id\":\"https:\\\/\\\/kempeleenkiri.fi\\\/hiihto\\\/hiihtokoulut\\\/#breadcrumb\"},\"inLanguage\":\"fi\",\"potentialAction\":[{\"@type\":\"ReadAction\",\"target\":[\"https:\\\/\\\/kempeleenkiri.fi\\\/hiihto\\\/hiihtokoulut\\\/\"]}]},{\"@type\":\"ImageObject\",\"inLanguage\":\"fi\",\"@id\":\"https:\\\/\\\/kempeleenkiri.fi\\\/hiihto\\\/hiihtokoulut\\\/#primaryimage\",\"url\":\"https:\\\/\\\/kempeleenkiri.fi\\\/hiihto\\\/wp-content\\\/uploads\\\/2024\\\/07\\\/innostuhiihdosta.jpg\",\"contentUrl\":\"https:\\\/\\\/kempeleenkiri.fi\\\/hiihto\\\/wp-content\\\/uploads\\\/2024\\\/07\\\/innostuhiihdosta.jpg\",\"width\":1080,\"height\":1080},{\"@type\":\"BreadcrumbList\",\"@id\":\"https:\\\/\\\/kempeleenkiri.fi\\\/hiihto\\\/hiihtokoulut\\\/#breadcrumb\",\"itemListElement\":[{\"@type\":\"ListItem\",\"position\":1,\"name\":\"Etusivu\",\"item\":\"https:\\\/\\\/kempeleenkiri.fi\\\/hiihto\\\/\"},{\"@type\":\"ListItem\",\"position\":2,\"name\":\"Hiihtokoulut\"}]},{\"@type\":\"WebSite\",\"@id\":\"https:\\\/\\\/kempeleenkiri.fi\\\/hiihto\\\/#website\",\"url\":\"https:\\\/\\\/kempeleenkiri.fi\\\/hiihto\\\/\",\"name\":\"Kempeleen Kiri\",\"description\":\"\",\"publisher\":{\"@id\":\"https:\\\/\\\/kempeleenkiri.fi\\\/hiihto\\\/#organization\"},\"potentialAction\":[{\"@type\":\"SearchAction\",\"target\":{\"@type\":\"EntryPoint\",\"urlTemplate\":\"https:\\\/\\\/kempeleenkiri.fi\\\/hiihto\\\/?s={search_term_string}\"},\"query-input\":{\"@type\":\"PropertyValueSpecification\",\"valueRequired\":true,\"valueName\":\"search_term_string\"}}],\"inLanguage\":\"fi\"},{\"@type\":\"Organization\",\"@id\":\"https:\\\/\\\/kempeleenkiri.fi\\\/hiihto\\\/#organization\",\"name\":\"Kempeleen Kiri\",\"url\":\"https:\\\/\\\/kempeleenkiri.fi\\\/hiihto\\\/\",\"logo\":{\"@type\":\"ImageObject\",\"inLanguage\":\"fi\",\"@id\":\"https:\\\/\\\/kempeleenkiri.fi\\\/hiihto\\\/#\\\/schema\\\/logo\\\/image\\\/\",\"url\":\"https:\\\/\\\/kempeleenkiri.fi\\\/hiihto\\\/wp-content\\\/uploads\\\/2024\\\/04\\\/cropped-KEKI-LOGO.png\",\"contentUrl\":\"https:\\\/\\\/kempeleenkiri.fi\\\/hiihto\\\/wp-content\\\/uploads\\\/2024\\\/04\\\/cropped-KEKI-LOGO.png\",\"width\":125,\"height\":136,\"caption\":\"Kempeleen Kiri\"},\"image\":{\"@id\":\"https:\\\/\\\/kempeleenkiri.fi\\\/hiihto\\\/#\\\/schema\\\/logo\\\/image\\\/\"}}]}<\/script>\n<!-- \/ Yoast SEO plugin. -->","yoast_head_json":{"title":"Hiihtokoulut - Kempeleen Kiri","description":"Hiihtokoulu on Kempeleen Kiril\u00e4isen hiiht\u00e4j\u00e4n ensimm\u00e4inen porras. T\u00e4st\u00e4 alkaa hiihtotaitojen oppiminen. Tule mukaan!","robots":{"index":"index","follow":"follow","max-snippet":"max-snippet:-1","max-image-preview":"max-image-preview:large","max-video-preview":"max-video-preview:-1"},"canonical":"https:\/\/kempeleenkiri.fi\/hiihto\/hiihtokoulut\/","og_locale":"fi_FI","og_type":"article","og_title":"Hiihtokoulut - Kempeleen Kiri","og_description":"Hiihtokoulu on Kempeleen Kiril\u00e4isen hiiht\u00e4j\u00e4n ensimm\u00e4inen porras. T\u00e4st\u00e4 alkaa hiihtotaitojen oppiminen. Tule mukaan!","og_url":"https:\/\/kempeleenkiri.fi\/hiihto\/hiihtokoulut\/","og_site_name":"Kempeleen Kiri","article_modified_time":"2025-12-11T11:15:48+00:00","og_image":[{"width":1080,"height":1080,"url":"https:\/\/kempeleenkiri.fi\/hiihto\/wp-content\/uploads\/2024\/07\/innostuhiihdosta.jpg","type":"image\/jpeg"}],"twitter_card":"summary_large_image","twitter_misc":{"Arvioitu lukuaika":"1 minuutti"},"schema":{"@context":"https:\/\/schema.org","@graph":[{"@type":"WebPage","@id":"https:\/\/kempeleenkiri.fi\/hiihto\/hiihtokoulut\/","url":"https:\/\/kempeleenkiri.fi\/hiihto\/hiihtokoulut\/","name":"Hiihtokoulut - Kempeleen Kiri","isPartOf":{"@id":"https:\/\/kempeleenkiri.fi\/hiihto\/#website"},"primaryImageOfPage":{"@id":"https:\/\/kempeleenkiri.fi\/hiihto\/hiihtokoulut\/#primaryimage"},"image":{"@id":"https:\/\/kempeleenkiri.fi\/hiihto\/hiihtokoulut\/#primaryimage"},"thumbnailUrl":"https:\/\/kempeleenkiri.fi\/hiihto\/wp-content\/uploads\/2024\/07\/innostuhiihdosta.jpg","datePublished":"2021-12-13T04:15:18+00:00","dateModified":"2025-12-11T11:15:48+00:00","description":"Hiihtokoulu on Kempeleen Kiril\u00e4isen hiiht\u00e4j\u00e4n ensimm\u00e4inen porras. T\u00e4st\u00e4 alkaa hiihtotaitojen oppiminen. Tule mukaan!","breadcrumb":{"@id":"https:\/\/kempeleenkiri.fi\/hiihto\/hiihtokoulut\/#breadcrumb"},"inLanguage":"fi","potentialAction":[{"@type":"ReadAction","target":["https:\/\/kempeleenkiri.fi\/hiihto\/hiihtokoulut\/"]}]},{"@type":"ImageObject","inLanguage":"fi","@id":"https:\/\/kempeleenkiri.fi\/hiihto\/hiihtokoulut\/#primaryimage","url":"https:\/\/kempeleenkiri.fi\/hiihto\/wp-content\/uploads\/2024\/07\/innostuhiihdosta.jpg","contentUrl":"https:\/\/kempeleenkiri.fi\/hiihto\/wp-content\/uploads\/2024\/07\/innostuhiihdosta.jpg","width":1080,"height":1080},{"@type":"BreadcrumbList","@id":"https:\/\/kempeleenkiri.fi\/hiihto\/hiihtokoulut\/#breadcrumb","itemListElement":[{"@type":"ListItem","position":1,"name":"Etusivu","item":"https:\/\/kempeleenkiri.fi\/hiihto\/"},{"@type":"ListItem","position":2,"name":"Hiihtokoulut"}]},{"@type":"WebSite","@id":"https:\/\/kempeleenkiri.fi\/hiihto\/#website","url":"https:\/\/kempeleenkiri.fi\/hiihto\/","name":"Kempeleen Kiri","description":"","publisher":{"@id":"https:\/\/kempeleenkiri.fi\/hiihto\/#organization"},"potentialAction":[{"@type":"SearchAction","target":{"@type":"EntryPoint","urlTemplate":"https:\/\/kempeleenkiri.fi\/hiihto\/?s={search_term_string}"},"query-input":{"@type":"PropertyValueSpecification","valueRequired":true,"valueName":"search_term_string"}}],"inLanguage":"fi"},{"@type":"Organization","@id":"https:\/\/kempeleenkiri.fi\/hiihto\/#organization","name":"Kempeleen Kiri","url":"https:\/\/kempeleenkiri.fi\/hiihto\/","logo":{"@type":"ImageObject","inLanguage":"fi","@id":"https:\/\/kempeleenkiri.fi\/hiihto\/#\/schema\/logo\/image\/","url":"https:\/\/kempeleenkiri.fi\/hiihto\/wp-content\/uploads\/2024\/04\/cropped-KEKI-LOGO.png","contentUrl":"https:\/\/kempeleenkiri.fi\/hiihto\/wp-content\/uploads\/2024\/04\/cropped-KEKI-LOGO.png","width":125,"height":136,"caption":"Kempeleen Kiri"},"image":{"@id":"https:\/\/kempeleenkiri.fi\/hiihto\/#\/schema\/logo\/image\/"}}]}},"_links":{"self":[{"href":"https:\/\/kempeleenkiri.fi\/hiihto\/wp-json\/wp\/v2\/pages\/563","targetHints":{"allow":["GET"]}}],"collection":[{"href":"https:\/\/kempeleenkiri.fi\/hiihto\/wp-json\/wp\/v2\/pages"}],"about":[{"href":"https:\/\/kempeleenkiri.fi\/hiihto\/wp-json\/wp\/v2\/types\/page"}],"author":[{"embeddable":true,"href":"https:\/\/kempeleenkiri.fi\/hiihto\/wp-json\/wp\/v2\/users\/2"}],"replies":[{"embeddable":true,"href":"https:\/\/kempeleenkiri.fi\/hiihto\/wp-json\/wp\/v2\/comments?post=563"}],"version-history":[{"count":24,"href":"https:\/\/kempeleenkiri.fi\/hiihto\/wp-json\/wp\/v2\/pages\/563\/revisions"}],"predecessor-version":[{"id":1543,"href":"https:\/\/kempeleenkiri.fi\/hiihto\/wp-json\/wp\/v2\/pages\/563\/revisions\/1543"}],"wp:attachment":[{"href":"https:\/\/kempeleenkiri.fi\/hiihto\/wp-json\/wp\/v2\/media?parent=563"}],"curies":[{"name":"wp","href":"https:\/\/api.w.org\/{rel}","templated":true}]}}