{"id":1507,"date":"2025-05-19T17:43:56","date_gmt":"2025-05-19T14:43:56","guid":{"rendered":"https:\/\/kempeleenkiri.fi\/hiihto\/?page_id=1507"},"modified":"2025-05-20T12:25:38","modified_gmt":"2025-05-20T09:25:38","slug":"liity-jaseneksi","status":"publish","type":"page","link":"https:\/\/kempeleenkiri.fi\/hiihto\/liity-jaseneksi\/","title":{"rendered":"Liity j\u00e4seneksi"},"content":{"rendered":"\n<p style=\"border-style:none;border-width:0px;padding-right:var(--wp--preset--spacing--30);padding-left:var(--wp--preset--spacing--30)\">Kempeleen Kiriss\u00e4 on k\u00e4yt\u00f6ss\u00e4 kolmenlaisia j\u00e4seni\u00e4 &#8211; Perhej\u00e4sen maksullinen (rinnalla my\u00f6s kannattajaj\u00e4sen maksullinen) ja perhej\u00e4sen maksuton. Harrastajatalouteen riitt\u00e4\u00e4 yksi maksullinen perhej\u00e4senyys, muille saman talouden harrastajille riitt\u00e4\u00e4 maksuton perhej\u00e4senyys. J\u00e4senyys on voimassa yhden vuoden ajan, jonka j\u00e4lkeen j\u00e4senmaksu on uudelleen maksettava. J\u00e4senmaksulla saat alennusta leireist\u00e4, harjoituspuvuista, <a href=\"https:\/\/www.kempeleenkiri.fi\/Jasenedut.pdf\">yhteisty\u00f6kumppaneiden palveluista<\/a> sek\u00e4 oikeuden edustaan KeKi\u00e4 kilpailuissa ilman osallistumismaksua.<\/p>\n\n\n\n<p style=\"border-style:none;border-width:0px;padding-right:var(--wp--preset--spacing--30);padding-left:var(--wp--preset--spacing--30)\">Alla linkit j\u00e4senhakemuksen tekemiseen: <\/p>\n\n\n\n<p style=\"border-style:none;border-width:0px;padding-right:var(--wp--preset--spacing--30);padding-left:var(--wp--preset--spacing--30)\"><strong><a href=\"https:\/\/www.suomisport.fi\/events\/f3632223-eddc-4b98-8861-3722e9f53da1\">Perhej\u00e4sen maksullinen<\/a>&nbsp;<\/strong><\/p>\n\n\n\n<p style=\"border-style:none;border-width:0px;padding-right:var(--wp--preset--spacing--30);padding-left:var(--wp--preset--spacing--30)\"><strong><a href=\"https:\/\/www.suomisport.fi\/events\/4114611f-7cdf-421d-a9f3-3130bb7f054d\">Perhej\u00e4sen maksuton<\/a>&nbsp;<\/strong><\/p>\n\n\n\n<p style=\"border-style:none;border-width:0px;padding-right:var(--wp--preset--spacing--30);padding-left:var(--wp--preset--spacing--30)\"><strong><a href=\"https:\/\/www.suomisport.fi\/events\/0a2dcf40-ff59-4909-8ad5-17015af1acf8\">Kannattajaj\u00e4sen<\/a>&nbsp;<\/strong><\/p>\n","protected":false},"excerpt":{"rendered":"<p>Kempeleen Kiriss\u00e4 on k\u00e4yt\u00f6ss\u00e4 kolmenlaisia j\u00e4seni\u00e4 &#8211; Perhej\u00e4sen maksullinen (rinnalla my\u00f6s kannattajaj\u00e4sen maksullinen) ja perhej\u00e4sen maksuton. Harrastajatalouteen riitt\u00e4\u00e4 yksi maksullinen perhej\u00e4senyys, muille saman talouden harrastajille riitt\u00e4\u00e4 maksuton perhej\u00e4senyys. J\u00e4senyys on voimassa yhden vuoden ajan, jonka j\u00e4lkeen j\u00e4senmaksu on uudelleen maksettava. J\u00e4senmaksulla saat alennusta leireist\u00e4, harjoituspuvuista, yhteisty\u00f6kumppaneiden palveluista sek\u00e4 oikeuden edustaan KeKi\u00e4 kilpailuissa ilman osallistumismaksua. Alla [&hellip;]<\/p>\n","protected":false},"author":2,"featured_media":0,"parent":0,"menu_order":0,"comment_status":"closed","ping_status":"closed","template":"page-templates\/pagebuilder.php","meta":{"_monsterinsights_skip_tracking":false,"_monsterinsights_sitenote_active":false,"_monsterinsights_sitenote_note":"","_monsterinsights_sitenote_category":0,"footnotes":""},"class_list":["post-1507","page","type-page","status-publish","hentry"],"yoast_head":"<!-- This site is optimized with the Yoast SEO plugin v27.5 - https:\/\/yoast.com\/product\/yoast-seo-wordpress\/ -->\n<title>Liity j\u00e4seneksi - Kempeleen Kiri<\/title>\n<meta name=\"robots\" content=\"index, follow, max-snippet:-1, max-image-preview:large, max-video-preview:-1\" \/>\n<link rel=\"canonical\" href=\"https:\/\/kempeleenkiri.fi\/hiihto\/liity-jaseneksi\/\" \/>\n<meta property=\"og:locale\" content=\"fi_FI\" \/>\n<meta property=\"og:type\" content=\"article\" \/>\n<meta property=\"og:title\" content=\"Liity j\u00e4seneksi - Kempeleen Kiri\" \/>\n<meta property=\"og:description\" content=\"Kempeleen Kiriss\u00e4 on k\u00e4yt\u00f6ss\u00e4 kolmenlaisia j\u00e4seni\u00e4 &#8211; Perhej\u00e4sen maksullinen (rinnalla my\u00f6s kannattajaj\u00e4sen maksullinen) ja perhej\u00e4sen maksuton. Harrastajatalouteen riitt\u00e4\u00e4 yksi maksullinen perhej\u00e4senyys, muille saman talouden harrastajille riitt\u00e4\u00e4 maksuton perhej\u00e4senyys. J\u00e4senyys on voimassa yhden vuoden ajan, jonka j\u00e4lkeen j\u00e4senmaksu on uudelleen maksettava. J\u00e4senmaksulla saat alennusta leireist\u00e4, harjoituspuvuista, yhteisty\u00f6kumppaneiden palveluista sek\u00e4 oikeuden edustaan KeKi\u00e4 kilpailuissa ilman osallistumismaksua. Alla [&hellip;]\" \/>\n<meta property=\"og:url\" content=\"https:\/\/kempeleenkiri.fi\/hiihto\/liity-jaseneksi\/\" \/>\n<meta property=\"og:site_name\" content=\"Kempeleen Kiri\" \/>\n<meta property=\"article:modified_time\" content=\"2025-05-20T09:25:38+00:00\" \/>\n<meta name=\"twitter:card\" content=\"summary_large_image\" \/>\n<meta name=\"twitter:label1\" content=\"Arvioitu lukuaika\" \/>\n\t<meta name=\"twitter:data1\" content=\"1 minuutti\" \/>\n<script type=\"application\/ld+json\" class=\"yoast-schema-graph\">{\"@context\":\"https:\\\/\\\/schema.org\",\"@graph\":[{\"@type\":\"WebPage\",\"@id\":\"https:\\\/\\\/kempeleenkiri.fi\\\/hiihto\\\/liity-jaseneksi\\\/\",\"url\":\"https:\\\/\\\/kempeleenkiri.fi\\\/hiihto\\\/liity-jaseneksi\\\/\",\"name\":\"Liity j\u00e4seneksi - Kempeleen Kiri\",\"isPartOf\":{\"@id\":\"https:\\\/\\\/kempeleenkiri.fi\\\/hiihto\\\/#website\"},\"datePublished\":\"2025-05-19T14:43:56+00:00\",\"dateModified\":\"2025-05-20T09:25:38+00:00\",\"breadcrumb\":{\"@id\":\"https:\\\/\\\/kempeleenkiri.fi\\\/hiihto\\\/liity-jaseneksi\\\/#breadcrumb\"},\"inLanguage\":\"fi\",\"potentialAction\":[{\"@type\":\"ReadAction\",\"target\":[\"https:\\\/\\\/kempeleenkiri.fi\\\/hiihto\\\/liity-jaseneksi\\\/\"]}]},{\"@type\":\"BreadcrumbList\",\"@id\":\"https:\\\/\\\/kempeleenkiri.fi\\\/hiihto\\\/liity-jaseneksi\\\/#breadcrumb\",\"itemListElement\":[{\"@type\":\"ListItem\",\"position\":1,\"name\":\"Etusivu\",\"item\":\"https:\\\/\\\/kempeleenkiri.fi\\\/hiihto\\\/\"},{\"@type\":\"ListItem\",\"position\":2,\"name\":\"Liity j\u00e4seneksi\"}]},{\"@type\":\"WebSite\",\"@id\":\"https:\\\/\\\/kempeleenkiri.fi\\\/hiihto\\\/#website\",\"url\":\"https:\\\/\\\/kempeleenkiri.fi\\\/hiihto\\\/\",\"name\":\"Kempeleen Kiri\",\"description\":\"\",\"publisher\":{\"@id\":\"https:\\\/\\\/kempeleenkiri.fi\\\/hiihto\\\/#organization\"},\"potentialAction\":[{\"@type\":\"SearchAction\",\"target\":{\"@type\":\"EntryPoint\",\"urlTemplate\":\"https:\\\/\\\/kempeleenkiri.fi\\\/hiihto\\\/?s={search_term_string}\"},\"query-input\":{\"@type\":\"PropertyValueSpecification\",\"valueRequired\":true,\"valueName\":\"search_term_string\"}}],\"inLanguage\":\"fi\"},{\"@type\":\"Organization\",\"@id\":\"https:\\\/\\\/kempeleenkiri.fi\\\/hiihto\\\/#organization\",\"name\":\"Kempeleen Kiri\",\"url\":\"https:\\\/\\\/kempeleenkiri.fi\\\/hiihto\\\/\",\"logo\":{\"@type\":\"ImageObject\",\"inLanguage\":\"fi\",\"@id\":\"https:\\\/\\\/kempeleenkiri.fi\\\/hiihto\\\/#\\\/schema\\\/logo\\\/image\\\/\",\"url\":\"https:\\\/\\\/kempeleenkiri.fi\\\/hiihto\\\/wp-content\\\/uploads\\\/2024\\\/04\\\/cropped-KEKI-LOGO.png\",\"contentUrl\":\"https:\\\/\\\/kempeleenkiri.fi\\\/hiihto\\\/wp-content\\\/uploads\\\/2024\\\/04\\\/cropped-KEKI-LOGO.png\",\"width\":125,\"height\":136,\"caption\":\"Kempeleen Kiri\"},\"image\":{\"@id\":\"https:\\\/\\\/kempeleenkiri.fi\\\/hiihto\\\/#\\\/schema\\\/logo\\\/image\\\/\"}}]}<\/script>\n<!-- \/ Yoast SEO plugin. -->","yoast_head_json":{"title":"Liity j\u00e4seneksi - Kempeleen Kiri","robots":{"index":"index","follow":"follow","max-snippet":"max-snippet:-1","max-image-preview":"max-image-preview:large","max-video-preview":"max-video-preview:-1"},"canonical":"https:\/\/kempeleenkiri.fi\/hiihto\/liity-jaseneksi\/","og_locale":"fi_FI","og_type":"article","og_title":"Liity j\u00e4seneksi - Kempeleen Kiri","og_description":"Kempeleen Kiriss\u00e4 on k\u00e4yt\u00f6ss\u00e4 kolmenlaisia j\u00e4seni\u00e4 &#8211; Perhej\u00e4sen maksullinen (rinnalla my\u00f6s kannattajaj\u00e4sen maksullinen) ja perhej\u00e4sen maksuton. Harrastajatalouteen riitt\u00e4\u00e4 yksi maksullinen perhej\u00e4senyys, muille saman talouden harrastajille riitt\u00e4\u00e4 maksuton perhej\u00e4senyys. J\u00e4senyys on voimassa yhden vuoden ajan, jonka j\u00e4lkeen j\u00e4senmaksu on uudelleen maksettava. J\u00e4senmaksulla saat alennusta leireist\u00e4, harjoituspuvuista, yhteisty\u00f6kumppaneiden palveluista sek\u00e4 oikeuden edustaan KeKi\u00e4 kilpailuissa ilman osallistumismaksua. Alla [&hellip;]","og_url":"https:\/\/kempeleenkiri.fi\/hiihto\/liity-jaseneksi\/","og_site_name":"Kempeleen Kiri","article_modified_time":"2025-05-20T09:25:38+00:00","twitter_card":"summary_large_image","twitter_misc":{"Arvioitu lukuaika":"1 minuutti"},"schema":{"@context":"https:\/\/schema.org","@graph":[{"@type":"WebPage","@id":"https:\/\/kempeleenkiri.fi\/hiihto\/liity-jaseneksi\/","url":"https:\/\/kempeleenkiri.fi\/hiihto\/liity-jaseneksi\/","name":"Liity j\u00e4seneksi - Kempeleen Kiri","isPartOf":{"@id":"https:\/\/kempeleenkiri.fi\/hiihto\/#website"},"datePublished":"2025-05-19T14:43:56+00:00","dateModified":"2025-05-20T09:25:38+00:00","breadcrumb":{"@id":"https:\/\/kempeleenkiri.fi\/hiihto\/liity-jaseneksi\/#breadcrumb"},"inLanguage":"fi","potentialAction":[{"@type":"ReadAction","target":["https:\/\/kempeleenkiri.fi\/hiihto\/liity-jaseneksi\/"]}]},{"@type":"BreadcrumbList","@id":"https:\/\/kempeleenkiri.fi\/hiihto\/liity-jaseneksi\/#breadcrumb","itemListElement":[{"@type":"ListItem","position":1,"name":"Etusivu","item":"https:\/\/kempeleenkiri.fi\/hiihto\/"},{"@type":"ListItem","position":2,"name":"Liity j\u00e4seneksi"}]},{"@type":"WebSite","@id":"https:\/\/kempeleenkiri.fi\/hiihto\/#website","url":"https:\/\/kempeleenkiri.fi\/hiihto\/","name":"Kempeleen Kiri","description":"","publisher":{"@id":"https:\/\/kempeleenkiri.fi\/hiihto\/#organization"},"potentialAction":[{"@type":"SearchAction","target":{"@type":"EntryPoint","urlTemplate":"https:\/\/kempeleenkiri.fi\/hiihto\/?s={search_term_string}"},"query-input":{"@type":"PropertyValueSpecification","valueRequired":true,"valueName":"search_term_string"}}],"inLanguage":"fi"},{"@type":"Organization","@id":"https:\/\/kempeleenkiri.fi\/hiihto\/#organization","name":"Kempeleen Kiri","url":"https:\/\/kempeleenkiri.fi\/hiihto\/","logo":{"@type":"ImageObject","inLanguage":"fi","@id":"https:\/\/kempeleenkiri.fi\/hiihto\/#\/schema\/logo\/image\/","url":"https:\/\/kempeleenkiri.fi\/hiihto\/wp-content\/uploads\/2024\/04\/cropped-KEKI-LOGO.png","contentUrl":"https:\/\/kempeleenkiri.fi\/hiihto\/wp-content\/uploads\/2024\/04\/cropped-KEKI-LOGO.png","width":125,"height":136,"caption":"Kempeleen Kiri"},"image":{"@id":"https:\/\/kempeleenkiri.fi\/hiihto\/#\/schema\/logo\/image\/"}}]}},"_links":{"self":[{"href":"https:\/\/kempeleenkiri.fi\/hiihto\/wp-json\/wp\/v2\/pages\/1507","targetHints":{"allow":["GET"]}}],"collection":[{"href":"https:\/\/kempeleenkiri.fi\/hiihto\/wp-json\/wp\/v2\/pages"}],"about":[{"href":"https:\/\/kempeleenkiri.fi\/hiihto\/wp-json\/wp\/v2\/types\/page"}],"author":[{"embeddable":true,"href":"https:\/\/kempeleenkiri.fi\/hiihto\/wp-json\/wp\/v2\/users\/2"}],"replies":[{"embeddable":true,"href":"https:\/\/kempeleenkiri.fi\/hiihto\/wp-json\/wp\/v2\/comments?post=1507"}],"version-history":[{"count":6,"href":"https:\/\/kempeleenkiri.fi\/hiihto\/wp-json\/wp\/v2\/pages\/1507\/revisions"}],"predecessor-version":[{"id":1515,"href":"https:\/\/kempeleenkiri.fi\/hiihto\/wp-json\/wp\/v2\/pages\/1507\/revisions\/1515"}],"wp:attachment":[{"href":"https:\/\/kempeleenkiri.fi\/hiihto\/wp-json\/wp\/v2\/media?parent=1507"}],"curies":[{"name":"wp","href":"https:\/\/api.w.org\/{rel}","templated":true}]}}