{"id":1466,"date":"2024-08-22T18:16:29","date_gmt":"2024-08-22T15:16:29","guid":{"rendered":"https:\/\/kempeleenkiri.fi\/hiihto\/?page_id=1466"},"modified":"2026-03-08T17:05:23","modified_gmt":"2026-03-08T15:05:23","slug":"zeppelin-hiihdot","status":"publish","type":"page","link":"https:\/\/kempeleenkiri.fi\/hiihto\/zeppelin-hiihdot\/","title":{"rendered":"Zeppelin hiihdot 8.3.2026"},"content":{"rendered":"\n<p><\/p>\n\n\n\n<h2 class=\"blockart-heading blockart-heading-d169165d is-large\">Zeppelin hiihdot 8.3.2026<\/h2>\n\n\n\n<p class=\"blockart-paragraph blockart-paragraph-e588e7a6\">43. Kansalliset ja 33. Zeppelin-hiihdot hiihdet\u00e4\u00e4n K\u00f6ykkyrin maastossa sunnuntaina 8.3.2026 kello 14:00 alkaen.\u00a0 <br><br>Aluekartan ja latukartat l\u00f6yd\u00e4t <a href=\"https:\/\/kempeleenkiri.fi\/hiihto\/koykkyrin-hiihtokeskus\/\">t\u00e4st\u00e4<\/a><br><br><a href=\"https:\/\/kempeleenkiri.fi\/hiihto\/wp-content\/uploads\/2026\/03\/Zeppelin2026lahdot1.htm\" type=\"attachment\" id=\"1564\">L\u00e4ht\u00f6lista<\/a> (webscorer raceid= 423572)<br><a href=\"https:\/\/kempeleenkiri.fi\/hiihto\/wp-content\/uploads\/2026\/03\/Zeppelin8.3.2026tulos.htm\" type=\"attachment\" id=\"1572\">Lopputulokset<\/a><br><a href=\"https:\/\/kempeleenkiri.fi\/hiihto\/wp-content\/uploads\/2026\/03\/Lehdisto-Zeppelin-hiihdot-8.3.2026.txt\" type=\"attachment\" id=\"1571\">Lopputulokset lehdist\u00f6muoto<\/a><br><a href=\"https:\/\/kempeleenkiri.fi\/hiihto\/wp-content\/uploads\/2026\/02\/Zeppeliin-Kilpailukutsu-2026.pdf\" type=\"attachment\" id=\"1548\">Kilpailukutsu<\/a><br><a href=\"https:\/\/kempeleenkiri.fi\/hiihto\/wp-content\/uploads\/2026\/03\/Kilpailuohje.pdf\" type=\"attachment\" id=\"1555\">Kilpailuohje<\/a><br><a href=\"https:\/\/kempeleenkiri.fi\/hiihto\/wp-content\/uploads\/2026\/03\/Zeppelin-hiihdot-2026-Kansikuva.pdf\" type=\"attachment\" id=\"1551\">Zeppelin hiihtojen kansikuva<\/a><br><br><br><\/p>\n\n\n\n<div class=\"blockart-section blockart-section-020cee47\"><div class=\"blockart-container\"><div class=\"blockart-section-inner\">\n<div class=\"blockart-column blockart-column-506d1ece\"><div class=\"blockart-column-inner\"><\/div><\/div>\n<\/div><\/div><\/div>\n\n\n\n<p><\/p>\n","protected":false},"excerpt":{"rendered":"","protected":false},"author":2,"featured_media":0,"parent":0,"menu_order":0,"comment_status":"closed","ping_status":"closed","template":"page-templates\/pagebuilder.php","meta":{"_monsterinsights_skip_tracking":false,"_monsterinsights_sitenote_active":false,"_monsterinsights_sitenote_note":"","_monsterinsights_sitenote_category":0,"footnotes":""},"class_list":["post-1466","page","type-page","status-publish","hentry"],"yoast_head":"<!-- This site is optimized with the Yoast SEO plugin v27.4 - https:\/\/yoast.com\/product\/yoast-seo-wordpress\/ -->\n<title>Zeppelin hiihdot 8.3.2026 - Kempeleen Kiri<\/title>\n<meta name=\"description\" content=\"T\u00e4\u00e4lt\u00e4 l\u00f6yd\u00e4t tietoa K\u00f6ykkyrin hiihtokeskuksesta ja l\u00f6yd\u00e4t ajantasaiset latukartat.\" \/>\n<meta name=\"robots\" content=\"index, follow, max-snippet:-1, max-image-preview:large, max-video-preview:-1\" \/>\n<link rel=\"canonical\" href=\"https:\/\/kempeleenkiri.fi\/hiihto\/zeppelin-hiihdot\/\" \/>\n<meta property=\"og:locale\" content=\"fi_FI\" \/>\n<meta property=\"og:type\" content=\"article\" \/>\n<meta property=\"og:title\" content=\"Zeppelin hiihdot 8.3.2026 - Kempeleen Kiri\" \/>\n<meta property=\"og:description\" content=\"T\u00e4\u00e4lt\u00e4 l\u00f6yd\u00e4t tietoa K\u00f6ykkyrin hiihtokeskuksesta ja l\u00f6yd\u00e4t ajantasaiset latukartat.\" \/>\n<meta property=\"og:url\" content=\"https:\/\/kempeleenkiri.fi\/hiihto\/zeppelin-hiihdot\/\" \/>\n<meta property=\"og:site_name\" content=\"Kempeleen Kiri\" \/>\n<meta property=\"article:modified_time\" content=\"2026-03-08T15:05:23+00:00\" \/>\n<meta name=\"twitter:card\" content=\"summary_large_image\" \/>\n<meta name=\"twitter:label1\" content=\"Arvioitu lukuaika\" \/>\n\t<meta name=\"twitter:data1\" content=\"1 minuutti\" \/>\n<script type=\"application\/ld+json\" class=\"yoast-schema-graph\">{\"@context\":\"https:\\\/\\\/schema.org\",\"@graph\":[{\"@type\":\"WebPage\",\"@id\":\"https:\\\/\\\/kempeleenkiri.fi\\\/hiihto\\\/zeppelin-hiihdot\\\/\",\"url\":\"https:\\\/\\\/kempeleenkiri.fi\\\/hiihto\\\/zeppelin-hiihdot\\\/\",\"name\":\"Zeppelin hiihdot 8.3.2026 - Kempeleen Kiri\",\"isPartOf\":{\"@id\":\"https:\\\/\\\/kempeleenkiri.fi\\\/hiihto\\\/#website\"},\"datePublished\":\"2024-08-22T15:16:29+00:00\",\"dateModified\":\"2026-03-08T15:05:23+00:00\",\"description\":\"T\u00e4\u00e4lt\u00e4 l\u00f6yd\u00e4t tietoa K\u00f6ykkyrin hiihtokeskuksesta ja l\u00f6yd\u00e4t ajantasaiset latukartat.\",\"breadcrumb\":{\"@id\":\"https:\\\/\\\/kempeleenkiri.fi\\\/hiihto\\\/zeppelin-hiihdot\\\/#breadcrumb\"},\"inLanguage\":\"fi\",\"potentialAction\":[{\"@type\":\"ReadAction\",\"target\":[\"https:\\\/\\\/kempeleenkiri.fi\\\/hiihto\\\/zeppelin-hiihdot\\\/\"]}]},{\"@type\":\"BreadcrumbList\",\"@id\":\"https:\\\/\\\/kempeleenkiri.fi\\\/hiihto\\\/zeppelin-hiihdot\\\/#breadcrumb\",\"itemListElement\":[{\"@type\":\"ListItem\",\"position\":1,\"name\":\"Etusivu\",\"item\":\"https:\\\/\\\/kempeleenkiri.fi\\\/hiihto\\\/\"},{\"@type\":\"ListItem\",\"position\":2,\"name\":\"Zeppelin hiihdot 8.3.2026\"}]},{\"@type\":\"WebSite\",\"@id\":\"https:\\\/\\\/kempeleenkiri.fi\\\/hiihto\\\/#website\",\"url\":\"https:\\\/\\\/kempeleenkiri.fi\\\/hiihto\\\/\",\"name\":\"Kempeleen Kiri\",\"description\":\"\",\"publisher\":{\"@id\":\"https:\\\/\\\/kempeleenkiri.fi\\\/hiihto\\\/#organization\"},\"potentialAction\":[{\"@type\":\"SearchAction\",\"target\":{\"@type\":\"EntryPoint\",\"urlTemplate\":\"https:\\\/\\\/kempeleenkiri.fi\\\/hiihto\\\/?s={search_term_string}\"},\"query-input\":{\"@type\":\"PropertyValueSpecification\",\"valueRequired\":true,\"valueName\":\"search_term_string\"}}],\"inLanguage\":\"fi\"},{\"@type\":\"Organization\",\"@id\":\"https:\\\/\\\/kempeleenkiri.fi\\\/hiihto\\\/#organization\",\"name\":\"Kempeleen Kiri\",\"url\":\"https:\\\/\\\/kempeleenkiri.fi\\\/hiihto\\\/\",\"logo\":{\"@type\":\"ImageObject\",\"inLanguage\":\"fi\",\"@id\":\"https:\\\/\\\/kempeleenkiri.fi\\\/hiihto\\\/#\\\/schema\\\/logo\\\/image\\\/\",\"url\":\"https:\\\/\\\/kempeleenkiri.fi\\\/hiihto\\\/wp-content\\\/uploads\\\/2024\\\/04\\\/cropped-KEKI-LOGO.png\",\"contentUrl\":\"https:\\\/\\\/kempeleenkiri.fi\\\/hiihto\\\/wp-content\\\/uploads\\\/2024\\\/04\\\/cropped-KEKI-LOGO.png\",\"width\":125,\"height\":136,\"caption\":\"Kempeleen Kiri\"},\"image\":{\"@id\":\"https:\\\/\\\/kempeleenkiri.fi\\\/hiihto\\\/#\\\/schema\\\/logo\\\/image\\\/\"}}]}<\/script>\n<!-- \/ Yoast SEO plugin. -->","yoast_head_json":{"title":"Zeppelin hiihdot 8.3.2026 - Kempeleen Kiri","description":"T\u00e4\u00e4lt\u00e4 l\u00f6yd\u00e4t tietoa K\u00f6ykkyrin hiihtokeskuksesta ja l\u00f6yd\u00e4t ajantasaiset latukartat.","robots":{"index":"index","follow":"follow","max-snippet":"max-snippet:-1","max-image-preview":"max-image-preview:large","max-video-preview":"max-video-preview:-1"},"canonical":"https:\/\/kempeleenkiri.fi\/hiihto\/zeppelin-hiihdot\/","og_locale":"fi_FI","og_type":"article","og_title":"Zeppelin hiihdot 8.3.2026 - Kempeleen Kiri","og_description":"T\u00e4\u00e4lt\u00e4 l\u00f6yd\u00e4t tietoa K\u00f6ykkyrin hiihtokeskuksesta ja l\u00f6yd\u00e4t ajantasaiset latukartat.","og_url":"https:\/\/kempeleenkiri.fi\/hiihto\/zeppelin-hiihdot\/","og_site_name":"Kempeleen Kiri","article_modified_time":"2026-03-08T15:05:23+00:00","twitter_card":"summary_large_image","twitter_misc":{"Arvioitu lukuaika":"1 minuutti"},"schema":{"@context":"https:\/\/schema.org","@graph":[{"@type":"WebPage","@id":"https:\/\/kempeleenkiri.fi\/hiihto\/zeppelin-hiihdot\/","url":"https:\/\/kempeleenkiri.fi\/hiihto\/zeppelin-hiihdot\/","name":"Zeppelin hiihdot 8.3.2026 - Kempeleen Kiri","isPartOf":{"@id":"https:\/\/kempeleenkiri.fi\/hiihto\/#website"},"datePublished":"2024-08-22T15:16:29+00:00","dateModified":"2026-03-08T15:05:23+00:00","description":"T\u00e4\u00e4lt\u00e4 l\u00f6yd\u00e4t tietoa K\u00f6ykkyrin hiihtokeskuksesta ja l\u00f6yd\u00e4t ajantasaiset latukartat.","breadcrumb":{"@id":"https:\/\/kempeleenkiri.fi\/hiihto\/zeppelin-hiihdot\/#breadcrumb"},"inLanguage":"fi","potentialAction":[{"@type":"ReadAction","target":["https:\/\/kempeleenkiri.fi\/hiihto\/zeppelin-hiihdot\/"]}]},{"@type":"BreadcrumbList","@id":"https:\/\/kempeleenkiri.fi\/hiihto\/zeppelin-hiihdot\/#breadcrumb","itemListElement":[{"@type":"ListItem","position":1,"name":"Etusivu","item":"https:\/\/kempeleenkiri.fi\/hiihto\/"},{"@type":"ListItem","position":2,"name":"Zeppelin hiihdot 8.3.2026"}]},{"@type":"WebSite","@id":"https:\/\/kempeleenkiri.fi\/hiihto\/#website","url":"https:\/\/kempeleenkiri.fi\/hiihto\/","name":"Kempeleen Kiri","description":"","publisher":{"@id":"https:\/\/kempeleenkiri.fi\/hiihto\/#organization"},"potentialAction":[{"@type":"SearchAction","target":{"@type":"EntryPoint","urlTemplate":"https:\/\/kempeleenkiri.fi\/hiihto\/?s={search_term_string}"},"query-input":{"@type":"PropertyValueSpecification","valueRequired":true,"valueName":"search_term_string"}}],"inLanguage":"fi"},{"@type":"Organization","@id":"https:\/\/kempeleenkiri.fi\/hiihto\/#organization","name":"Kempeleen Kiri","url":"https:\/\/kempeleenkiri.fi\/hiihto\/","logo":{"@type":"ImageObject","inLanguage":"fi","@id":"https:\/\/kempeleenkiri.fi\/hiihto\/#\/schema\/logo\/image\/","url":"https:\/\/kempeleenkiri.fi\/hiihto\/wp-content\/uploads\/2024\/04\/cropped-KEKI-LOGO.png","contentUrl":"https:\/\/kempeleenkiri.fi\/hiihto\/wp-content\/uploads\/2024\/04\/cropped-KEKI-LOGO.png","width":125,"height":136,"caption":"Kempeleen Kiri"},"image":{"@id":"https:\/\/kempeleenkiri.fi\/hiihto\/#\/schema\/logo\/image\/"}}]}},"_links":{"self":[{"href":"https:\/\/kempeleenkiri.fi\/hiihto\/wp-json\/wp\/v2\/pages\/1466","targetHints":{"allow":["GET"]}}],"collection":[{"href":"https:\/\/kempeleenkiri.fi\/hiihto\/wp-json\/wp\/v2\/pages"}],"about":[{"href":"https:\/\/kempeleenkiri.fi\/hiihto\/wp-json\/wp\/v2\/types\/page"}],"author":[{"embeddable":true,"href":"https:\/\/kempeleenkiri.fi\/hiihto\/wp-json\/wp\/v2\/users\/2"}],"replies":[{"embeddable":true,"href":"https:\/\/kempeleenkiri.fi\/hiihto\/wp-json\/wp\/v2\/comments?post=1466"}],"version-history":[{"count":20,"href":"https:\/\/kempeleenkiri.fi\/hiihto\/wp-json\/wp\/v2\/pages\/1466\/revisions"}],"predecessor-version":[{"id":1574,"href":"https:\/\/kempeleenkiri.fi\/hiihto\/wp-json\/wp\/v2\/pages\/1466\/revisions\/1574"}],"wp:attachment":[{"href":"https:\/\/kempeleenkiri.fi\/hiihto\/wp-json\/wp\/v2\/media?parent=1466"}],"curies":[{"name":"wp","href":"https:\/\/api.w.org\/{rel}","templated":true}]}}