{"id":1435,"date":"2024-08-22T18:16:29","date_gmt":"2024-08-22T15:16:29","guid":{"rendered":"https:\/\/kempeleenkiri.fi\/hiihto\/?page_id=1435"},"modified":"2025-02-05T09:30:21","modified_gmt":"2025-02-05T07:30:21","slug":"koykkyrin-hiihtokeskus","status":"publish","type":"page","link":"https:\/\/kempeleenkiri.fi\/hiihto\/koykkyrin-hiihtokeskus\/","title":{"rendered":"K\u00f6ykkyrin hiihtokeskus"},"content":{"rendered":"\n<p><\/p>\n\n\n\n<h2 class=\"blockart-heading blockart-heading-d169165d is-large\">K\u00f6ykkyrin hiihtokeskus<\/h2>\n\n\n\n<p class=\"blockart-paragraph blockart-paragraph-e588e7a6\">K\u00f6ykkyrin hiihtokeskus ja ulkoilualue sijaitsee Honkasen alueella Kempeleess\u00e4. K\u00f6ykkyrist\u00e4 l\u00f6ytyy monipuolinen hiihtolatuverkosto josta jokainen l\u00f6yt\u00e4\u00e4 varmasti haastetta oman kuntotasonsa vaatimiin tarpeisiin. Vuonna 2024 kilpaladut saivat FIS-tason statuksen kun kilpalatuja uusittiin ja samalla l\u00e4pik\u00e4viv\u00e4t Homogoloinnin. <br><br><\/p>\n\n\n\n<div class=\"blockart-section blockart-section-020cee47\"><div class=\"blockart-container\"><div class=\"blockart-section-inner\">\n<div class=\"blockart-column blockart-column-5dce8738\"><div class=\"blockart-column-inner\">\n<figure class=\"blockart-image blockart-image-45a8d9f7\"><img loading=\"lazy\" decoding=\"async\" width=\"1215\" height=\"1072\" class=\"wp-image-1436 hover-effect-static filter-none mask mask-none\" src=\"https:\/\/kempeleenkiri.fi\/hiihto\/wp-content\/uploads\/2025\/02\/aluekartta-1.jpg\" alt=\"\" srcset=\"https:\/\/kempeleenkiri.fi\/hiihto\/wp-content\/uploads\/2025\/02\/aluekartta-1.jpg 1215w, https:\/\/kempeleenkiri.fi\/hiihto\/wp-content\/uploads\/2025\/02\/aluekartta-1-300x265.jpg 300w, https:\/\/kempeleenkiri.fi\/hiihto\/wp-content\/uploads\/2025\/02\/aluekartta-1-1024x903.jpg 1024w, https:\/\/kempeleenkiri.fi\/hiihto\/wp-content\/uploads\/2025\/02\/aluekartta-1-768x678.jpg 768w\" sizes=\"auto, (max-width: 1215px) 100vw, 1215px\" \/><\/figure>\n<\/div><\/div>\n<\/div><\/div><\/div>\n\n\n\n<p><\/p>\n\n\n\n<h2 class=\"blockart-heading blockart-heading-ccb1fcbf is-medium\">Kilpaladut<\/h2>\n\n\n\n<p style=\"border-style:none;border-width:0px;padding-top:0rem;padding-right:var(--wp--preset--spacing--80);padding-bottom:0rem;padding-left:var(--wp--preset--spacing--80)\"><a href=\"https:\/\/kempeleenkiri.fi\/hiihto\/wp-content\/uploads\/2025\/02\/Koykkyri-Kempele-1.1-km-data.pdf\">Latukartta 1.1km<\/a> <\/p>\n\n\n\n<p style=\"border-style:none;border-width:0px;padding-top:0rem;padding-right:var(--wp--preset--spacing--80);padding-bottom:0rem;padding-left:var(--wp--preset--spacing--80)\"><a href=\"https:\/\/kempeleenkiri.fi\/hiihto\/wp-content\/uploads\/2025\/02\/Koykkyri-Kempele-1.4-km-data.pdf\">Latukartta 1.4km<\/a> <\/p>\n\n\n\n<p style=\"border-style:none;border-width:0px;padding-top:0rem;padding-right:var(--wp--preset--spacing--80);padding-bottom:0rem;padding-left:var(--wp--preset--spacing--80)\"><a href=\"https:\/\/kempeleenkiri.fi\/hiihto\/wp-content\/uploads\/2025\/02\/Koykkyri-Kempele-2.5-km-data.pdf\">Latukartta 2.5km<\/a> <\/p>\n\n\n\n<p><\/p>\n","protected":false},"excerpt":{"rendered":"<p>Latukartta 1.1km Latukartta 1.4km Latukartta 2.5km<\/p>\n","protected":false},"author":2,"featured_media":0,"parent":0,"menu_order":0,"comment_status":"closed","ping_status":"closed","template":"page-templates\/pagebuilder.php","meta":{"_monsterinsights_skip_tracking":false,"_monsterinsights_sitenote_active":false,"_monsterinsights_sitenote_note":"","_monsterinsights_sitenote_category":0,"footnotes":""},"class_list":["post-1435","page","type-page","status-publish","hentry"],"yoast_head":"<!-- This site is optimized with the Yoast SEO plugin v27.5 - https:\/\/yoast.com\/product\/yoast-seo-wordpress\/ -->\n<title>K\u00f6ykkyrin hiihtokeskus - Kempeleen Kiri<\/title>\n<meta name=\"description\" content=\"T\u00e4\u00e4lt\u00e4 l\u00f6yd\u00e4t tietoa K\u00f6ykkyrin hiihtokeskuksesta ja l\u00f6yd\u00e4t ajantasaiset latukartat.\" \/>\n<meta name=\"robots\" content=\"index, follow, max-snippet:-1, max-image-preview:large, max-video-preview:-1\" \/>\n<link rel=\"canonical\" href=\"https:\/\/kempeleenkiri.fi\/hiihto\/koykkyrin-hiihtokeskus\/\" \/>\n<meta property=\"og:locale\" content=\"fi_FI\" \/>\n<meta property=\"og:type\" content=\"article\" \/>\n<meta property=\"og:title\" content=\"K\u00f6ykkyrin hiihtokeskus - Kempeleen Kiri\" \/>\n<meta property=\"og:description\" content=\"T\u00e4\u00e4lt\u00e4 l\u00f6yd\u00e4t tietoa K\u00f6ykkyrin hiihtokeskuksesta ja l\u00f6yd\u00e4t ajantasaiset latukartat.\" \/>\n<meta property=\"og:url\" content=\"https:\/\/kempeleenkiri.fi\/hiihto\/koykkyrin-hiihtokeskus\/\" \/>\n<meta property=\"og:site_name\" content=\"Kempeleen Kiri\" \/>\n<meta property=\"article:modified_time\" content=\"2025-02-05T07:30:21+00:00\" \/>\n<meta property=\"og:image\" content=\"https:\/\/kempeleenkiri.fi\/hiihto\/wp-content\/uploads\/2025\/02\/aluekartta-1.jpg\" \/>\n\t<meta property=\"og:image:width\" content=\"1215\" \/>\n\t<meta property=\"og:image:height\" content=\"1072\" \/>\n\t<meta property=\"og:image:type\" content=\"image\/jpeg\" \/>\n<meta name=\"twitter:card\" content=\"summary_large_image\" \/>\n<meta name=\"twitter:label1\" content=\"Arvioitu lukuaika\" \/>\n\t<meta name=\"twitter:data1\" content=\"1 minuutti\" \/>\n<script type=\"application\/ld+json\" class=\"yoast-schema-graph\">{\"@context\":\"https:\\\/\\\/schema.org\",\"@graph\":[{\"@type\":\"WebPage\",\"@id\":\"https:\\\/\\\/kempeleenkiri.fi\\\/hiihto\\\/koykkyrin-hiihtokeskus\\\/\",\"url\":\"https:\\\/\\\/kempeleenkiri.fi\\\/hiihto\\\/koykkyrin-hiihtokeskus\\\/\",\"name\":\"K\u00f6ykkyrin hiihtokeskus - Kempeleen Kiri\",\"isPartOf\":{\"@id\":\"https:\\\/\\\/kempeleenkiri.fi\\\/hiihto\\\/#website\"},\"primaryImageOfPage\":{\"@id\":\"https:\\\/\\\/kempeleenkiri.fi\\\/hiihto\\\/koykkyrin-hiihtokeskus\\\/#primaryimage\"},\"image\":{\"@id\":\"https:\\\/\\\/kempeleenkiri.fi\\\/hiihto\\\/koykkyrin-hiihtokeskus\\\/#primaryimage\"},\"thumbnailUrl\":\"https:\\\/\\\/kempeleenkiri.fi\\\/hiihto\\\/wp-content\\\/uploads\\\/2025\\\/02\\\/aluekartta-1.jpg\",\"datePublished\":\"2024-08-22T15:16:29+00:00\",\"dateModified\":\"2025-02-05T07:30:21+00:00\",\"description\":\"T\u00e4\u00e4lt\u00e4 l\u00f6yd\u00e4t tietoa K\u00f6ykkyrin hiihtokeskuksesta ja l\u00f6yd\u00e4t ajantasaiset latukartat.\",\"breadcrumb\":{\"@id\":\"https:\\\/\\\/kempeleenkiri.fi\\\/hiihto\\\/koykkyrin-hiihtokeskus\\\/#breadcrumb\"},\"inLanguage\":\"fi\",\"potentialAction\":[{\"@type\":\"ReadAction\",\"target\":[\"https:\\\/\\\/kempeleenkiri.fi\\\/hiihto\\\/koykkyrin-hiihtokeskus\\\/\"]}]},{\"@type\":\"ImageObject\",\"inLanguage\":\"fi\",\"@id\":\"https:\\\/\\\/kempeleenkiri.fi\\\/hiihto\\\/koykkyrin-hiihtokeskus\\\/#primaryimage\",\"url\":\"https:\\\/\\\/kempeleenkiri.fi\\\/hiihto\\\/wp-content\\\/uploads\\\/2025\\\/02\\\/aluekartta-1.jpg\",\"contentUrl\":\"https:\\\/\\\/kempeleenkiri.fi\\\/hiihto\\\/wp-content\\\/uploads\\\/2025\\\/02\\\/aluekartta-1.jpg\",\"width\":1215,\"height\":1072},{\"@type\":\"BreadcrumbList\",\"@id\":\"https:\\\/\\\/kempeleenkiri.fi\\\/hiihto\\\/koykkyrin-hiihtokeskus\\\/#breadcrumb\",\"itemListElement\":[{\"@type\":\"ListItem\",\"position\":1,\"name\":\"Etusivu\",\"item\":\"https:\\\/\\\/kempeleenkiri.fi\\\/hiihto\\\/\"},{\"@type\":\"ListItem\",\"position\":2,\"name\":\"K\u00f6ykkyrin hiihtokeskus\"}]},{\"@type\":\"WebSite\",\"@id\":\"https:\\\/\\\/kempeleenkiri.fi\\\/hiihto\\\/#website\",\"url\":\"https:\\\/\\\/kempeleenkiri.fi\\\/hiihto\\\/\",\"name\":\"Kempeleen Kiri\",\"description\":\"\",\"publisher\":{\"@id\":\"https:\\\/\\\/kempeleenkiri.fi\\\/hiihto\\\/#organization\"},\"potentialAction\":[{\"@type\":\"SearchAction\",\"target\":{\"@type\":\"EntryPoint\",\"urlTemplate\":\"https:\\\/\\\/kempeleenkiri.fi\\\/hiihto\\\/?s={search_term_string}\"},\"query-input\":{\"@type\":\"PropertyValueSpecification\",\"valueRequired\":true,\"valueName\":\"search_term_string\"}}],\"inLanguage\":\"fi\"},{\"@type\":\"Organization\",\"@id\":\"https:\\\/\\\/kempeleenkiri.fi\\\/hiihto\\\/#organization\",\"name\":\"Kempeleen Kiri\",\"url\":\"https:\\\/\\\/kempeleenkiri.fi\\\/hiihto\\\/\",\"logo\":{\"@type\":\"ImageObject\",\"inLanguage\":\"fi\",\"@id\":\"https:\\\/\\\/kempeleenkiri.fi\\\/hiihto\\\/#\\\/schema\\\/logo\\\/image\\\/\",\"url\":\"https:\\\/\\\/kempeleenkiri.fi\\\/hiihto\\\/wp-content\\\/uploads\\\/2024\\\/04\\\/cropped-KEKI-LOGO.png\",\"contentUrl\":\"https:\\\/\\\/kempeleenkiri.fi\\\/hiihto\\\/wp-content\\\/uploads\\\/2024\\\/04\\\/cropped-KEKI-LOGO.png\",\"width\":125,\"height\":136,\"caption\":\"Kempeleen Kiri\"},\"image\":{\"@id\":\"https:\\\/\\\/kempeleenkiri.fi\\\/hiihto\\\/#\\\/schema\\\/logo\\\/image\\\/\"}}]}<\/script>\n<!-- \/ Yoast SEO plugin. -->","yoast_head_json":{"title":"K\u00f6ykkyrin hiihtokeskus - Kempeleen Kiri","description":"T\u00e4\u00e4lt\u00e4 l\u00f6yd\u00e4t tietoa K\u00f6ykkyrin hiihtokeskuksesta ja l\u00f6yd\u00e4t ajantasaiset latukartat.","robots":{"index":"index","follow":"follow","max-snippet":"max-snippet:-1","max-image-preview":"max-image-preview:large","max-video-preview":"max-video-preview:-1"},"canonical":"https:\/\/kempeleenkiri.fi\/hiihto\/koykkyrin-hiihtokeskus\/","og_locale":"fi_FI","og_type":"article","og_title":"K\u00f6ykkyrin hiihtokeskus - Kempeleen Kiri","og_description":"T\u00e4\u00e4lt\u00e4 l\u00f6yd\u00e4t tietoa K\u00f6ykkyrin hiihtokeskuksesta ja l\u00f6yd\u00e4t ajantasaiset latukartat.","og_url":"https:\/\/kempeleenkiri.fi\/hiihto\/koykkyrin-hiihtokeskus\/","og_site_name":"Kempeleen Kiri","article_modified_time":"2025-02-05T07:30:21+00:00","og_image":[{"width":1215,"height":1072,"url":"https:\/\/kempeleenkiri.fi\/hiihto\/wp-content\/uploads\/2025\/02\/aluekartta-1.jpg","type":"image\/jpeg"}],"twitter_card":"summary_large_image","twitter_misc":{"Arvioitu lukuaika":"1 minuutti"},"schema":{"@context":"https:\/\/schema.org","@graph":[{"@type":"WebPage","@id":"https:\/\/kempeleenkiri.fi\/hiihto\/koykkyrin-hiihtokeskus\/","url":"https:\/\/kempeleenkiri.fi\/hiihto\/koykkyrin-hiihtokeskus\/","name":"K\u00f6ykkyrin hiihtokeskus - Kempeleen Kiri","isPartOf":{"@id":"https:\/\/kempeleenkiri.fi\/hiihto\/#website"},"primaryImageOfPage":{"@id":"https:\/\/kempeleenkiri.fi\/hiihto\/koykkyrin-hiihtokeskus\/#primaryimage"},"image":{"@id":"https:\/\/kempeleenkiri.fi\/hiihto\/koykkyrin-hiihtokeskus\/#primaryimage"},"thumbnailUrl":"https:\/\/kempeleenkiri.fi\/hiihto\/wp-content\/uploads\/2025\/02\/aluekartta-1.jpg","datePublished":"2024-08-22T15:16:29+00:00","dateModified":"2025-02-05T07:30:21+00:00","description":"T\u00e4\u00e4lt\u00e4 l\u00f6yd\u00e4t tietoa K\u00f6ykkyrin hiihtokeskuksesta ja l\u00f6yd\u00e4t ajantasaiset latukartat.","breadcrumb":{"@id":"https:\/\/kempeleenkiri.fi\/hiihto\/koykkyrin-hiihtokeskus\/#breadcrumb"},"inLanguage":"fi","potentialAction":[{"@type":"ReadAction","target":["https:\/\/kempeleenkiri.fi\/hiihto\/koykkyrin-hiihtokeskus\/"]}]},{"@type":"ImageObject","inLanguage":"fi","@id":"https:\/\/kempeleenkiri.fi\/hiihto\/koykkyrin-hiihtokeskus\/#primaryimage","url":"https:\/\/kempeleenkiri.fi\/hiihto\/wp-content\/uploads\/2025\/02\/aluekartta-1.jpg","contentUrl":"https:\/\/kempeleenkiri.fi\/hiihto\/wp-content\/uploads\/2025\/02\/aluekartta-1.jpg","width":1215,"height":1072},{"@type":"BreadcrumbList","@id":"https:\/\/kempeleenkiri.fi\/hiihto\/koykkyrin-hiihtokeskus\/#breadcrumb","itemListElement":[{"@type":"ListItem","position":1,"name":"Etusivu","item":"https:\/\/kempeleenkiri.fi\/hiihto\/"},{"@type":"ListItem","position":2,"name":"K\u00f6ykkyrin hiihtokeskus"}]},{"@type":"WebSite","@id":"https:\/\/kempeleenkiri.fi\/hiihto\/#website","url":"https:\/\/kempeleenkiri.fi\/hiihto\/","name":"Kempeleen Kiri","description":"","publisher":{"@id":"https:\/\/kempeleenkiri.fi\/hiihto\/#organization"},"potentialAction":[{"@type":"SearchAction","target":{"@type":"EntryPoint","urlTemplate":"https:\/\/kempeleenkiri.fi\/hiihto\/?s={search_term_string}"},"query-input":{"@type":"PropertyValueSpecification","valueRequired":true,"valueName":"search_term_string"}}],"inLanguage":"fi"},{"@type":"Organization","@id":"https:\/\/kempeleenkiri.fi\/hiihto\/#organization","name":"Kempeleen Kiri","url":"https:\/\/kempeleenkiri.fi\/hiihto\/","logo":{"@type":"ImageObject","inLanguage":"fi","@id":"https:\/\/kempeleenkiri.fi\/hiihto\/#\/schema\/logo\/image\/","url":"https:\/\/kempeleenkiri.fi\/hiihto\/wp-content\/uploads\/2024\/04\/cropped-KEKI-LOGO.png","contentUrl":"https:\/\/kempeleenkiri.fi\/hiihto\/wp-content\/uploads\/2024\/04\/cropped-KEKI-LOGO.png","width":125,"height":136,"caption":"Kempeleen Kiri"},"image":{"@id":"https:\/\/kempeleenkiri.fi\/hiihto\/#\/schema\/logo\/image\/"}}]}},"_links":{"self":[{"href":"https:\/\/kempeleenkiri.fi\/hiihto\/wp-json\/wp\/v2\/pages\/1435","targetHints":{"allow":["GET"]}}],"collection":[{"href":"https:\/\/kempeleenkiri.fi\/hiihto\/wp-json\/wp\/v2\/pages"}],"about":[{"href":"https:\/\/kempeleenkiri.fi\/hiihto\/wp-json\/wp\/v2\/types\/page"}],"author":[{"embeddable":true,"href":"https:\/\/kempeleenkiri.fi\/hiihto\/wp-json\/wp\/v2\/users\/2"}],"replies":[{"embeddable":true,"href":"https:\/\/kempeleenkiri.fi\/hiihto\/wp-json\/wp\/v2\/comments?post=1435"}],"version-history":[{"count":14,"href":"https:\/\/kempeleenkiri.fi\/hiihto\/wp-json\/wp\/v2\/pages\/1435\/revisions"}],"predecessor-version":[{"id":1459,"href":"https:\/\/kempeleenkiri.fi\/hiihto\/wp-json\/wp\/v2\/pages\/1435\/revisions\/1459"}],"wp:attachment":[{"href":"https:\/\/kempeleenkiri.fi\/hiihto\/wp-json\/wp\/v2\/media?parent=1435"}],"curies":[{"name":"wp","href":"https:\/\/api.w.org\/{rel}","templated":true}]}}