{"id":1374,"date":"2024-08-22T18:16:29","date_gmt":"2024-08-22T15:16:29","guid":{"rendered":"https:\/\/kempeleenkiri.fi\/hiihto\/?page_id=1374"},"modified":"2025-02-05T16:06:54","modified_gmt":"2025-02-05T14:06:54","slug":"ajankohtaista","status":"publish","type":"page","link":"https:\/\/kempeleenkiri.fi\/hiihto\/ajankohtaista\/","title":{"rendered":"Ajankohtaista"},"content":{"rendered":"\n<h2 class=\"blockart-heading blockart-heading-d8fb7a22 is-medium\">Ajankohtaista<br><\/h2>\n\n\n<ul class=\"wp-block-latest-posts__list wp-block-latest-posts has-medium-font-size\"><li><div class=\"wp-block-latest-posts__featured-image\"><img loading=\"lazy\" decoding=\"async\" width=\"240\" height=\"300\" src=\"https:\/\/kempeleenkiri.fi\/hiihto\/wp-content\/uploads\/2026\/03\/1080x1350-240x300.png\" class=\"attachment-medium size-medium wp-post-image\" alt=\"\" style=\"\" srcset=\"https:\/\/kempeleenkiri.fi\/hiihto\/wp-content\/uploads\/2026\/03\/1080x1350-240x300.png 240w, https:\/\/kempeleenkiri.fi\/hiihto\/wp-content\/uploads\/2026\/03\/1080x1350-819x1024.png 819w, https:\/\/kempeleenkiri.fi\/hiihto\/wp-content\/uploads\/2026\/03\/1080x1350-768x960.png 768w, https:\/\/kempeleenkiri.fi\/hiihto\/wp-content\/uploads\/2026\/03\/1080x1350.png 1080w\" sizes=\"auto, (max-width: 240px) 100vw, 240px\" \/><\/div><a class=\"wp-block-latest-posts__post-title\" href=\"https:\/\/kempeleenkiri.fi\/hiihto\/2026\/03\/15\/hippo-hiihdot-31-3-2026\/\">Hippo-hiihdot 31.3.2026<\/a><\/li>\n<li><div class=\"wp-block-latest-posts__featured-image\"><img loading=\"lazy\" decoding=\"async\" width=\"300\" height=\"240\" src=\"https:\/\/kempeleenkiri.fi\/hiihto\/wp-content\/uploads\/2024\/08\/hiihtokuva-e1724342435848-300x240.jpg\" class=\"attachment-medium size-medium wp-post-image\" alt=\"\" style=\"\" srcset=\"https:\/\/kempeleenkiri.fi\/hiihto\/wp-content\/uploads\/2024\/08\/hiihtokuva-e1724342435848-300x240.jpg 300w, https:\/\/kempeleenkiri.fi\/hiihto\/wp-content\/uploads\/2024\/08\/hiihtokuva-e1724342435848.jpg 738w\" sizes=\"auto, (max-width: 300px) 100vw, 300px\" \/><\/div><a class=\"wp-block-latest-posts__post-title\" href=\"https:\/\/kempeleenkiri.fi\/hiihto\/2024\/11\/19\/suksien-huolto-ja-voitelukoulutus\/\">Suksien huolto- ja voitelukoulutus<\/a><\/li>\n<li><div class=\"wp-block-latest-posts__featured-image\"><img loading=\"lazy\" decoding=\"async\" width=\"300\" height=\"281\" src=\"https:\/\/kempeleenkiri.fi\/hiihto\/wp-content\/uploads\/2024\/04\/hiihdot-scaled-e1729682780174-300x281.jpg\" class=\"attachment-medium size-medium wp-post-image\" alt=\"\" style=\"\" srcset=\"https:\/\/kempeleenkiri.fi\/hiihto\/wp-content\/uploads\/2024\/04\/hiihdot-scaled-e1729682780174-300x281.jpg 300w, https:\/\/kempeleenkiri.fi\/hiihto\/wp-content\/uploads\/2024\/04\/hiihdot-scaled-e1729682780174-1024x959.jpg 1024w, https:\/\/kempeleenkiri.fi\/hiihto\/wp-content\/uploads\/2024\/04\/hiihdot-scaled-e1729682780174-768x719.jpg 768w, https:\/\/kempeleenkiri.fi\/hiihto\/wp-content\/uploads\/2024\/04\/hiihdot-scaled-e1729682780174-1536x1439.jpg 1536w, https:\/\/kempeleenkiri.fi\/hiihto\/wp-content\/uploads\/2024\/04\/hiihdot-scaled-e1729682780174.jpg 1821w\" sizes=\"auto, (max-width: 300px) 100vw, 300px\" \/><\/div><a class=\"wp-block-latest-posts__post-title\" href=\"https:\/\/kempeleenkiri.fi\/hiihto\/2024\/10\/23\/harjoituskisoja-oulun-seudulla\/\">Harjoituskisoja Oulun seudulla<\/a><\/li>\n<li><div class=\"wp-block-latest-posts__featured-image\"><img loading=\"lazy\" decoding=\"async\" width=\"300\" height=\"172\" src=\"https:\/\/kempeleenkiri.fi\/hiihto\/wp-content\/uploads\/2024\/09\/lamppatakki-300x172.jpg\" class=\"attachment-medium size-medium wp-post-image\" alt=\"\" style=\"\" srcset=\"https:\/\/kempeleenkiri.fi\/hiihto\/wp-content\/uploads\/2024\/09\/lamppatakki-300x172.jpg 300w, https:\/\/kempeleenkiri.fi\/hiihto\/wp-content\/uploads\/2024\/09\/lamppatakki.jpg 747w\" sizes=\"auto, (max-width: 300px) 100vw, 300px\" \/><\/div><a class=\"wp-block-latest-posts__post-title\" href=\"https:\/\/kempeleenkiri.fi\/hiihto\/2024\/09\/06\/noname-hiihtoasujen-toimittajaksi\/\">Seura-asujen tilaus 6.9-29.9.2024<\/a><\/li>\n<li><div class=\"wp-block-latest-posts__featured-image\"><img loading=\"lazy\" decoding=\"async\" width=\"292\" height=\"173\" src=\"https:\/\/kempeleenkiri.fi\/hiihto\/wp-content\/uploads\/2024\/04\/hiihtokoulu.jpg\" class=\"attachment-medium size-medium wp-post-image\" alt=\"\" style=\"\" \/><\/div><a class=\"wp-block-latest-posts__post-title\" href=\"https:\/\/kempeleenkiri.fi\/hiihto\/2024\/08\/22\/hiihdon-harrastusryhmat-starttasivat\/\">Hiihdon harrastusryhm\u00e4t starttasivat<\/a><\/li>\n<\/ul>","protected":false},"excerpt":{"rendered":"","protected":false},"author":2,"featured_media":0,"parent":0,"menu_order":0,"comment_status":"closed","ping_status":"closed","template":"page-templates\/pagebuilder.php","meta":{"_monsterinsights_skip_tracking":false,"_monsterinsights_sitenote_active":false,"_monsterinsights_sitenote_note":"","_monsterinsights_sitenote_category":0,"footnotes":""},"class_list":["post-1374","page","type-page","status-publish","hentry"],"yoast_head":"<!-- This site is optimized with the Yoast SEO plugin v27.4 - https:\/\/yoast.com\/product\/yoast-seo-wordpress\/ -->\n<title>Ajankohtaista - Kempeleen Kiri<\/title>\n<meta name=\"description\" content=\"T\u00e4ll\u00e4 sivulla julkaisemme Kempeleess\u00e4 j\u00e4rjestettyjen kilpailuiden l\u00e4ht\u00f6listat ja tulokset. K\u00e4y lukemassa tulokset!\" \/>\n<meta name=\"robots\" content=\"index, follow, max-snippet:-1, max-image-preview:large, max-video-preview:-1\" \/>\n<link rel=\"canonical\" href=\"https:\/\/kempeleenkiri.fi\/hiihto\/ajankohtaista\/\" \/>\n<meta property=\"og:locale\" content=\"fi_FI\" \/>\n<meta property=\"og:type\" content=\"article\" \/>\n<meta property=\"og:title\" content=\"Ajankohtaista - Kempeleen Kiri\" \/>\n<meta property=\"og:description\" content=\"T\u00e4ll\u00e4 sivulla julkaisemme Kempeleess\u00e4 j\u00e4rjestettyjen kilpailuiden l\u00e4ht\u00f6listat ja tulokset. K\u00e4y lukemassa tulokset!\" \/>\n<meta property=\"og:url\" content=\"https:\/\/kempeleenkiri.fi\/hiihto\/ajankohtaista\/\" \/>\n<meta property=\"og:site_name\" content=\"Kempeleen Kiri\" \/>\n<meta property=\"article:modified_time\" content=\"2025-02-05T14:06:54+00:00\" \/>\n<meta name=\"twitter:card\" content=\"summary_large_image\" \/>\n<meta name=\"twitter:label1\" content=\"Arvioitu lukuaika\" \/>\n\t<meta name=\"twitter:data1\" content=\"1 minuutti\" \/>\n<script type=\"application\/ld+json\" class=\"yoast-schema-graph\">{\"@context\":\"https:\\\/\\\/schema.org\",\"@graph\":[{\"@type\":\"WebPage\",\"@id\":\"https:\\\/\\\/kempeleenkiri.fi\\\/hiihto\\\/ajankohtaista\\\/\",\"url\":\"https:\\\/\\\/kempeleenkiri.fi\\\/hiihto\\\/ajankohtaista\\\/\",\"name\":\"Ajankohtaista - Kempeleen Kiri\",\"isPartOf\":{\"@id\":\"https:\\\/\\\/kempeleenkiri.fi\\\/hiihto\\\/#website\"},\"datePublished\":\"2024-08-22T15:16:29+00:00\",\"dateModified\":\"2025-02-05T14:06:54+00:00\",\"description\":\"T\u00e4ll\u00e4 sivulla julkaisemme Kempeleess\u00e4 j\u00e4rjestettyjen kilpailuiden l\u00e4ht\u00f6listat ja tulokset. K\u00e4y lukemassa tulokset!\",\"breadcrumb\":{\"@id\":\"https:\\\/\\\/kempeleenkiri.fi\\\/hiihto\\\/ajankohtaista\\\/#breadcrumb\"},\"inLanguage\":\"fi\",\"potentialAction\":[{\"@type\":\"ReadAction\",\"target\":[\"https:\\\/\\\/kempeleenkiri.fi\\\/hiihto\\\/ajankohtaista\\\/\"]}]},{\"@type\":\"BreadcrumbList\",\"@id\":\"https:\\\/\\\/kempeleenkiri.fi\\\/hiihto\\\/ajankohtaista\\\/#breadcrumb\",\"itemListElement\":[{\"@type\":\"ListItem\",\"position\":1,\"name\":\"Etusivu\",\"item\":\"https:\\\/\\\/kempeleenkiri.fi\\\/hiihto\\\/\"},{\"@type\":\"ListItem\",\"position\":2,\"name\":\"Ajankohtaista\"}]},{\"@type\":\"WebSite\",\"@id\":\"https:\\\/\\\/kempeleenkiri.fi\\\/hiihto\\\/#website\",\"url\":\"https:\\\/\\\/kempeleenkiri.fi\\\/hiihto\\\/\",\"name\":\"Kempeleen Kiri\",\"description\":\"\",\"publisher\":{\"@id\":\"https:\\\/\\\/kempeleenkiri.fi\\\/hiihto\\\/#organization\"},\"potentialAction\":[{\"@type\":\"SearchAction\",\"target\":{\"@type\":\"EntryPoint\",\"urlTemplate\":\"https:\\\/\\\/kempeleenkiri.fi\\\/hiihto\\\/?s={search_term_string}\"},\"query-input\":{\"@type\":\"PropertyValueSpecification\",\"valueRequired\":true,\"valueName\":\"search_term_string\"}}],\"inLanguage\":\"fi\"},{\"@type\":\"Organization\",\"@id\":\"https:\\\/\\\/kempeleenkiri.fi\\\/hiihto\\\/#organization\",\"name\":\"Kempeleen Kiri\",\"url\":\"https:\\\/\\\/kempeleenkiri.fi\\\/hiihto\\\/\",\"logo\":{\"@type\":\"ImageObject\",\"inLanguage\":\"fi\",\"@id\":\"https:\\\/\\\/kempeleenkiri.fi\\\/hiihto\\\/#\\\/schema\\\/logo\\\/image\\\/\",\"url\":\"https:\\\/\\\/kempeleenkiri.fi\\\/hiihto\\\/wp-content\\\/uploads\\\/2024\\\/04\\\/cropped-KEKI-LOGO.png\",\"contentUrl\":\"https:\\\/\\\/kempeleenkiri.fi\\\/hiihto\\\/wp-content\\\/uploads\\\/2024\\\/04\\\/cropped-KEKI-LOGO.png\",\"width\":125,\"height\":136,\"caption\":\"Kempeleen Kiri\"},\"image\":{\"@id\":\"https:\\\/\\\/kempeleenkiri.fi\\\/hiihto\\\/#\\\/schema\\\/logo\\\/image\\\/\"}}]}<\/script>\n<!-- \/ Yoast SEO plugin. -->","yoast_head_json":{"title":"Ajankohtaista - Kempeleen Kiri","description":"T\u00e4ll\u00e4 sivulla julkaisemme Kempeleess\u00e4 j\u00e4rjestettyjen kilpailuiden l\u00e4ht\u00f6listat ja tulokset. K\u00e4y lukemassa tulokset!","robots":{"index":"index","follow":"follow","max-snippet":"max-snippet:-1","max-image-preview":"max-image-preview:large","max-video-preview":"max-video-preview:-1"},"canonical":"https:\/\/kempeleenkiri.fi\/hiihto\/ajankohtaista\/","og_locale":"fi_FI","og_type":"article","og_title":"Ajankohtaista - Kempeleen Kiri","og_description":"T\u00e4ll\u00e4 sivulla julkaisemme Kempeleess\u00e4 j\u00e4rjestettyjen kilpailuiden l\u00e4ht\u00f6listat ja tulokset. K\u00e4y lukemassa tulokset!","og_url":"https:\/\/kempeleenkiri.fi\/hiihto\/ajankohtaista\/","og_site_name":"Kempeleen Kiri","article_modified_time":"2025-02-05T14:06:54+00:00","twitter_card":"summary_large_image","twitter_misc":{"Arvioitu lukuaika":"1 minuutti"},"schema":{"@context":"https:\/\/schema.org","@graph":[{"@type":"WebPage","@id":"https:\/\/kempeleenkiri.fi\/hiihto\/ajankohtaista\/","url":"https:\/\/kempeleenkiri.fi\/hiihto\/ajankohtaista\/","name":"Ajankohtaista - Kempeleen Kiri","isPartOf":{"@id":"https:\/\/kempeleenkiri.fi\/hiihto\/#website"},"datePublished":"2024-08-22T15:16:29+00:00","dateModified":"2025-02-05T14:06:54+00:00","description":"T\u00e4ll\u00e4 sivulla julkaisemme Kempeleess\u00e4 j\u00e4rjestettyjen kilpailuiden l\u00e4ht\u00f6listat ja tulokset. K\u00e4y lukemassa tulokset!","breadcrumb":{"@id":"https:\/\/kempeleenkiri.fi\/hiihto\/ajankohtaista\/#breadcrumb"},"inLanguage":"fi","potentialAction":[{"@type":"ReadAction","target":["https:\/\/kempeleenkiri.fi\/hiihto\/ajankohtaista\/"]}]},{"@type":"BreadcrumbList","@id":"https:\/\/kempeleenkiri.fi\/hiihto\/ajankohtaista\/#breadcrumb","itemListElement":[{"@type":"ListItem","position":1,"name":"Etusivu","item":"https:\/\/kempeleenkiri.fi\/hiihto\/"},{"@type":"ListItem","position":2,"name":"Ajankohtaista"}]},{"@type":"WebSite","@id":"https:\/\/kempeleenkiri.fi\/hiihto\/#website","url":"https:\/\/kempeleenkiri.fi\/hiihto\/","name":"Kempeleen Kiri","description":"","publisher":{"@id":"https:\/\/kempeleenkiri.fi\/hiihto\/#organization"},"potentialAction":[{"@type":"SearchAction","target":{"@type":"EntryPoint","urlTemplate":"https:\/\/kempeleenkiri.fi\/hiihto\/?s={search_term_string}"},"query-input":{"@type":"PropertyValueSpecification","valueRequired":true,"valueName":"search_term_string"}}],"inLanguage":"fi"},{"@type":"Organization","@id":"https:\/\/kempeleenkiri.fi\/hiihto\/#organization","name":"Kempeleen Kiri","url":"https:\/\/kempeleenkiri.fi\/hiihto\/","logo":{"@type":"ImageObject","inLanguage":"fi","@id":"https:\/\/kempeleenkiri.fi\/hiihto\/#\/schema\/logo\/image\/","url":"https:\/\/kempeleenkiri.fi\/hiihto\/wp-content\/uploads\/2024\/04\/cropped-KEKI-LOGO.png","contentUrl":"https:\/\/kempeleenkiri.fi\/hiihto\/wp-content\/uploads\/2024\/04\/cropped-KEKI-LOGO.png","width":125,"height":136,"caption":"Kempeleen Kiri"},"image":{"@id":"https:\/\/kempeleenkiri.fi\/hiihto\/#\/schema\/logo\/image\/"}}]}},"_links":{"self":[{"href":"https:\/\/kempeleenkiri.fi\/hiihto\/wp-json\/wp\/v2\/pages\/1374","targetHints":{"allow":["GET"]}}],"collection":[{"href":"https:\/\/kempeleenkiri.fi\/hiihto\/wp-json\/wp\/v2\/pages"}],"about":[{"href":"https:\/\/kempeleenkiri.fi\/hiihto\/wp-json\/wp\/v2\/types\/page"}],"author":[{"embeddable":true,"href":"https:\/\/kempeleenkiri.fi\/hiihto\/wp-json\/wp\/v2\/users\/2"}],"replies":[{"embeddable":true,"href":"https:\/\/kempeleenkiri.fi\/hiihto\/wp-json\/wp\/v2\/comments?post=1374"}],"version-history":[{"count":7,"href":"https:\/\/kempeleenkiri.fi\/hiihto\/wp-json\/wp\/v2\/pages\/1374\/revisions"}],"predecessor-version":[{"id":1392,"href":"https:\/\/kempeleenkiri.fi\/hiihto\/wp-json\/wp\/v2\/pages\/1374\/revisions\/1392"}],"wp:attachment":[{"href":"https:\/\/kempeleenkiri.fi\/hiihto\/wp-json\/wp\/v2\/media?parent=1374"}],"curies":[{"name":"wp","href":"https:\/\/api.w.org\/{rel}","templated":true}]}}