{"id":1368,"date":"2024-08-22T18:16:29","date_gmt":"2024-08-22T15:16:29","guid":{"rendered":"https:\/\/kempeleenkiri.fi\/hiihto\/?page_id=1368"},"modified":"2024-08-22T18:25:42","modified_gmt":"2024-08-22T15:25:42","slug":"kilpailut-ja-tulokset","status":"publish","type":"page","link":"https:\/\/kempeleenkiri.fi\/hiihto\/kilpailut-ja-tulokset\/","title":{"rendered":"Kilpailut ja tulokset"},"content":{"rendered":"\n<div class=\"wp-block-query is-layout-flow wp-block-query-is-layout-flow\"><ul class=\"wp-block-post-template is-layout-flow wp-block-post-template-is-layout-flow\"><li class=\"wp-block-post post-1250 post type-post status-publish format-standard has-post-thumbnail hentry category-zeppelin-hiihdot\">\n\n<div class=\"wp-block-columns are-vertically-aligned-center is-layout-flex wp-container-core-columns-is-layout-28f84493 wp-block-columns-is-layout-flex\">\n<div class=\"wp-block-column is-vertically-aligned-center is-layout-flow wp-block-column-is-layout-flow\" style=\"flex-basis:25%\"><figure class=\"wp-block-post-featured-image\"><a href=\"https:\/\/kempeleenkiri.fi\/hiihto\/2024\/05\/08\/zeppelin-hiihdot-3-2-2024-lopputulokset\/\" target=\"_self\"  ><img loading=\"lazy\" decoding=\"async\" width=\"243\" height=\"207\" src=\"https:\/\/kempeleenkiri.fi\/hiihto\/wp-content\/uploads\/2024\/05\/zeppelinhiihdot.jpg\" class=\"attachment-post-thumbnail size-post-thumbnail wp-post-image\" alt=\"Zeppelin hiihdot 3.2.2024 tulokset\" style=\"object-fit:cover;\" \/><\/a><\/figure><\/div>\n\n\n\n<div class=\"wp-block-column is-vertically-aligned-center is-layout-flow wp-block-column-is-layout-flow\" style=\"flex-basis:75%\"><h2 class=\"wp-block-post-title\"><a href=\"https:\/\/kempeleenkiri.fi\/hiihto\/2024\/05\/08\/zeppelin-hiihdot-3-2-2024-lopputulokset\/\" target=\"_self\" >Zeppelin hiihdot 3.2.2024 tulokset<\/a><\/h2><\/div>\n<\/div>\n\n<\/li><li class=\"wp-block-post post-1477 post type-post status-publish format-standard has-post-thumbnail hentry category-zeppelin-hiihdot\">\n\n<div class=\"wp-block-columns are-vertically-aligned-center is-layout-flex wp-container-core-columns-is-layout-28f84493 wp-block-columns-is-layout-flex\">\n<div class=\"wp-block-column is-vertically-aligned-center is-layout-flow wp-block-column-is-layout-flow\" style=\"flex-basis:25%\"><figure class=\"wp-block-post-featured-image\"><a href=\"https:\/\/kempeleenkiri.fi\/hiihto\/2024\/05\/08\/zeppelin-hiihdot-15-2-lahtolista\/\" target=\"_self\"  ><img loading=\"lazy\" decoding=\"async\" width=\"243\" height=\"207\" src=\"https:\/\/kempeleenkiri.fi\/hiihto\/wp-content\/uploads\/2024\/05\/zeppelinhiihdot.jpg\" class=\"attachment-post-thumbnail size-post-thumbnail wp-post-image\" alt=\"Zeppelin hiihdot 15.2.2025 l\u00e4ht\u00f6lista\" style=\"object-fit:cover;\" \/><\/a><\/figure><\/div>\n\n\n\n<div class=\"wp-block-column is-vertically-aligned-center is-layout-flow wp-block-column-is-layout-flow\" style=\"flex-basis:75%\"><h2 class=\"wp-block-post-title\"><a href=\"https:\/\/kempeleenkiri.fi\/hiihto\/2024\/05\/08\/zeppelin-hiihdot-15-2-lahtolista\/\" target=\"_self\" >Zeppelin hiihdot 15.2.2025 l\u00e4ht\u00f6lista<\/a><\/h2><\/div>\n<\/div>\n\n<\/li><li class=\"wp-block-post post-1485 post type-post status-publish format-standard has-post-thumbnail hentry category-zeppelin-hiihdot\">\n\n<div class=\"wp-block-columns are-vertically-aligned-center is-layout-flex wp-container-core-columns-is-layout-28f84493 wp-block-columns-is-layout-flex\">\n<div class=\"wp-block-column is-vertically-aligned-center is-layout-flow wp-block-column-is-layout-flow\" style=\"flex-basis:25%\"><figure class=\"wp-block-post-featured-image\"><a href=\"https:\/\/kempeleenkiri.fi\/hiihto\/2024\/05\/08\/zeppelin-hiihdot-3-2-2024-lopputulokset-2\/\" target=\"_self\"  ><img loading=\"lazy\" decoding=\"async\" width=\"243\" height=\"207\" src=\"https:\/\/kempeleenkiri.fi\/hiihto\/wp-content\/uploads\/2024\/05\/zeppelinhiihdot.jpg\" class=\"attachment-post-thumbnail size-post-thumbnail wp-post-image\" alt=\"Zeppelin hiihdot 15.2.2025 tulokset\" style=\"object-fit:cover;\" \/><\/a><\/figure><\/div>\n\n\n\n<div class=\"wp-block-column is-vertically-aligned-center is-layout-flow wp-block-column-is-layout-flow\" style=\"flex-basis:75%\"><h2 class=\"wp-block-post-title\"><a href=\"https:\/\/kempeleenkiri.fi\/hiihto\/2024\/05\/08\/zeppelin-hiihdot-3-2-2024-lopputulokset-2\/\" target=\"_self\" >Zeppelin hiihdot 15.2.2025 tulokset<\/a><\/h2><\/div>\n<\/div>\n\n<\/li><\/ul><\/div>\n","protected":false},"excerpt":{"rendered":"","protected":false},"author":2,"featured_media":0,"parent":0,"menu_order":0,"comment_status":"closed","ping_status":"closed","template":"page-templates\/pagebuilder.php","meta":{"_monsterinsights_skip_tracking":false,"_monsterinsights_sitenote_active":false,"_monsterinsights_sitenote_note":"","_monsterinsights_sitenote_category":0,"footnotes":""},"class_list":["post-1368","page","type-page","status-publish","hentry"],"yoast_head":"<!-- This site is optimized with the Yoast SEO plugin v27.5 - https:\/\/yoast.com\/product\/yoast-seo-wordpress\/ -->\n<title>Kilpailut ja tulokset - Kempeleen Kiri<\/title>\n<meta name=\"description\" content=\"T\u00e4ll\u00e4 sivulla julkaisemme Kempeleess\u00e4 j\u00e4rjestettyjen kilpailuiden l\u00e4ht\u00f6listat ja tulokset. K\u00e4y lukemassa tulokset!\" \/>\n<meta name=\"robots\" content=\"index, follow, max-snippet:-1, max-image-preview:large, max-video-preview:-1\" \/>\n<link rel=\"canonical\" href=\"https:\/\/kempeleenkiri.fi\/hiihto\/kilpailut-ja-tulokset\/\" \/>\n<meta property=\"og:locale\" content=\"fi_FI\" \/>\n<meta property=\"og:type\" content=\"article\" \/>\n<meta property=\"og:title\" content=\"Kilpailut ja tulokset - Kempeleen Kiri\" \/>\n<meta property=\"og:description\" content=\"T\u00e4ll\u00e4 sivulla julkaisemme Kempeleess\u00e4 j\u00e4rjestettyjen kilpailuiden l\u00e4ht\u00f6listat ja tulokset. K\u00e4y lukemassa tulokset!\" \/>\n<meta property=\"og:url\" content=\"https:\/\/kempeleenkiri.fi\/hiihto\/kilpailut-ja-tulokset\/\" \/>\n<meta property=\"og:site_name\" content=\"Kempeleen Kiri\" \/>\n<meta property=\"article:modified_time\" content=\"2024-08-22T15:25:42+00:00\" \/>\n<meta name=\"twitter:card\" content=\"summary_large_image\" \/>\n<script type=\"application\/ld+json\" class=\"yoast-schema-graph\">{\"@context\":\"https:\\\/\\\/schema.org\",\"@graph\":[{\"@type\":\"WebPage\",\"@id\":\"https:\\\/\\\/kempeleenkiri.fi\\\/hiihto\\\/kilpailut-ja-tulokset\\\/\",\"url\":\"https:\\\/\\\/kempeleenkiri.fi\\\/hiihto\\\/kilpailut-ja-tulokset\\\/\",\"name\":\"Kilpailut ja tulokset - Kempeleen Kiri\",\"isPartOf\":{\"@id\":\"https:\\\/\\\/kempeleenkiri.fi\\\/hiihto\\\/#website\"},\"datePublished\":\"2024-08-22T15:16:29+00:00\",\"dateModified\":\"2024-08-22T15:25:42+00:00\",\"description\":\"T\u00e4ll\u00e4 sivulla julkaisemme Kempeleess\u00e4 j\u00e4rjestettyjen kilpailuiden l\u00e4ht\u00f6listat ja tulokset. K\u00e4y lukemassa tulokset!\",\"breadcrumb\":{\"@id\":\"https:\\\/\\\/kempeleenkiri.fi\\\/hiihto\\\/kilpailut-ja-tulokset\\\/#breadcrumb\"},\"inLanguage\":\"fi\",\"potentialAction\":[{\"@type\":\"ReadAction\",\"target\":[\"https:\\\/\\\/kempeleenkiri.fi\\\/hiihto\\\/kilpailut-ja-tulokset\\\/\"]}]},{\"@type\":\"BreadcrumbList\",\"@id\":\"https:\\\/\\\/kempeleenkiri.fi\\\/hiihto\\\/kilpailut-ja-tulokset\\\/#breadcrumb\",\"itemListElement\":[{\"@type\":\"ListItem\",\"position\":1,\"name\":\"Etusivu\",\"item\":\"https:\\\/\\\/kempeleenkiri.fi\\\/hiihto\\\/\"},{\"@type\":\"ListItem\",\"position\":2,\"name\":\"Kilpailut ja tulokset\"}]},{\"@type\":\"WebSite\",\"@id\":\"https:\\\/\\\/kempeleenkiri.fi\\\/hiihto\\\/#website\",\"url\":\"https:\\\/\\\/kempeleenkiri.fi\\\/hiihto\\\/\",\"name\":\"Kempeleen Kiri\",\"description\":\"\",\"publisher\":{\"@id\":\"https:\\\/\\\/kempeleenkiri.fi\\\/hiihto\\\/#organization\"},\"potentialAction\":[{\"@type\":\"SearchAction\",\"target\":{\"@type\":\"EntryPoint\",\"urlTemplate\":\"https:\\\/\\\/kempeleenkiri.fi\\\/hiihto\\\/?s={search_term_string}\"},\"query-input\":{\"@type\":\"PropertyValueSpecification\",\"valueRequired\":true,\"valueName\":\"search_term_string\"}}],\"inLanguage\":\"fi\"},{\"@type\":\"Organization\",\"@id\":\"https:\\\/\\\/kempeleenkiri.fi\\\/hiihto\\\/#organization\",\"name\":\"Kempeleen Kiri\",\"url\":\"https:\\\/\\\/kempeleenkiri.fi\\\/hiihto\\\/\",\"logo\":{\"@type\":\"ImageObject\",\"inLanguage\":\"fi\",\"@id\":\"https:\\\/\\\/kempeleenkiri.fi\\\/hiihto\\\/#\\\/schema\\\/logo\\\/image\\\/\",\"url\":\"https:\\\/\\\/kempeleenkiri.fi\\\/hiihto\\\/wp-content\\\/uploads\\\/2024\\\/04\\\/cropped-KEKI-LOGO.png\",\"contentUrl\":\"https:\\\/\\\/kempeleenkiri.fi\\\/hiihto\\\/wp-content\\\/uploads\\\/2024\\\/04\\\/cropped-KEKI-LOGO.png\",\"width\":125,\"height\":136,\"caption\":\"Kempeleen Kiri\"},\"image\":{\"@id\":\"https:\\\/\\\/kempeleenkiri.fi\\\/hiihto\\\/#\\\/schema\\\/logo\\\/image\\\/\"}}]}<\/script>\n<!-- \/ Yoast SEO plugin. -->","yoast_head_json":{"title":"Kilpailut ja tulokset - Kempeleen Kiri","description":"T\u00e4ll\u00e4 sivulla julkaisemme Kempeleess\u00e4 j\u00e4rjestettyjen kilpailuiden l\u00e4ht\u00f6listat ja tulokset. K\u00e4y lukemassa tulokset!","robots":{"index":"index","follow":"follow","max-snippet":"max-snippet:-1","max-image-preview":"max-image-preview:large","max-video-preview":"max-video-preview:-1"},"canonical":"https:\/\/kempeleenkiri.fi\/hiihto\/kilpailut-ja-tulokset\/","og_locale":"fi_FI","og_type":"article","og_title":"Kilpailut ja tulokset - Kempeleen Kiri","og_description":"T\u00e4ll\u00e4 sivulla julkaisemme Kempeleess\u00e4 j\u00e4rjestettyjen kilpailuiden l\u00e4ht\u00f6listat ja tulokset. K\u00e4y lukemassa tulokset!","og_url":"https:\/\/kempeleenkiri.fi\/hiihto\/kilpailut-ja-tulokset\/","og_site_name":"Kempeleen Kiri","article_modified_time":"2024-08-22T15:25:42+00:00","twitter_card":"summary_large_image","schema":{"@context":"https:\/\/schema.org","@graph":[{"@type":"WebPage","@id":"https:\/\/kempeleenkiri.fi\/hiihto\/kilpailut-ja-tulokset\/","url":"https:\/\/kempeleenkiri.fi\/hiihto\/kilpailut-ja-tulokset\/","name":"Kilpailut ja tulokset - Kempeleen Kiri","isPartOf":{"@id":"https:\/\/kempeleenkiri.fi\/hiihto\/#website"},"datePublished":"2024-08-22T15:16:29+00:00","dateModified":"2024-08-22T15:25:42+00:00","description":"T\u00e4ll\u00e4 sivulla julkaisemme Kempeleess\u00e4 j\u00e4rjestettyjen kilpailuiden l\u00e4ht\u00f6listat ja tulokset. K\u00e4y lukemassa tulokset!","breadcrumb":{"@id":"https:\/\/kempeleenkiri.fi\/hiihto\/kilpailut-ja-tulokset\/#breadcrumb"},"inLanguage":"fi","potentialAction":[{"@type":"ReadAction","target":["https:\/\/kempeleenkiri.fi\/hiihto\/kilpailut-ja-tulokset\/"]}]},{"@type":"BreadcrumbList","@id":"https:\/\/kempeleenkiri.fi\/hiihto\/kilpailut-ja-tulokset\/#breadcrumb","itemListElement":[{"@type":"ListItem","position":1,"name":"Etusivu","item":"https:\/\/kempeleenkiri.fi\/hiihto\/"},{"@type":"ListItem","position":2,"name":"Kilpailut ja tulokset"}]},{"@type":"WebSite","@id":"https:\/\/kempeleenkiri.fi\/hiihto\/#website","url":"https:\/\/kempeleenkiri.fi\/hiihto\/","name":"Kempeleen Kiri","description":"","publisher":{"@id":"https:\/\/kempeleenkiri.fi\/hiihto\/#organization"},"potentialAction":[{"@type":"SearchAction","target":{"@type":"EntryPoint","urlTemplate":"https:\/\/kempeleenkiri.fi\/hiihto\/?s={search_term_string}"},"query-input":{"@type":"PropertyValueSpecification","valueRequired":true,"valueName":"search_term_string"}}],"inLanguage":"fi"},{"@type":"Organization","@id":"https:\/\/kempeleenkiri.fi\/hiihto\/#organization","name":"Kempeleen Kiri","url":"https:\/\/kempeleenkiri.fi\/hiihto\/","logo":{"@type":"ImageObject","inLanguage":"fi","@id":"https:\/\/kempeleenkiri.fi\/hiihto\/#\/schema\/logo\/image\/","url":"https:\/\/kempeleenkiri.fi\/hiihto\/wp-content\/uploads\/2024\/04\/cropped-KEKI-LOGO.png","contentUrl":"https:\/\/kempeleenkiri.fi\/hiihto\/wp-content\/uploads\/2024\/04\/cropped-KEKI-LOGO.png","width":125,"height":136,"caption":"Kempeleen Kiri"},"image":{"@id":"https:\/\/kempeleenkiri.fi\/hiihto\/#\/schema\/logo\/image\/"}}]}},"_links":{"self":[{"href":"https:\/\/kempeleenkiri.fi\/hiihto\/wp-json\/wp\/v2\/pages\/1368","targetHints":{"allow":["GET"]}}],"collection":[{"href":"https:\/\/kempeleenkiri.fi\/hiihto\/wp-json\/wp\/v2\/pages"}],"about":[{"href":"https:\/\/kempeleenkiri.fi\/hiihto\/wp-json\/wp\/v2\/types\/page"}],"author":[{"embeddable":true,"href":"https:\/\/kempeleenkiri.fi\/hiihto\/wp-json\/wp\/v2\/users\/2"}],"replies":[{"embeddable":true,"href":"https:\/\/kempeleenkiri.fi\/hiihto\/wp-json\/wp\/v2\/comments?post=1368"}],"version-history":[{"count":1,"href":"https:\/\/kempeleenkiri.fi\/hiihto\/wp-json\/wp\/v2\/pages\/1368\/revisions"}],"predecessor-version":[{"id":1369,"href":"https:\/\/kempeleenkiri.fi\/hiihto\/wp-json\/wp\/v2\/pages\/1368\/revisions\/1369"}],"wp:attachment":[{"href":"https:\/\/kempeleenkiri.fi\/hiihto\/wp-json\/wp\/v2\/media?parent=1368"}],"curies":[{"name":"wp","href":"https:\/\/api.w.org\/{rel}","templated":true}]}}