{"id":1079,"date":"2015-07-29T13:44:44","date_gmt":"2015-07-29T13:44:44","guid":{"rendered":"https:\/\/blockart-agency.sites.qsandbox.com\/?page_id=4"},"modified":"2026-03-06T15:25:55","modified_gmt":"2026-03-06T13:25:55","slug":"etusivu","status":"publish","type":"page","link":"https:\/\/kempeleenkiri.fi\/hiihto\/","title":{"rendered":"Etusivu"},"content":{"rendered":"<!-- fwrsw_print_responsive_full_width_slider_wp_func --><div class='o-sliderContainer hasShadow pbSliderWrap1' id=\"pbSliderWrapfwrsw_69d5704b77c58\" style=\"margin-top:0;\">\n        <div class='o-slider' id='pbSliderfwrsw_69d5704b77c58'>\n                     \n                                     <div class=\"o-slider--item\" data-image=\"https:\/\/kempeleenkiri.fi\/hiihto\/wp-content\/uploads\/full-width-responsive-slider-wp\/img_662e51b532a60.jpg\">\n                                        <div class=\"o-slider-textWrap\">\n                                            \n                                             <span class=\"o-slider-title\">Ollaan yht\u00e4 hiihtoperhett\u00e4<\/span>\n                                             <span class=\"a-divider\"><\/span>\n                                             \n                                          \n                                            \n                                              <p class=\"o-slider-paragraph\">Maastohiihtoa suurella syd&auml;mmell&auml; \n                                              \n                                        <\/div>\n                                      <\/div>\n\n                                      \n\n                       \n        <\/div>\n    <\/div>\n         <script type=\"text\/javascript\">\n\n     document.addEventListener(\"DOMContentLoaded\", function() { \n\n              \n                 \n                 \n               jQuery('#pbSliderfwrsw_69d5704b77c58').pbTouchSlider({\n                    slider_Wrap: '#pbSliderWrapfwrsw_69d5704b77c58',\n                    auto_slide:false,\n                    auto_slide_interval:5000,\n                    slider_Item_Width : 100,\n                    slider_Threshold: 25,\n                    slider_Speed:1000,\n                    slider_Ease:'ease-in-out',\n                    slider_Drag : true,\n                    slider_Arrows: {\n                      enabled : false                    },\n                    slider_Dots: {\n                      class :'.o-slider-pagination',\n                      enabled : true,\n                      preview : true                    },\n                    slider_Breakpoints: {\n                        default: {\n                            height: 500                        },\n                        tablet: {\n                            height: 400,\n                            media: 1024\n                        },\n                        smartphone: {\n                            height: 300,\n                            media: 768\n                        }\n                    }\n                  });  \n\n\n        });\n\n\n    <\/script><!-- end fwrsw_print_responsive_full_width_slider_wp_func -->\n\n\n<div class=\"blockart-section blockart-section-e8208587\"><div class=\"blockart-container\"><div class=\"blockart-section-inner\">\n<div class=\"blockart-column blockart-column-fb7d8bcb\"><div class=\"blockart-column-inner\">\n<figure class=\"blockart-image blockart-image-706520d5\"><img loading=\"lazy\" decoding=\"async\" class=\"wp-image-1180 hover-effect-static filter-none mask mask-none\" src=\"https:\/\/kempeleenkiri.fi\/hiihto\/wp-content\/uploads\/2024\/04\/hiihtokoulu.jpg\" alt=\"\" height=\"173\" width=\"292\"\/><\/figure>\n<\/div><\/div>\n\n\n\n<div class=\"blockart-column blockart-column-4535534b\"><div class=\"blockart-column-inner\">\n<h2 class=\"blockart-heading blockart-heading-0a332210\">Hiihtokoulusta kilpaladuille<\/h2>\n\n\n\n<p class=\"blockart-paragraph blockart-paragraph-7535df58\">Kempeleen Kirin hiihtojaosto tarjoaa hiihtokouluja kaiken ik\u00e4isille hiihdon yst\u00e4ville ja hiihtoharrastuksen alkuvaiheessa oleville. <\/p>\n\n\n\n<p class=\"blockart-paragraph blockart-paragraph-5ac9e011\">Hiihtokoulujen lis\u00e4ksi autamme kilpahiiht\u00e4ji\u00e4 hiihtouransa alussa. Hyv\u00e4ksi havaittu kolmiportainen valmennusj\u00e4rjestelm\u00e4mme on rakennettu urheilijan kasvun ja herkkyyskausiajattelun pohjalta. <\/p>\n<\/div><\/div>\n<\/div><\/div><\/div>\n\n\n\n<div class=\"blockart-section blockart-section-b171b8fc\"><div class=\"blockart-container\"><div class=\"blockart-section-inner\">\n<div class=\"blockart-column blockart-column-2461076f\"><div class=\"blockart-column-inner\">\n<h2 class=\"blockart-heading blockart-heading-5b1db231\">Liity mukaan<\/h2>\n\n\n\n<p class=\"blockart-paragraph blockart-paragraph-15b58dfe\">Helpoiten p\u00e4\u00e4set Kirin hiihtotoimintaan mukaan ilmoittautumalla hiihtokouluihin mukaan. K\u00e4y ilmoittautumassa vaikka heti seuraaviin treeneihimme. <\/p>\n<\/div><\/div>\n\n\n\n<div class=\"blockart-column blockart-column-75d67e9f\"><div class=\"blockart-column-inner\">\n<div class=\"blockart-buttons blockart-buttons-fcabb4c7 is-wrap\">\n<div class=\"blockart-button blockart-button-80850077 \"><a class=\"blockart-button-link is-custom is-style-filled\" href=\"https:\/\/www.kempeleenkiri.fi\/hiihto\/hiihtokoulut\">HIIHTOKOULUT<\/a><\/div>\n<\/div>\n<\/div><\/div>\n<\/div><\/div><\/div>\n\n\n\n<div class=\"blockart-section blockart-section-b3f5d257\"><div class=\"blockart-container\"><div class=\"blockart-section-inner\">\n<div class=\"blockart-column blockart-column-a337e343\"><div class=\"blockart-column-inner\"><\/div><\/div>\n\n\n\n<div class=\"blockart-column blockart-column-799d4b58\"><div class=\"blockart-column-inner\">\n<h2 class=\"blockart-heading blockart-heading-d7d499ab\">Kilpailut ja tulokset<\/h2>\n\n\n\n<p class=\"blockart-paragraph blockart-paragraph-ffb628c2\">T\u00e4ss\u00e4 ilmoitamme kilpailuiden l\u00e4ht\u00f6listat sek\u00e4 tulokset<\/p>\n<\/div><\/div>\n\n\n\n<div class=\"blockart-column blockart-column-6fd43b32\"><div class=\"blockart-column-inner\"><\/div><\/div>\n<\/div><\/div><\/div>\n\n\n<ul class=\"wp-block-latest-posts__list is-grid columns-3 wp-block-latest-posts\"><li><div class=\"wp-block-latest-posts__featured-image\"><a href=\"https:\/\/kempeleenkiri.fi\/hiihto\/2024\/05\/08\/zeppelin-hiihdot-3-2-2024-lopputulokset\/\" aria-label=\"Zeppelin hiihdot 3.2.2024 tulokset\"><img loading=\"lazy\" decoding=\"async\" width=\"243\" height=\"207\" src=\"https:\/\/kempeleenkiri.fi\/hiihto\/wp-content\/uploads\/2024\/05\/zeppelinhiihdot.jpg\" class=\"attachment-medium size-medium wp-post-image\" alt=\"\" style=\"\" \/><\/a><\/div><a class=\"wp-block-latest-posts__post-title\" href=\"https:\/\/kempeleenkiri.fi\/hiihto\/2024\/05\/08\/zeppelin-hiihdot-3-2-2024-lopputulokset\/\">Zeppelin hiihdot 3.2.2024 tulokset<\/a><\/li>\n<li><div class=\"wp-block-latest-posts__featured-image\"><a href=\"https:\/\/kempeleenkiri.fi\/hiihto\/2024\/05\/08\/zeppelin-hiihdot-15-2-lahtolista\/\" aria-label=\"Zeppelin hiihdot 15.2.2025 l\u00e4ht\u00f6lista\"><img loading=\"lazy\" decoding=\"async\" width=\"243\" height=\"207\" src=\"https:\/\/kempeleenkiri.fi\/hiihto\/wp-content\/uploads\/2024\/05\/zeppelinhiihdot.jpg\" class=\"attachment-medium size-medium wp-post-image\" alt=\"\" style=\"\" \/><\/a><\/div><a class=\"wp-block-latest-posts__post-title\" href=\"https:\/\/kempeleenkiri.fi\/hiihto\/2024\/05\/08\/zeppelin-hiihdot-15-2-lahtolista\/\">Zeppelin hiihdot 15.2.2025 l\u00e4ht\u00f6lista<\/a><\/li>\n<li><div class=\"wp-block-latest-posts__featured-image\"><a href=\"https:\/\/kempeleenkiri.fi\/hiihto\/2024\/05\/08\/zeppelin-hiihdot-3-2-2024-lopputulokset-2\/\" aria-label=\"Zeppelin hiihdot 15.2.2025 tulokset\"><img loading=\"lazy\" decoding=\"async\" width=\"243\" height=\"207\" src=\"https:\/\/kempeleenkiri.fi\/hiihto\/wp-content\/uploads\/2024\/05\/zeppelinhiihdot.jpg\" class=\"attachment-medium size-medium wp-post-image\" alt=\"\" style=\"\" \/><\/a><\/div><a class=\"wp-block-latest-posts__post-title\" href=\"https:\/\/kempeleenkiri.fi\/hiihto\/2024\/05\/08\/zeppelin-hiihdot-3-2-2024-lopputulokset-2\/\">Zeppelin hiihdot 15.2.2025 tulokset<\/a><\/li>\n<\/ul>\n\n\n<div class=\"alignfull blockart-section blockart-section-e816e225 alignfull\"><div class=\"blockart-container\"><div class=\"blockart-section-inner\">\n<div class=\"blockart-column blockart-column-3ab1db62\"><div class=\"blockart-column-inner\">\n<div class=\"wp-block-group is-nowrap is-layout-flex wp-container-core-group-is-layout-6c531013 wp-block-group-is-layout-flex\">\n<div class=\"blockart-slider blockart-slider-0702b95f\"><div class=\"splide\"><div class=\"splide__track\"><ul class=\"splide__list\">\n<li class=\"blockart-slide blockart-slide-e2278424 splide__slide\">\n<div class=\"wp-block-group alignfull is-content-justification-space-between is-nowrap is-layout-flex wp-container-core-group-is-layout-cb46ffcb wp-block-group-is-layout-flex\">\n<figure class=\"blockart-image blockart-image-e68e13d3\"><img loading=\"lazy\" decoding=\"async\" class=\"wp-image-1318 hover-effect-static filter-none mask mask-none\" src=\"https:\/\/kempeleenkiri.fi\/hiihto\/wp-content\/uploads\/2024\/07\/Pocal-logo-2012-palkitsemisen-iloa-e1720957711877.jpg\" alt=\"\" height=\"75\" width=\"378\"\/><\/figure>\n\n\n\n<figure class=\"blockart-image blockart-image-eafc71be\"><img loading=\"lazy\" decoding=\"async\" class=\"wp-image-1317 hover-effect-static filter-none mask mask-none\" src=\"https:\/\/kempeleenkiri.fi\/hiihto\/wp-content\/uploads\/2024\/07\/vihiluodon-kala.png\" alt=\"\" height=\"225\" width=\"225\" srcset=\"https:\/\/kempeleenkiri.fi\/hiihto\/wp-content\/uploads\/2024\/07\/vihiluodon-kala.png 225w, https:\/\/kempeleenkiri.fi\/hiihto\/wp-content\/uploads\/2024\/07\/vihiluodon-kala-150x150.png 150w\" sizes=\"auto, (max-width: 225px) 100vw, 225px\" \/><\/figure>\n\n\n\n<figure class=\"blockart-image blockart-image-5c485f1f\"><img loading=\"lazy\" decoding=\"async\" class=\"wp-image-1319 hover-effect-static filter-none mask mask-none\" src=\"https:\/\/kempeleenkiri.fi\/hiihto\/wp-content\/uploads\/2024\/07\/sport-korpela-logo-e1720957984387.png\" alt=\"\" height=\"70\" width=\"363\"\/><\/figure>\n\n\n\n<figure class=\"blockart-image blockart-image-ddc6b1c9\"><img loading=\"lazy\" decoding=\"async\" width=\"1157\" height=\"310\" class=\"wp-image-1460 hover-effect-static filter-none mask mask-none\" src=\"https:\/\/kempeleenkiri.fi\/hiihto\/wp-content\/uploads\/2025\/02\/ksuper.png\" alt=\"\" srcset=\"https:\/\/kempeleenkiri.fi\/hiihto\/wp-content\/uploads\/2025\/02\/ksuper.png 1157w, https:\/\/kempeleenkiri.fi\/hiihto\/wp-content\/uploads\/2025\/02\/ksuper-300x80.png 300w, https:\/\/kempeleenkiri.fi\/hiihto\/wp-content\/uploads\/2025\/02\/ksuper-1024x274.png 1024w, https:\/\/kempeleenkiri.fi\/hiihto\/wp-content\/uploads\/2025\/02\/ksuper-768x206.png 768w\" sizes=\"auto, (max-width: 1157px) 100vw, 1157px\" \/><\/figure>\n<\/div>\n<\/li>\n<\/ul><\/div><div class=\"splide__arrows\"><div role=\"button\" tabindex=\"0\" class=\"splide__arrow splide__arrow--prev\"><svg xmlns=\"http:\/\/www.w3.org\/2000\/svg\" viewBox=\"0 0 40 40\" width=\"40\" height=\"40\" focusable=\"false\"><path d=\"m15.5 0.932-4.3 4.38 14.5 14.6-14.5 14.5 4.3 4.4 14.6-14.6 4.4-4.3-4.4-4.4-14.6-14.6z\"><\/path><\/svg><\/div><div role=\"button\" tabindex=\"0\" class=\"splide__arrow splide__arrow--next\"><svg xmlns=\"http:\/\/www.w3.org\/2000\/svg\" viewBox=\"0 0 40 40\" width=\"40\" height=\"40\" focusable=\"false\"><path d=\"m15.5 0.932-4.3 4.38 14.5 14.6-14.5 14.5 4.3 4.4 14.6-14.6 4.4-4.3-4.4-4.4-14.6-14.6z\"><\/path><\/svg><\/div><\/div><\/div><\/div>\n<\/div>\n<\/div><\/div>\n<\/div><\/div><\/div>\n\n\n\n<div class=\"blockart-section blockart-section-209b041b\"><div class=\"blockart-container\"><div class=\"blockart-section-inner\">\n<div class=\"blockart-column blockart-column-69c47a6f\"><div class=\"blockart-column-inner\">\n<div class=\"blockart-section blockart-section-5090d125\"><div class=\"blockart-container\"><div class=\"blockart-section-inner\">\n<div class=\"blockart-column blockart-column-3d57ad59\"><div class=\"blockart-column-inner\"><\/div><\/div>\n<\/div><\/div><\/div>\n<\/div><\/div>\n<\/div><\/div><\/div>\n","protected":false},"excerpt":{"rendered":"","protected":false},"author":2,"featured_media":0,"parent":0,"menu_order":0,"comment_status":"open","ping_status":"closed","template":"page-templates\/pagebuilder.php","meta":{"_monsterinsights_skip_tracking":false,"_monsterinsights_sitenote_active":false,"_monsterinsights_sitenote_note":"","_monsterinsights_sitenote_category":0,"footnotes":""},"class_list":["post-1079","page","type-page","status-publish","hentry"],"yoast_head":"<!-- This site is optimized with the Yoast SEO plugin v27.3 - https:\/\/yoast.com\/product\/yoast-seo-wordpress\/ -->\n<title>Etusivu - Kempeleen Kiri<\/title>\n<meta name=\"robots\" content=\"index, follow, max-snippet:-1, max-image-preview:large, max-video-preview:-1\" \/>\n<link rel=\"canonical\" href=\"https:\/\/kempeleenkiri.fi\/hiihto\/\" \/>\n<meta property=\"og:locale\" content=\"fi_FI\" \/>\n<meta property=\"og:type\" content=\"article\" \/>\n<meta property=\"og:title\" content=\"Etusivu - Kempeleen Kiri\" \/>\n<meta property=\"og:url\" content=\"https:\/\/kempeleenkiri.fi\/hiihto\/\" \/>\n<meta property=\"og:site_name\" content=\"Kempeleen Kiri\" \/>\n<meta property=\"article:modified_time\" content=\"2026-03-06T13:25:55+00:00\" \/>\n<meta property=\"og:image\" content=\"https:\/\/kempeleenkiri.fi\/hiihto\/wp-content\/uploads\/2024\/04\/hiihtokoulu.jpg\" \/>\n\t<meta property=\"og:image:width\" content=\"292\" \/>\n\t<meta property=\"og:image:height\" content=\"173\" \/>\n\t<meta property=\"og:image:type\" content=\"image\/jpeg\" \/>\n<meta name=\"twitter:card\" content=\"summary_large_image\" \/>\n<meta name=\"twitter:label1\" content=\"Arvioitu lukuaika\" \/>\n\t<meta name=\"twitter:data1\" content=\"2 minuuttia\" \/>\n<script type=\"application\/ld+json\" class=\"yoast-schema-graph\">{\"@context\":\"https:\\\/\\\/schema.org\",\"@graph\":[{\"@type\":\"WebPage\",\"@id\":\"https:\\\/\\\/kempeleenkiri.fi\\\/hiihto\\\/\",\"url\":\"https:\\\/\\\/kempeleenkiri.fi\\\/hiihto\\\/\",\"name\":\"Etusivu - Kempeleen Kiri\",\"isPartOf\":{\"@id\":\"https:\\\/\\\/kempeleenkiri.fi\\\/hiihto\\\/#website\"},\"primaryImageOfPage\":{\"@id\":\"https:\\\/\\\/kempeleenkiri.fi\\\/hiihto\\\/#primaryimage\"},\"image\":{\"@id\":\"https:\\\/\\\/kempeleenkiri.fi\\\/hiihto\\\/#primaryimage\"},\"thumbnailUrl\":\"https:\\\/\\\/kempeleenkiri.fi\\\/hiihto\\\/wp-content\\\/uploads\\\/2024\\\/04\\\/hiihtokoulu.jpg\",\"datePublished\":\"2015-07-29T13:44:44+00:00\",\"dateModified\":\"2026-03-06T13:25:55+00:00\",\"breadcrumb\":{\"@id\":\"https:\\\/\\\/kempeleenkiri.fi\\\/hiihto\\\/#breadcrumb\"},\"inLanguage\":\"fi\",\"potentialAction\":[{\"@type\":\"ReadAction\",\"target\":[\"https:\\\/\\\/kempeleenkiri.fi\\\/hiihto\\\/\"]}]},{\"@type\":\"ImageObject\",\"inLanguage\":\"fi\",\"@id\":\"https:\\\/\\\/kempeleenkiri.fi\\\/hiihto\\\/#primaryimage\",\"url\":\"https:\\\/\\\/kempeleenkiri.fi\\\/hiihto\\\/wp-content\\\/uploads\\\/2024\\\/04\\\/hiihtokoulu.jpg\",\"contentUrl\":\"https:\\\/\\\/kempeleenkiri.fi\\\/hiihto\\\/wp-content\\\/uploads\\\/2024\\\/04\\\/hiihtokoulu.jpg\",\"width\":292,\"height\":173},{\"@type\":\"BreadcrumbList\",\"@id\":\"https:\\\/\\\/kempeleenkiri.fi\\\/hiihto\\\/#breadcrumb\",\"itemListElement\":[{\"@type\":\"ListItem\",\"position\":1,\"name\":\"Etusivu\",\"item\":\"https:\\\/\\\/kempeleenkiri.fi\\\/hiihto\\\/\"},{\"@type\":\"ListItem\",\"position\":2,\"name\":\"Etusivu\"}]},{\"@type\":\"WebSite\",\"@id\":\"https:\\\/\\\/kempeleenkiri.fi\\\/hiihto\\\/#website\",\"url\":\"https:\\\/\\\/kempeleenkiri.fi\\\/hiihto\\\/\",\"name\":\"Kempeleen Kiri\",\"description\":\"\",\"publisher\":{\"@id\":\"https:\\\/\\\/kempeleenkiri.fi\\\/hiihto\\\/#organization\"},\"potentialAction\":[{\"@type\":\"SearchAction\",\"target\":{\"@type\":\"EntryPoint\",\"urlTemplate\":\"https:\\\/\\\/kempeleenkiri.fi\\\/hiihto\\\/?s={search_term_string}\"},\"query-input\":{\"@type\":\"PropertyValueSpecification\",\"valueRequired\":true,\"valueName\":\"search_term_string\"}}],\"inLanguage\":\"fi\"},{\"@type\":\"Organization\",\"@id\":\"https:\\\/\\\/kempeleenkiri.fi\\\/hiihto\\\/#organization\",\"name\":\"Kempeleen Kiri\",\"url\":\"https:\\\/\\\/kempeleenkiri.fi\\\/hiihto\\\/\",\"logo\":{\"@type\":\"ImageObject\",\"inLanguage\":\"fi\",\"@id\":\"https:\\\/\\\/kempeleenkiri.fi\\\/hiihto\\\/#\\\/schema\\\/logo\\\/image\\\/\",\"url\":\"https:\\\/\\\/kempeleenkiri.fi\\\/hiihto\\\/wp-content\\\/uploads\\\/2024\\\/04\\\/cropped-KEKI-LOGO.png\",\"contentUrl\":\"https:\\\/\\\/kempeleenkiri.fi\\\/hiihto\\\/wp-content\\\/uploads\\\/2024\\\/04\\\/cropped-KEKI-LOGO.png\",\"width\":125,\"height\":136,\"caption\":\"Kempeleen Kiri\"},\"image\":{\"@id\":\"https:\\\/\\\/kempeleenkiri.fi\\\/hiihto\\\/#\\\/schema\\\/logo\\\/image\\\/\"}}]}<\/script>\n<!-- \/ Yoast SEO plugin. -->","yoast_head_json":{"title":"Etusivu - Kempeleen Kiri","robots":{"index":"index","follow":"follow","max-snippet":"max-snippet:-1","max-image-preview":"max-image-preview:large","max-video-preview":"max-video-preview:-1"},"canonical":"https:\/\/kempeleenkiri.fi\/hiihto\/","og_locale":"fi_FI","og_type":"article","og_title":"Etusivu - Kempeleen Kiri","og_url":"https:\/\/kempeleenkiri.fi\/hiihto\/","og_site_name":"Kempeleen Kiri","article_modified_time":"2026-03-06T13:25:55+00:00","og_image":[{"width":292,"height":173,"url":"https:\/\/kempeleenkiri.fi\/hiihto\/wp-content\/uploads\/2024\/04\/hiihtokoulu.jpg","type":"image\/jpeg"}],"twitter_card":"summary_large_image","twitter_misc":{"Arvioitu lukuaika":"2 minuuttia"},"schema":{"@context":"https:\/\/schema.org","@graph":[{"@type":"WebPage","@id":"https:\/\/kempeleenkiri.fi\/hiihto\/","url":"https:\/\/kempeleenkiri.fi\/hiihto\/","name":"Etusivu - Kempeleen Kiri","isPartOf":{"@id":"https:\/\/kempeleenkiri.fi\/hiihto\/#website"},"primaryImageOfPage":{"@id":"https:\/\/kempeleenkiri.fi\/hiihto\/#primaryimage"},"image":{"@id":"https:\/\/kempeleenkiri.fi\/hiihto\/#primaryimage"},"thumbnailUrl":"https:\/\/kempeleenkiri.fi\/hiihto\/wp-content\/uploads\/2024\/04\/hiihtokoulu.jpg","datePublished":"2015-07-29T13:44:44+00:00","dateModified":"2026-03-06T13:25:55+00:00","breadcrumb":{"@id":"https:\/\/kempeleenkiri.fi\/hiihto\/#breadcrumb"},"inLanguage":"fi","potentialAction":[{"@type":"ReadAction","target":["https:\/\/kempeleenkiri.fi\/hiihto\/"]}]},{"@type":"ImageObject","inLanguage":"fi","@id":"https:\/\/kempeleenkiri.fi\/hiihto\/#primaryimage","url":"https:\/\/kempeleenkiri.fi\/hiihto\/wp-content\/uploads\/2024\/04\/hiihtokoulu.jpg","contentUrl":"https:\/\/kempeleenkiri.fi\/hiihto\/wp-content\/uploads\/2024\/04\/hiihtokoulu.jpg","width":292,"height":173},{"@type":"BreadcrumbList","@id":"https:\/\/kempeleenkiri.fi\/hiihto\/#breadcrumb","itemListElement":[{"@type":"ListItem","position":1,"name":"Etusivu","item":"https:\/\/kempeleenkiri.fi\/hiihto\/"},{"@type":"ListItem","position":2,"name":"Etusivu"}]},{"@type":"WebSite","@id":"https:\/\/kempeleenkiri.fi\/hiihto\/#website","url":"https:\/\/kempeleenkiri.fi\/hiihto\/","name":"Kempeleen Kiri","description":"","publisher":{"@id":"https:\/\/kempeleenkiri.fi\/hiihto\/#organization"},"potentialAction":[{"@type":"SearchAction","target":{"@type":"EntryPoint","urlTemplate":"https:\/\/kempeleenkiri.fi\/hiihto\/?s={search_term_string}"},"query-input":{"@type":"PropertyValueSpecification","valueRequired":true,"valueName":"search_term_string"}}],"inLanguage":"fi"},{"@type":"Organization","@id":"https:\/\/kempeleenkiri.fi\/hiihto\/#organization","name":"Kempeleen Kiri","url":"https:\/\/kempeleenkiri.fi\/hiihto\/","logo":{"@type":"ImageObject","inLanguage":"fi","@id":"https:\/\/kempeleenkiri.fi\/hiihto\/#\/schema\/logo\/image\/","url":"https:\/\/kempeleenkiri.fi\/hiihto\/wp-content\/uploads\/2024\/04\/cropped-KEKI-LOGO.png","contentUrl":"https:\/\/kempeleenkiri.fi\/hiihto\/wp-content\/uploads\/2024\/04\/cropped-KEKI-LOGO.png","width":125,"height":136,"caption":"Kempeleen Kiri"},"image":{"@id":"https:\/\/kempeleenkiri.fi\/hiihto\/#\/schema\/logo\/image\/"}}]}},"_links":{"self":[{"href":"https:\/\/kempeleenkiri.fi\/hiihto\/wp-json\/wp\/v2\/pages\/1079","targetHints":{"allow":["GET"]}}],"collection":[{"href":"https:\/\/kempeleenkiri.fi\/hiihto\/wp-json\/wp\/v2\/pages"}],"about":[{"href":"https:\/\/kempeleenkiri.fi\/hiihto\/wp-json\/wp\/v2\/types\/page"}],"author":[{"embeddable":true,"href":"https:\/\/kempeleenkiri.fi\/hiihto\/wp-json\/wp\/v2\/users\/2"}],"replies":[{"embeddable":true,"href":"https:\/\/kempeleenkiri.fi\/hiihto\/wp-json\/wp\/v2\/comments?post=1079"}],"version-history":[{"count":29,"href":"https:\/\/kempeleenkiri.fi\/hiihto\/wp-json\/wp\/v2\/pages\/1079\/revisions"}],"predecessor-version":[{"id":1488,"href":"https:\/\/kempeleenkiri.fi\/hiihto\/wp-json\/wp\/v2\/pages\/1079\/revisions\/1488"}],"wp:attachment":[{"href":"https:\/\/kempeleenkiri.fi\/hiihto\/wp-json\/wp\/v2\/media?parent=1079"}],"curies":[{"name":"wp","href":"https:\/\/api.w.org\/{rel}","templated":true}]}}